{"id":153,"date":"2016-03-24T16:49:30","date_gmt":"2016-03-24T15:49:30","guid":{"rendered":"http:\/\/sudafrica.evolutiontravel.it\/infovacanze\/?page_id=153"},"modified":"2018-09-27T09:34:46","modified_gmt":"2018-09-27T07:34:46","slug":"mappa-geografica","status":"publish","type":"page","link":"https:\/\/sudafrica.evolutiontravel.it\/infovacanze\/utilita\/mappa-geografica\/","title":{"rendered":"Cartina Sudafrica e citt\u00e0 principali"},"content":{"rendered":"<p>Come mostra <strong>la mappa<\/strong> qui sotto riportatail <strong>Sudafrica,<\/strong> o meglio la <strong>Repubblica Sudafricana<\/strong>, \u00e8 lo stato pi\u00f9 meridionale del continente, uno degli stati pi\u00f9 multiculturali al mondo e con tre citt\u00e0 come capitali ufficiali: <strong>Pretoria, Citt\u00e0 del Capo <\/strong>e<strong> Bloemfontein<\/strong>.<\/p>\n<p>Guardando <strong>i confini geografici<\/strong>, confina a <strong>nord con la Namibia, il Botswana e lo Zimbabwe<\/strong> e a <strong>nord-est con il Mozambico e lo Swaziland e <\/strong>all&#8217;interno include un piccolo stato,<strong> Lesotho.<\/strong><\/p>\n<p style=\"text-align: justify\">La nazione, bagnata ad est dall<strong>&#8216;Oceano Indiano<\/strong> e ad ovest dalle acque dell&#8217;<strong>Atlantico<\/strong>, si presenta prevalentemente <strong>montuosa e ricca di altipiani<\/strong> che fanno parte dell&#8217;Alto Veld mentre a sud-ovest c&#8217;\u00e8 il massiccio chiamato <strong>Table Mountain<\/strong>.<\/p>\n<p style=\"text-align: justify\">In Sudafrica non mancano <a title=\"fiumi sudafrica\" href=\"https:\/\/sudafrica.evolutiontravel.it\/infovacanze\/natura\/idrologia\/\"><strong>diversi corsi d&#8217;acqua e fiumi<\/strong><\/a>, come il <strong>fiume Orange lungo 1860 km<\/strong>, e numerosi <strong><a title=\"\u00e8archi nazionali\" href=\"https:\/\/sudafrica.evolutiontravel.it\/infovacanze\/itinerari\/parchi\/\"><u>parchi nazionali e riserve naturali<\/u><\/a><\/strong>.<\/p>\n<h2>Citt\u00e0 principali del Sudafrica<\/h2>\n<ul>\n<li style=\"text-align: justify\"><a title=\"citt\u00e0 del capo\" href=\"https:\/\/sudafrica.evolutiontravel.it\/infovacanze\/destinazioni\/citta-del-capo\/\"><u>La capitale Citt\u00e0 del Capo<\/u><\/a><strong>, <\/strong>nella parte sud-ovest del paese, nei pressi del famoso <a title=\"capo di buona speranza\" href=\"https:\/\/sudafrica.evolutiontravel.it\/infovacanze\/destinazioni\/capo-buona-speranza\/\"><u>Capo di Buona Speranza<\/u><\/a>.<\/li>\n<li style=\"text-align: justify\"><strong>Bloemfontein<\/strong> nella regione del Free State.<\/li>\n<li style=\"text-align: justify\"><a title=\"durban\" href=\"https:\/\/sudafrica.evolutiontravel.it\/infovacanze\/destinazioni\/durban\/\"><strong><u>Durban<\/u><\/strong><\/a> si affaccia sulla costa orientale dell&#8217;Oceano Pacifico.<\/li>\n<li style=\"text-align: justify\">Non molto distante ed un po&#8217; pi\u00f9 a nord di Bloemfontein si trova l&#8217;altra capitale <strong>Pretoria<\/strong>, la quale fa parte del Gauteng.<\/li>\n<li style=\"text-align: justify\"><strong>East London e Port Elizabeth<\/strong> si trovano relativamente vicine a sud-est del paese e sono entrambe citt\u00e0 costiere.<\/li>\n<li style=\"text-align: justify\"><strong>Messina,<\/strong> curiosamente omonima della citt\u00e0 siciliana, si trova nella parte pi\u00f9 nord-orientale del paese, al confine con lo Zimbabwe. Il centro deve il suo nome alla trib\u00f9 locale dei Musina.<\/li>\n<\/ul>\n<p><strong>Clicca sulla cartina<\/strong> qui sotto riportata per vedere l&#8217;immagine pi\u00f9 grande e salvala sul tuo pc in modo da poterla guardare con calma e scegliere il percorso che preferisi anche con l&#8217;aiuto di un nostro consulente viaggi.<\/p>\n<p><a href=\"https:\/\/sudafrica.evolutiontravel.it\/infovacanze\/wp-content\/uploads\/sites\/28\/2018\/09\/cartina-sudafrica.png\"><img loading=\"lazy\" decoding=\"async\" class=\"aligncenter wp-image-602\" src=\"https:\/\/sudafrica.evolutiontravel.it\/infovacanze\/wp-content\/uploads\/sites\/28\/2018\/09\/cartina-sudafrica-300x300.png\" alt=\"cartina del sudafrica\" width=\"400\" height=\"400\" srcset=\"https:\/\/sudafrica.evolutiontravel.it\/infovacanze\/wp-content\/uploads\/sites\/28\/2018\/09\/cartina-sudafrica-300x300.png 300w, https:\/\/sudafrica.evolutiontravel.it\/infovacanze\/wp-content\/uploads\/sites\/28\/2018\/09\/cartina-sudafrica-150x150.png 150w, https:\/\/sudafrica.evolutiontravel.it\/infovacanze\/wp-content\/uploads\/sites\/28\/2018\/09\/cartina-sudafrica-64x64.png 64w, https:\/\/sudafrica.evolutiontravel.it\/infovacanze\/wp-content\/uploads\/sites\/28\/2018\/09\/cartina-sudafrica.png 600w\" sizes=\"(max-width: 400px) 100vw, 400px\" \/><\/a><\/p>\n<h3 style=\"text-align: center\">SPECIALE SUDAFRICA con Evolution Travel<\/h3>\n<p style=\"text-align: center\"><strong><span style=\"color: #008000\">IMPERDIBILI OFFERTE<\/span><\/strong> per le tue vacanze nella Nazione Arcobaleno<\/p>\n<p style=\"text-align: center\">Programma, foto, recensioni, itinerari e servizi inclusi: <strong><span style=\"color: #008000\">CLICCA E SCOPRI TUTO SUBITO<\/span><\/strong>!<strong>\u00a0<\/strong><\/p>\n<div class=\"feedzy-ebfaa266c115d8a9ce404e31e4a9ae2f feedzy-rss\">\n\t\t<ul class=\"feedzy-style2\">\n\t\t\t\t\t<li  style=\"padding: 23px 0 38px\" class=\"rss_item feedzy-rss-col-3\" >\n\t\t\t\t\t\t\t\t\t<div class=\"rss_image\" style=\"width:225px; height:225px;\">\n\t\t\t\t\t\t<a href=\"https:\/\/sudafrica.evolutiontravel.it\/it_IT\/893\/tab\/39396_kruger-e-cape-town.html\" target=\"_blank\" \n\t\t\t\t\t\t\trel=\"noopener \"\n\t\t\t\t\t\t\ttitle=\"Kruger e Cape Town\"\n\t\t\t\t\t\t\tstyle=\"width:225px; height:225px;\">\n\t\t\t\t\t\t\t<span class=\"fetched\" style=\"background-image:  url('http:\/\/etcdn.net\/thumbnails\/27782\/it-cape-town-fly-and-drive-in-tour-nella-regione-del-capo-70381.jpg');\" title=\"Kruger e Cape Town\"><\/span><amp-img width=\"225\" height=\"225\" src=\"http:\/\/etcdn.net\/thumbnails\/27782\/it-cape-town-fly-and-drive-in-tour-nella-regione-del-capo-70381.jpg\">\t\t\t\t\t\t<\/a>\n\t\t\t\t\t<\/div>\n\t\t\t\t\t\t\t\t<div class=\"rss_content_wrap\">\n\t\t\t\t\t<span class=\"title\">\n\t\t\t\t\t\t<a href=\"https:\/\/sudafrica.evolutiontravel.it\/it_IT\/893\/tab\/39396_kruger-e-cape-town.html\" target=\"_blank\"  rel=\"noopener \">\n\t\t\t\t\t\t\tKruger e Cape Town\t\t\t\t\t\t<\/a>\n\t\t\t\t\t<\/span>\n\t\t\t\t\t<div class=\"rss_content\"\n\t\t\t\t\t\t\tstyle=\"\">\n\t\t\t\t\t\t\n\t\t\t\t\t\t\t\t\t\t\t\t<p class=\"description\">un classico tour che abbina il safari nel parco con la visita del capo<\/p>\n\t\t\t\t\t\t\n\t\t\t\t\t\t\t\t\t\t\t\t\t\t\t\t\t\t\t<div class=\"price-wrap\">\n\t\t\t\t\t\t\t\t<a href=\"https:\/\/sudafrica.evolutiontravel.it\/it_IT\/893\/tab\/39396_kruger-e-cape-town.html\" target=\"_blank\" rel=\"noopener\"><button class=\"price\"> 2500<\/button><\/a>\n\t\t\t\t\t\t\t<\/div>\n\t\t\t\t\t\t\t\t\t\t\t<\/div>\n\t\t\t\t<\/div>\n\t\t\t<\/li>\n\t\t\t\t\t\t<li  style=\"padding: 23px 0 38px\" class=\"rss_item feedzy-rss-col-3\" >\n\t\t\t\t\t\t\t\t\t<div class=\"rss_image\" style=\"width:225px; height:225px;\">\n\t\t\t\t\t\t<a href=\"https:\/\/sudafrica.evolutiontravel.it\/it_IT\/893\/tab\/32685_tutti-i-colori-della-nazione-arcobaleno-e-seychelles.html\" target=\"_blank\" \n\t\t\t\t\t\t\trel=\"noopener \"\n\t\t\t\t\t\t\ttitle=\"Tutti i colori della Nazione Arcobaleno e Seychelles\"\n\t\t\t\t\t\t\tstyle=\"width:225px; height:225px;\">\n\t\t\t\t\t\t\t<span class=\"fetched\" style=\"background-image:  url('http:\/\/etcdn.net\/thumbnails\/32685\/it-cape-town-tutti-i-colori-della-nazione-arcobaleno-e-seychelles-703b4.jpg');\" title=\"Tutti i colori della Nazione Arcobaleno e Seychelles\"><\/span><amp-img width=\"225\" height=\"225\" src=\"http:\/\/etcdn.net\/thumbnails\/32685\/it-cape-town-tutti-i-colori-della-nazione-arcobaleno-e-seychelles-703b4.jpg\">\t\t\t\t\t\t<\/a>\n\t\t\t\t\t<\/div>\n\t\t\t\t\t\t\t\t<div class=\"rss_content_wrap\">\n\t\t\t\t\t<span class=\"title\">\n\t\t\t\t\t\t<a href=\"https:\/\/sudafrica.evolutiontravel.it\/it_IT\/893\/tab\/32685_tutti-i-colori-della-nazione-arcobaleno-e-seychelles.html\" target=\"_blank\"  rel=\"noopener \">\n\t\t\t\t\t\t\tTutti i colori della Nazione Arcobaleno e Seychelles\t\t\t\t\t\t<\/a>\n\t\t\t\t\t<\/span>\n\t\t\t\t\t<div class=\"rss_content\"\n\t\t\t\t\t\t\tstyle=\"\">\n\t\t\t\t\t\t\n\t\t\t\t\t\t\t\t\t\t\t\t<p class=\"description\">Una combinazione tra le pi\u00f9 gradite e apprezzate. Dai colori ai profumi, dagli spazi immensi ricchi di terra, animali, [&hellip;]<\/p>\n\t\t\t\t\t\t\n\t\t\t\t\t\t\t\t\t\t\t\t\t\t\t\t\t\t\t<div class=\"price-wrap\">\n\t\t\t\t\t\t\t\t<a href=\"https:\/\/sudafrica.evolutiontravel.it\/it_IT\/893\/tab\/32685_tutti-i-colori-della-nazione-arcobaleno-e-seychelles.html\" target=\"_blank\" rel=\"noopener\"><button class=\"price\"> 3800<\/button><\/a>\n\t\t\t\t\t\t\t<\/div>\n\t\t\t\t\t\t\t\t\t\t\t<\/div>\n\t\t\t\t<\/div>\n\t\t\t<\/li>\n\t\t\t\t\t\t<li  style=\"padding: 23px 0 38px\" class=\"rss_item feedzy-rss-col-3\" >\n\t\t\t\t\t\t\t\t\t<div class=\"rss_image\" style=\"width:225px; height:225px;\">\n\t\t\t\t\t\t<a href=\"https:\/\/sudafrica.evolutiontravel.it\/it_IT\/893\/tab\/39400_safari-di-lusso-kruger-area.html\" target=\"_blank\" \n\t\t\t\t\t\t\trel=\"noopener \"\n\t\t\t\t\t\t\ttitle=\"Safari di Lusso - Kruger area\"\n\t\t\t\t\t\t\tstyle=\"width:225px; height:225px;\">\n\t\t\t\t\t\t\t<span class=\"fetched\" style=\"background-image:  url('http:\/\/etcdn.net\/thumbnails\/28766\/it-cape-town-south-africa-per-tutti-56708.jpg');\" title=\"Safari di Lusso - Kruger area\"><\/span><amp-img width=\"225\" height=\"225\" src=\"http:\/\/etcdn.net\/thumbnails\/28766\/it-cape-town-south-africa-per-tutti-56708.jpg\">\t\t\t\t\t\t<\/a>\n\t\t\t\t\t<\/div>\n\t\t\t\t\t\t\t\t<div class=\"rss_content_wrap\">\n\t\t\t\t\t<span class=\"title\">\n\t\t\t\t\t\t<a href=\"https:\/\/sudafrica.evolutiontravel.it\/it_IT\/893\/tab\/39400_safari-di-lusso-kruger-area.html\" target=\"_blank\"  rel=\"noopener \">\n\t\t\t\t\t\t\tSafari di Lusso - Kruger area\t\t\t\t\t\t<\/a>\n\t\t\t\t\t<\/span>\n\t\t\t\t\t<div class=\"rss_content\"\n\t\t\t\t\t\t\tstyle=\"\">\n\t\t\t\t\t\t\n\t\t\t\t\t\t\t\t\t\t\t\t<p class=\"description\">Un viaggio indimenticabile, totalmente dedicato a chi ama il lusso e non vuole lasciare nulla al caso. Vi troverete a contatto [&hellip;]<\/p>\n\t\t\t\t\t\t\n\t\t\t\t\t\t\t\t\t\t\t\t\t\t\t\t\t\t\t<div class=\"price-wrap\">\n\t\t\t\t\t\t\t\t<a href=\"https:\/\/sudafrica.evolutiontravel.it\/it_IT\/893\/tab\/39400_safari-di-lusso-kruger-area.html\" target=\"_blank\" rel=\"noopener\"><button class=\"price\"> 2000<\/button><\/a>\n\t\t\t\t\t\t\t<\/div>\n\t\t\t\t\t\t\t\t\t\t\t<\/div>\n\t\t\t\t<\/div>\n\t\t\t<\/li>\n\t\t\t\t\t\t<li  style=\"padding: 23px 0 38px\" class=\"rss_item feedzy-rss-col-3\" >\n\t\t\t\t\t\t\t\t\t<div class=\"rss_image\" style=\"width:225px; height:225px;\">\n\t\t\t\t\t\t<a href=\"https:\/\/sudafrica.evolutiontravel.it\/it_IT\/893\/tab\/39507_safari-di-lusso-kruger-area-e-mozambico.html\" target=\"_blank\" \n\t\t\t\t\t\t\trel=\"noopener \"\n\t\t\t\t\t\t\ttitle=\"Safari di Lusso - Kruger area e mozambico\"\n\t\t\t\t\t\t\tstyle=\"width:225px; height:225px;\">\n\t\t\t\t\t\t\t<span class=\"fetched\" style=\"background-image:  url('http:\/\/etcdn.net\/thumbnails\/28766\/it-cape-town-south-africa-per-tutti-56708.jpg');\" title=\"Safari di Lusso - Kruger area e mozambico\"><\/span><amp-img width=\"225\" height=\"225\" src=\"http:\/\/etcdn.net\/thumbnails\/28766\/it-cape-town-south-africa-per-tutti-56708.jpg\">\t\t\t\t\t\t<\/a>\n\t\t\t\t\t<\/div>\n\t\t\t\t\t\t\t\t<div class=\"rss_content_wrap\">\n\t\t\t\t\t<span class=\"title\">\n\t\t\t\t\t\t<a href=\"https:\/\/sudafrica.evolutiontravel.it\/it_IT\/893\/tab\/39507_safari-di-lusso-kruger-area-e-mozambico.html\" target=\"_blank\"  rel=\"noopener \">\n\t\t\t\t\t\t\tSafari di Lusso - Kruger area e mozambico\t\t\t\t\t\t<\/a>\n\t\t\t\t\t<\/span>\n\t\t\t\t\t<div class=\"rss_content\"\n\t\t\t\t\t\t\tstyle=\"\">\n\t\t\t\t\t\t\n\t\t\t\t\t\t\t\t\t\t\t\t<p class=\"description\">Un viaggio indimenticabile, totalmente dedicato a chi ama il lusso e non vuole lasciare nulla al caso. Vi troverete a contatto [&hellip;]<\/p>\n\t\t\t\t\t\t\n\t\t\t\t\t\t\t\t\t\t\t\t\t\t\t\t\t\t\t<div class=\"price-wrap\">\n\t\t\t\t\t\t\t\t<a href=\"https:\/\/sudafrica.evolutiontravel.it\/it_IT\/893\/tab\/39507_safari-di-lusso-kruger-area-e-mozambico.html\" target=\"_blank\" rel=\"noopener\"><button class=\"price\"> 5200<\/button><\/a>\n\t\t\t\t\t\t\t<\/div>\n\t\t\t\t\t\t\t\t\t\t\t<\/div>\n\t\t\t\t<\/div>\n\t\t\t<\/li>\n\t\t\t\t\t\t<li  style=\"padding: 23px 0 38px\" class=\"rss_item feedzy-rss-col-3\" >\n\t\t\t\t\t\t\t\t\t<div class=\"rss_image\" style=\"width:225px; height:225px;\">\n\t\t\t\t\t\t<a href=\"https:\/\/sudafrica.evolutiontravel.it\/it_IT\/893\/tab\/39509_safari-al-kruger-mpumalanga-e-mare.html\" target=\"_blank\" \n\t\t\t\t\t\t\trel=\"noopener \"\n\t\t\t\t\t\t\ttitle=\"Safari al kruger, mpumalanga e mare\"\n\t\t\t\t\t\t\tstyle=\"width:225px; height:225px;\">\n\t\t\t\t\t\t\t<span class=\"fetched\" style=\"background-image:  url('http:\/\/etcdn.net\/thumbnails\/27481\/it-johannesburg-meravigliosamente-nazione-arcobaleno-70314.jpg');\" title=\"Safari al kruger, mpumalanga e mare\"><\/span><amp-img width=\"225\" height=\"225\" src=\"http:\/\/etcdn.net\/thumbnails\/27481\/it-johannesburg-meravigliosamente-nazione-arcobaleno-70314.jpg\">\t\t\t\t\t\t<\/a>\n\t\t\t\t\t<\/div>\n\t\t\t\t\t\t\t\t<div class=\"rss_content_wrap\">\n\t\t\t\t\t<span class=\"title\">\n\t\t\t\t\t\t<a href=\"https:\/\/sudafrica.evolutiontravel.it\/it_IT\/893\/tab\/39509_safari-al-kruger-mpumalanga-e-mare.html\" target=\"_blank\"  rel=\"noopener \">\n\t\t\t\t\t\t\tSafari al kruger, mpumalanga e mare\t\t\t\t\t\t<\/a>\n\t\t\t\t\t<\/span>\n\t\t\t\t\t<div class=\"rss_content\"\n\t\t\t\t\t\t\tstyle=\"\">\n\t\t\t\t\t\t\n\t\t\t\t\t\t\t\t\t\t\t\t<p class=\"description\">Un itinerario di viaggio dedicato a chi desidera un contatto diretto con la natura ed effettuare emozionanti foto-safari nel [&hellip;]<\/p>\n\t\t\t\t\t\t\n\t\t\t\t\t\t\t\t\t\t\t\t\t\t\t\t\t\t\t<div class=\"price-wrap\">\n\t\t\t\t\t\t\t\t<a href=\"https:\/\/sudafrica.evolutiontravel.it\/it_IT\/893\/tab\/39509_safari-al-kruger-mpumalanga-e-mare.html\" target=\"_blank\" rel=\"noopener\"><button class=\"price\"> 3550<\/button><\/a>\n\t\t\t\t\t\t\t<\/div>\n\t\t\t\t\t\t\t\t\t\t\t<\/div>\n\t\t\t\t<\/div>\n\t\t\t<\/li>\n\t\t\t\t\t\t<li  style=\"padding: 23px 0 38px\" class=\"rss_item feedzy-rss-col-3\" >\n\t\t\t\t\t\t\t\t\t<div class=\"rss_image\" style=\"width:225px; height:225px;\">\n\t\t\t\t\t\t<a href=\"https:\/\/sudafrica.evolutiontravel.it\/it_IT\/893\/tab\/39389_self-drive-nella-regione-del-capo-e-garden-route.html\" target=\"_blank\" \n\t\t\t\t\t\t\trel=\"noopener \"\n\t\t\t\t\t\t\ttitle=\"Self drive nella Regione del Capo e garden route\"\n\t\t\t\t\t\t\tstyle=\"width:225px; height:225px;\">\n\t\t\t\t\t\t\t<span class=\"fetched\" style=\"background-image:  url('http:\/\/etcdn.net\/thumbnails\/27782\/it-cape-town-fly-and-drive-in-tour-nella-regione-del-capo-70382.jpg');\" title=\"Self drive nella Regione del Capo e garden route\"><\/span><amp-img width=\"225\" height=\"225\" src=\"http:\/\/etcdn.net\/thumbnails\/27782\/it-cape-town-fly-and-drive-in-tour-nella-regione-del-capo-70382.jpg\">\t\t\t\t\t\t<\/a>\n\t\t\t\t\t<\/div>\n\t\t\t\t\t\t\t\t<div class=\"rss_content_wrap\">\n\t\t\t\t\t<span class=\"title\">\n\t\t\t\t\t\t<a href=\"https:\/\/sudafrica.evolutiontravel.it\/it_IT\/893\/tab\/39389_self-drive-nella-regione-del-capo-e-garden-route.html\" target=\"_blank\"  rel=\"noopener \">\n\t\t\t\t\t\t\tSelf drive nella Regione del Capo e garden route\t\t\t\t\t\t<\/a>\n\t\t\t\t\t<\/span>\n\t\t\t\t\t<div class=\"rss_content\"\n\t\t\t\t\t\t\tstyle=\"\">\n\t\t\t\t\t\t\n\t\t\t\t\t\t\t\t\t\t\t\t<p class=\"description\">Lasciatevi accogliere dall'anima viva e dallo spettacolo di un paese straordinario: i suoni, la natura, il soffio del vento e le [&hellip;]<\/p>\n\t\t\t\t\t\t\n\t\t\t\t\t\t\t\t\t\t\t\t\t\t\t\t\t\t\t<div class=\"price-wrap\">\n\t\t\t\t\t\t\t\t<a href=\"https:\/\/sudafrica.evolutiontravel.it\/it_IT\/893\/tab\/39389_self-drive-nella-regione-del-capo-e-garden-route.html\" target=\"_blank\" rel=\"noopener\"><button class=\"price\"> 2400<\/button><\/a>\n\t\t\t\t\t\t\t<\/div>\n\t\t\t\t\t\t\t\t\t\t\t<\/div>\n\t\t\t\t<\/div>\n\t\t\t<\/li>\n\t\t\t\t<\/ul>\n<\/div>\n<style type=\"text\/css\" media=\"all\">.feedzy-rss .rss_item .rss_image{float:left;position:relative;border:none;text-decoration:none;max-width:100%}.feedzy-rss .rss_item .rss_image span{display:inline-block;position:absolute;width:100%;height:100%;background-position:50%;background-size:cover}.feedzy-rss .rss_item .rss_image{margin:.3em 1em 0 0;content-visibility:auto}.feedzy-rss ul{list-style:none}.feedzy-rss ul li{display:inline-block}<\/style>\n<h3>Articoli correlati<\/h3>\n<p>Prova a dare un&#8217;occhiata anche a questi articoli oppure contattaci se vuoi saperne di pi\u00f9 su questo paese, la nostra assistenza \u00e8 gratuita e professionale!<\/p>\n<ul>\n<li><a title=\"sicurezza citt\u00e0 sudafrica\" href=\"https:\/\/sudafrica.evolutiontravel.it\/infovacanze\/sicurezza\/\"><u>Le citt\u00e0 del Sudafrica sono sicure?<\/u><\/a><\/li>\n<li><a title=\"clima in sudafrica\" href=\"https:\/\/sudafrica.evolutiontravel.it\/infovacanze\/utilita\/migliori-stagioni\/\"><u>Che tempo fa in Sudafrica: clima e temperature<\/u><\/a><\/li>\n<\/ul>\n","protected":false},"excerpt":{"rendered":"<p>Come mostra la mappa qui sotto riportatail Sudafrica, o meglio la Repubblica Sudafricana, \u00e8 lo stato pi\u00f9 meridionale del continente, uno degli stati pi\u00f9 multiculturali al mondo e con tre citt\u00e0 come capitali ufficiali: Pretoria, Citt\u00e0 del Capo e Bloemfontein. Guardando i confini geografici, confina a nord con la Namibia, il Botswana e lo Zimbabwe <a class=\"moretag\" href=\"https:\/\/sudafrica.evolutiontravel.it\/infovacanze\/utilita\/mappa-geografica\/\">[&#8230;]<\/a><\/p>\n","protected":false},"author":6,"featured_media":0,"parent":44,"menu_order":0,"comment_status":"closed","ping_status":"closed","template":"templates\/template-with-right-sidebar.php","meta":{"footnotes":""},"yoast_head":"<!-- This site is optimized with the Yoast SEO plugin v21.9.1 - https:\/\/yoast.com\/wordpress\/plugins\/seo\/ -->\n<title>Sudafrica, citt\u00e0 e cartina: in viaggio nella Nazione Arcobaleno<\/title>\n<meta name=\"description\" content=\"Una cartina del Sudafrica per raccontarvi questa destinazione: confini, laghi, fiumi, oceani e citt\u00e0. Scopri con noi la meravigliosa Nazione Arcobaleno!\" \/>\n<meta name=\"robots\" content=\"index, follow, max-snippet:-1, max-image-preview:large, max-video-preview:-1\" \/>\n<link rel=\"canonical\" href=\"https:\/\/sudafrica.evolutiontravel.it\/infovacanze\/utilita\/mappa-geografica\/\" \/>\n<meta property=\"og:locale\" content=\"it_IT\" \/>\n<meta property=\"og:type\" content=\"article\" \/>\n<meta property=\"og:title\" content=\"Sudafrica, citt\u00e0 e cartina: in viaggio nella Nazione Arcobaleno\" \/>\n<meta property=\"og:description\" content=\"Una cartina del Sudafrica per raccontarvi questa destinazione: confini, laghi, fiumi, oceani e citt\u00e0. Scopri con noi la meravigliosa Nazione Arcobaleno!\" \/>\n<meta property=\"og:url\" content=\"https:\/\/sudafrica.evolutiontravel.it\/infovacanze\/utilita\/mappa-geografica\/\" \/>\n<meta property=\"og:site_name\" content=\"Sudafrica\" \/>\n<meta property=\"article:modified_time\" content=\"2018-09-27T07:34:46+00:00\" \/>\n<meta property=\"og:image\" content=\"https:\/\/sudafrica.evolutiontravel.it\/infovacanze\/wp-content\/uploads\/sites\/28\/2018\/09\/cartina-sudafrica-300x300.png\" \/>\n<meta name=\"twitter:card\" content=\"summary_large_image\" \/>\n<meta name=\"twitter:label1\" content=\"Tempo di lettura stimato\" \/>\n\t<meta name=\"twitter:data1\" content=\"2 minuti\" \/>\n<script type=\"application\/ld+json\" class=\"yoast-schema-graph\">{\"@context\":\"https:\/\/schema.org\",\"@graph\":[{\"@type\":\"WebPage\",\"@id\":\"https:\/\/sudafrica.evolutiontravel.it\/infovacanze\/utilita\/mappa-geografica\/\",\"url\":\"https:\/\/sudafrica.evolutiontravel.it\/infovacanze\/utilita\/mappa-geografica\/\",\"name\":\"Sudafrica, citt\u00e0 e cartina: in viaggio nella Nazione Arcobaleno\",\"isPartOf\":{\"@id\":\"https:\/\/sudafrica.evolutiontravel.it\/infovacanze\/#website\"},\"datePublished\":\"2016-03-24T15:49:30+00:00\",\"dateModified\":\"2018-09-27T07:34:46+00:00\",\"description\":\"Una cartina del Sudafrica per raccontarvi questa destinazione: confini, laghi, fiumi, oceani e citt\u00e0. Scopri con noi la meravigliosa Nazione Arcobaleno!\",\"breadcrumb\":{\"@id\":\"https:\/\/sudafrica.evolutiontravel.it\/infovacanze\/utilita\/mappa-geografica\/#breadcrumb\"},\"inLanguage\":\"it-IT\",\"potentialAction\":[{\"@type\":\"ReadAction\",\"target\":[\"https:\/\/sudafrica.evolutiontravel.it\/infovacanze\/utilita\/mappa-geografica\/\"]}]},{\"@type\":\"BreadcrumbList\",\"@id\":\"https:\/\/sudafrica.evolutiontravel.it\/infovacanze\/utilita\/mappa-geografica\/#breadcrumb\",\"itemListElement\":[{\"@type\":\"ListItem\",\"position\":1,\"name\":\"Home\",\"item\":\"https:\/\/sudafrica.evolutiontravel.it\/infovacanze\/\"},{\"@type\":\"ListItem\",\"position\":2,\"name\":\"Informazioni per il tuo viaggio in Sudafrica\",\"item\":\"https:\/\/sudafrica.evolutiontravel.it\/infovacanze\/utilita\/\"},{\"@type\":\"ListItem\",\"position\":3,\"name\":\"Cartina Sudafrica e citt\u00e0 principali\"}]},{\"@type\":\"WebSite\",\"@id\":\"https:\/\/sudafrica.evolutiontravel.it\/infovacanze\/#website\",\"url\":\"https:\/\/sudafrica.evolutiontravel.it\/infovacanze\/\",\"name\":\"Sudafrica\",\"description\":\"\",\"potentialAction\":[{\"@type\":\"SearchAction\",\"target\":{\"@type\":\"EntryPoint\",\"urlTemplate\":\"https:\/\/sudafrica.evolutiontravel.it\/infovacanze\/?s={search_term_string}\"},\"query-input\":\"required name=search_term_string\"}],\"inLanguage\":\"it-IT\"}]}<\/script>\n<!-- \/ Yoast SEO plugin. -->","yoast_head_json":{"title":"Sudafrica, citt\u00e0 e cartina: in viaggio nella Nazione Arcobaleno","description":"Una cartina del Sudafrica per raccontarvi questa destinazione: confini, laghi, fiumi, oceani e citt\u00e0. Scopri con noi la meravigliosa Nazione Arcobaleno!","robots":{"index":"index","follow":"follow","max-snippet":"max-snippet:-1","max-image-preview":"max-image-preview:large","max-video-preview":"max-video-preview:-1"},"canonical":"https:\/\/sudafrica.evolutiontravel.it\/infovacanze\/utilita\/mappa-geografica\/","og_locale":"it_IT","og_type":"article","og_title":"Sudafrica, citt\u00e0 e cartina: in viaggio nella Nazione Arcobaleno","og_description":"Una cartina del Sudafrica per raccontarvi questa destinazione: confini, laghi, fiumi, oceani e citt\u00e0. Scopri con noi la meravigliosa Nazione Arcobaleno!","og_url":"https:\/\/sudafrica.evolutiontravel.it\/infovacanze\/utilita\/mappa-geografica\/","og_site_name":"Sudafrica","article_modified_time":"2018-09-27T07:34:46+00:00","og_image":[{"url":"https:\/\/sudafrica.evolutiontravel.it\/infovacanze\/wp-content\/uploads\/sites\/28\/2018\/09\/cartina-sudafrica-300x300.png"}],"twitter_card":"summary_large_image","twitter_misc":{"Tempo di lettura stimato":"2 minuti"},"schema":{"@context":"https:\/\/schema.org","@graph":[{"@type":"WebPage","@id":"https:\/\/sudafrica.evolutiontravel.it\/infovacanze\/utilita\/mappa-geografica\/","url":"https:\/\/sudafrica.evolutiontravel.it\/infovacanze\/utilita\/mappa-geografica\/","name":"Sudafrica, citt\u00e0 e cartina: in viaggio nella Nazione Arcobaleno","isPartOf":{"@id":"https:\/\/sudafrica.evolutiontravel.it\/infovacanze\/#website"},"datePublished":"2016-03-24T15:49:30+00:00","dateModified":"2018-09-27T07:34:46+00:00","description":"Una cartina del Sudafrica per raccontarvi questa destinazione: confini, laghi, fiumi, oceani e citt\u00e0. Scopri con noi la meravigliosa Nazione Arcobaleno!","breadcrumb":{"@id":"https:\/\/sudafrica.evolutiontravel.it\/infovacanze\/utilita\/mappa-geografica\/#breadcrumb"},"inLanguage":"it-IT","potentialAction":[{"@type":"ReadAction","target":["https:\/\/sudafrica.evolutiontravel.it\/infovacanze\/utilita\/mappa-geografica\/"]}]},{"@type":"BreadcrumbList","@id":"https:\/\/sudafrica.evolutiontravel.it\/infovacanze\/utilita\/mappa-geografica\/#breadcrumb","itemListElement":[{"@type":"ListItem","position":1,"name":"Home","item":"https:\/\/sudafrica.evolutiontravel.it\/infovacanze\/"},{"@type":"ListItem","position":2,"name":"Informazioni per il tuo viaggio in Sudafrica","item":"https:\/\/sudafrica.evolutiontravel.it\/infovacanze\/utilita\/"},{"@type":"ListItem","position":3,"name":"Cartina Sudafrica e citt\u00e0 principali"}]},{"@type":"WebSite","@id":"https:\/\/sudafrica.evolutiontravel.it\/infovacanze\/#website","url":"https:\/\/sudafrica.evolutiontravel.it\/infovacanze\/","name":"Sudafrica","description":"","potentialAction":[{"@type":"SearchAction","target":{"@type":"EntryPoint","urlTemplate":"https:\/\/sudafrica.evolutiontravel.it\/infovacanze\/?s={search_term_string}"},"query-input":"required name=search_term_string"}],"inLanguage":"it-IT"}]}},"_links":{"self":[{"href":"https:\/\/sudafrica.evolutiontravel.it\/infovacanze\/wp-json\/wp\/v2\/pages\/153"}],"collection":[{"href":"https:\/\/sudafrica.evolutiontravel.it\/infovacanze\/wp-json\/wp\/v2\/pages"}],"about":[{"href":"https:\/\/sudafrica.evolutiontravel.it\/infovacanze\/wp-json\/wp\/v2\/types\/page"}],"author":[{"embeddable":true,"href":"https:\/\/sudafrica.evolutiontravel.it\/infovacanze\/wp-json\/wp\/v2\/users\/6"}],"replies":[{"embeddable":true,"href":"https:\/\/sudafrica.evolutiontravel.it\/infovacanze\/wp-json\/wp\/v2\/comments?post=153"}],"version-history":[{"count":20,"href":"https:\/\/sudafrica.evolutiontravel.it\/infovacanze\/wp-json\/wp\/v2\/pages\/153\/revisions"}],"predecessor-version":[{"id":605,"href":"https:\/\/sudafrica.evolutiontravel.it\/infovacanze\/wp-json\/wp\/v2\/pages\/153\/revisions\/605"}],"up":[{"embeddable":true,"href":"https:\/\/sudafrica.evolutiontravel.it\/infovacanze\/wp-json\/wp\/v2\/pages\/44"}],"wp:attachment":[{"href":"https:\/\/sudafrica.evolutiontravel.it\/infovacanze\/wp-json\/wp\/v2\/media?parent=153"}],"curies":[{"name":"wp","href":"https:\/\/api.w.org\/{rel}","templated":true}]}}