{"id":439,"date":"2018-01-05T14:42:23","date_gmt":"2018-01-05T13:42:23","guid":{"rendered":"http:\/\/sudafrica.evolutiontravel.it\/infovacanze\/?page_id=439"},"modified":"2018-09-27T10:08:27","modified_gmt":"2018-09-27T08:08:27","slug":"capo-buona-speranza","status":"publish","type":"page","link":"https:\/\/sudafrica.evolutiontravel.it\/infovacanze\/destinazioni\/capo-buona-speranza\/","title":{"rendered":"Capo di Buona Speranza"},"content":{"rendered":"<p>In <strong>qualsiasi periodo dell&#8217;anno<\/strong> vogliate andare in Sudafrica, <strong>Capo di Buona Speranza<\/strong> dovr\u00e0 essere una delle vostre destinazioni: \u00e8 la famosa citt\u00e0 attraversata dai grandi esploratori; meglio tra maggio e ottovre se volete avere alte probabilit\u00e0 di <strong>avvistare le balene<\/strong>.<\/p>\n<p>Per un&#8217;escursione a Capo di Buona Speranza avrete bisongo di <strong>almeno un paio di giorni<\/strong> e potrete immergervi nella natura, godere del paesaggio e scegliere le strade di andata e ritorno in modo da compiere <strong>un vero e proprio giro della penisola<\/strong> e per questo consigliamo di organizzarvi con un\u2019auto a noleggio.<\/p>\n<h2>Raggiungere Capo di Buona Speranza<\/h2>\n<p><strong>Partendo da Citt\u00e0 del Capo<\/strong> dopo <strong>20 chilometri<\/strong> arriverete all\u2019inizio della <strong>Riserva Naturale del Capo di Buona Speranza<\/strong>, dove vivono struzzi, babbuini, facoceri, gnu, zebre e antilopi.<\/p>\n<p>Da qui altri<strong> 50 chilometri<\/strong> attraversando paesaggi mozzafiato come le <strong>insenature di Clifton<\/strong> e raggiungendo una delle destinazioni pi\u00f9 magiche del Continente Africano. Il fragoroso infrangersi delle onde dell\u2019oceano e il bagliore delle spiagge bianchissime vi accompagneranno fino alla vostra destinazione.<\/p>\n<h2>Da Capo di Buona Speranza a Cape Point: 1 km<\/h2>\n<p>Dal Capo di Buona Speranza si pu\u00f2 <strong>raggiungere a piedi, attraverso un sentiero<\/strong> di circa un chilometro, anche il <strong>Cape Point.<\/strong><\/p>\n<p>Qui ecco che troverete scogliere a picco a 200 metri sul mare, punto di partenza per uno spettacolare percorso trail chiamato <strong><em>Hoerikwaggo<\/em><\/strong>, che conduce in alcuni giorni fino alla Table Mountain, l\u2019altipiano che sovrasta Citt\u00e0 del Capo.<\/p>\n<h3 style=\"padding-left: 30px\">La riserva Naturale Cape Point<\/h3>\n<p>Nella parte pi\u00f9 a sud della penisola si estende la Riserva Naturale Cape Point, che dal 2004 fa parte del Cape Floral Kingdom, dichiarato patrimonio UNESCO.<\/p>\n<p>Le specie autoctone superano il migliaio, e donano a questa zona un\u2019incredibile biodiversit\u00e0, per citarne solo alcune: la beccaccia di mare africana, la zebra di montagna e la quasi introvabile rana fantasma.<\/p>\n<h2>Babbuini e pinguini<\/h2>\n<p>I due protagonisti della fauna della Penisola del Capo sono sicuramente babbuini e pinguini: i primi li incontrerete spesso <strong>in giro per la Riserva<\/strong>, mentre i secondi vivono in una nutrita <strong>colonia sulla spiaggia di Boulders Beach<\/strong>.<\/p>\n<p>L\u2019incontro con questi simpatici animali sar\u00e0 emozionante, ma \u00e8 bene ricordare alcune norme per evitare incidenti o peggio ancora disagi agli animali. I babbuini sono estremamente attratti dal cibo, per cui vi raccomandiamo di <strong>non tenere cibo in vista<\/strong> e vi sconsigliamo di mangiare mentre siete in escursione, perch\u00e9 potrebbero tentare di rubarvi lo spuntino o diventare aggressivi.<\/p>\n<p>I pinguini, teneri e buffi, sono molto sensibili per cui anche osservandoli molto da vicino si deve tenere un comportamento che non li stressi o spaventi, parlando a voce bassa ed evitando movimenti bruschi.<\/p>\n<h3 style=\"text-align: center\">&#8220;<strong><span style=\"color: #008000\">SPECIALE SUDAFRICA<\/span><\/strong>&#8221; con <span style=\"color: #008000\">IMPERDIBILI OFFERTE<\/span><\/h3>\n<p style=\"text-align: center\"><strong><span style=\"color: #008000\">CLICCA SUBITO E GUARDA TUTTI I DETTAGLI:<\/span> <\/strong><\/p>\n<p style=\"text-align: center\"><strong>programma<\/strong> viaggio, <strong>tante foto<\/strong>, <strong>commenti<\/strong> e altro!<\/p>\n<div class=\"feedzy-cc4fcb77bb64a575afa9bae0d0378d6b feedzy-rss\"><ul>Feed has no items.<\/ul> <\/div>\n<h3>Leggi anche:<\/h3>\n<ul>\n<li><a title=\"perch\u00e8 andare in sudafrica\" href=\"https:\/\/sudafrica.evolutiontravel.it\/infovacanze\/10-motivi-per-andare-in-sudafrica\/\">Perch\u00e8 andare in Sudafrica? Almeno 10 buoni motivi!<\/a><\/li>\n<li><a title=\"mappa sudafrica\" href=\"https:\/\/sudafrica.evolutiontravel.it\/infovacanze\/utilita\/mappa-geografica\/\">Mappa del Sudafrica per orientarsi nell&#8217;itinerario<\/a><\/li>\n<li><a title=\"animali in sudafrica\" href=\"https:\/\/sudafrica.evolutiontravel.it\/infovacanze\/natura\/animali-africani\/\">Animali africani<\/a><\/li>\n<\/ul>\n","protected":false},"excerpt":{"rendered":"<p>In qualsiasi periodo dell&#8217;anno vogliate andare in Sudafrica, Capo di Buona Speranza dovr\u00e0 essere una delle vostre destinazioni: \u00e8 la famosa citt\u00e0 attraversata dai grandi esploratori; meglio tra maggio e ottovre se volete avere alte probabilit\u00e0 di avvistare le balene. Per un&#8217;escursione a Capo di Buona Speranza avrete bisongo di almeno un paio di giorni <a class=\"moretag\" href=\"https:\/\/sudafrica.evolutiontravel.it\/infovacanze\/destinazioni\/capo-buona-speranza\/\">[&#8230;]<\/a><\/p>\n","protected":false},"author":6,"featured_media":0,"parent":33,"menu_order":0,"comment_status":"closed","ping_status":"closed","template":"templates\/template-with-right-sidebar.php","meta":{"footnotes":""},"yoast_head":"<!-- This site is optimized with the Yoast SEO plugin v21.9.1 - https:\/\/yoast.com\/wordpress\/plugins\/seo\/ -->\n<title>Visitare Capo di Buona Speranza: vacanze in Sudafrica con Evolution Travel<\/title>\n<meta name=\"description\" content=\"Una breve guida su Capo di Buona Speranza, Sudafrica, per raccontarti questa destinazione: leggi l&#039;articolo e scopri subito le nostre offerte. Clicca e scopri tutti i dettagli del viaggio: programma, foto, commenti e servizi inclusi!\" \/>\n<meta name=\"robots\" content=\"index, follow, max-snippet:-1, max-image-preview:large, max-video-preview:-1\" \/>\n<link rel=\"canonical\" href=\"https:\/\/sudafrica.evolutiontravel.it\/infovacanze\/destinazioni\/capo-buona-speranza\/\" \/>\n<meta property=\"og:locale\" content=\"it_IT\" \/>\n<meta property=\"og:type\" content=\"article\" \/>\n<meta property=\"og:title\" content=\"Visitare Capo di Buona Speranza: vacanze in Sudafrica con Evolution Travel\" \/>\n<meta property=\"og:description\" content=\"Una breve guida su Capo di Buona Speranza, Sudafrica, per raccontarti questa destinazione: leggi l&#039;articolo e scopri subito le nostre offerte. Clicca e scopri tutti i dettagli del viaggio: programma, foto, commenti e servizi inclusi!\" \/>\n<meta property=\"og:url\" content=\"https:\/\/sudafrica.evolutiontravel.it\/infovacanze\/destinazioni\/capo-buona-speranza\/\" \/>\n<meta property=\"og:site_name\" content=\"Sudafrica\" \/>\n<meta property=\"article:modified_time\" content=\"2018-09-27T08:08:27+00:00\" \/>\n<meta name=\"twitter:card\" content=\"summary_large_image\" \/>\n<meta name=\"twitter:label1\" content=\"Tempo di lettura stimato\" \/>\n\t<meta name=\"twitter:data1\" content=\"3 minuti\" \/>\n<script type=\"application\/ld+json\" class=\"yoast-schema-graph\">{\"@context\":\"https:\/\/schema.org\",\"@graph\":[{\"@type\":\"WebPage\",\"@id\":\"https:\/\/sudafrica.evolutiontravel.it\/infovacanze\/destinazioni\/capo-buona-speranza\/\",\"url\":\"https:\/\/sudafrica.evolutiontravel.it\/infovacanze\/destinazioni\/capo-buona-speranza\/\",\"name\":\"Visitare Capo di Buona Speranza: vacanze in Sudafrica con Evolution Travel\",\"isPartOf\":{\"@id\":\"https:\/\/sudafrica.evolutiontravel.it\/infovacanze\/#website\"},\"datePublished\":\"2018-01-05T13:42:23+00:00\",\"dateModified\":\"2018-09-27T08:08:27+00:00\",\"description\":\"Una breve guida su Capo di Buona Speranza, Sudafrica, per raccontarti questa destinazione: leggi l'articolo e scopri subito le nostre offerte. Clicca e scopri tutti i dettagli del viaggio: programma, foto, commenti e servizi inclusi!\",\"breadcrumb\":{\"@id\":\"https:\/\/sudafrica.evolutiontravel.it\/infovacanze\/destinazioni\/capo-buona-speranza\/#breadcrumb\"},\"inLanguage\":\"it-IT\",\"potentialAction\":[{\"@type\":\"ReadAction\",\"target\":[\"https:\/\/sudafrica.evolutiontravel.it\/infovacanze\/destinazioni\/capo-buona-speranza\/\"]}]},{\"@type\":\"BreadcrumbList\",\"@id\":\"https:\/\/sudafrica.evolutiontravel.it\/infovacanze\/destinazioni\/capo-buona-speranza\/#breadcrumb\",\"itemListElement\":[{\"@type\":\"ListItem\",\"position\":1,\"name\":\"Home\",\"item\":\"https:\/\/sudafrica.evolutiontravel.it\/infovacanze\/\"},{\"@type\":\"ListItem\",\"position\":2,\"name\":\"Luoghi da visitare\",\"item\":\"https:\/\/sudafrica.evolutiontravel.it\/infovacanze\/destinazioni\/\"},{\"@type\":\"ListItem\",\"position\":3,\"name\":\"Capo di Buona Speranza\"}]},{\"@type\":\"WebSite\",\"@id\":\"https:\/\/sudafrica.evolutiontravel.it\/infovacanze\/#website\",\"url\":\"https:\/\/sudafrica.evolutiontravel.it\/infovacanze\/\",\"name\":\"Sudafrica\",\"description\":\"\",\"potentialAction\":[{\"@type\":\"SearchAction\",\"target\":{\"@type\":\"EntryPoint\",\"urlTemplate\":\"https:\/\/sudafrica.evolutiontravel.it\/infovacanze\/?s={search_term_string}\"},\"query-input\":\"required name=search_term_string\"}],\"inLanguage\":\"it-IT\"}]}<\/script>\n<!-- \/ Yoast SEO plugin. -->","yoast_head_json":{"title":"Visitare Capo di Buona Speranza: vacanze in Sudafrica con Evolution Travel","description":"Una breve guida su Capo di Buona Speranza, Sudafrica, per raccontarti questa destinazione: leggi l'articolo e scopri subito le nostre offerte. Clicca e scopri tutti i dettagli del viaggio: programma, foto, commenti e servizi inclusi!","robots":{"index":"index","follow":"follow","max-snippet":"max-snippet:-1","max-image-preview":"max-image-preview:large","max-video-preview":"max-video-preview:-1"},"canonical":"https:\/\/sudafrica.evolutiontravel.it\/infovacanze\/destinazioni\/capo-buona-speranza\/","og_locale":"it_IT","og_type":"article","og_title":"Visitare Capo di Buona Speranza: vacanze in Sudafrica con Evolution Travel","og_description":"Una breve guida su Capo di Buona Speranza, Sudafrica, per raccontarti questa destinazione: leggi l'articolo e scopri subito le nostre offerte. Clicca e scopri tutti i dettagli del viaggio: programma, foto, commenti e servizi inclusi!","og_url":"https:\/\/sudafrica.evolutiontravel.it\/infovacanze\/destinazioni\/capo-buona-speranza\/","og_site_name":"Sudafrica","article_modified_time":"2018-09-27T08:08:27+00:00","twitter_card":"summary_large_image","twitter_misc":{"Tempo di lettura stimato":"3 minuti"},"schema":{"@context":"https:\/\/schema.org","@graph":[{"@type":"WebPage","@id":"https:\/\/sudafrica.evolutiontravel.it\/infovacanze\/destinazioni\/capo-buona-speranza\/","url":"https:\/\/sudafrica.evolutiontravel.it\/infovacanze\/destinazioni\/capo-buona-speranza\/","name":"Visitare Capo di Buona Speranza: vacanze in Sudafrica con Evolution Travel","isPartOf":{"@id":"https:\/\/sudafrica.evolutiontravel.it\/infovacanze\/#website"},"datePublished":"2018-01-05T13:42:23+00:00","dateModified":"2018-09-27T08:08:27+00:00","description":"Una breve guida su Capo di Buona Speranza, Sudafrica, per raccontarti questa destinazione: leggi l'articolo e scopri subito le nostre offerte. Clicca e scopri tutti i dettagli del viaggio: programma, foto, commenti e servizi inclusi!","breadcrumb":{"@id":"https:\/\/sudafrica.evolutiontravel.it\/infovacanze\/destinazioni\/capo-buona-speranza\/#breadcrumb"},"inLanguage":"it-IT","potentialAction":[{"@type":"ReadAction","target":["https:\/\/sudafrica.evolutiontravel.it\/infovacanze\/destinazioni\/capo-buona-speranza\/"]}]},{"@type":"BreadcrumbList","@id":"https:\/\/sudafrica.evolutiontravel.it\/infovacanze\/destinazioni\/capo-buona-speranza\/#breadcrumb","itemListElement":[{"@type":"ListItem","position":1,"name":"Home","item":"https:\/\/sudafrica.evolutiontravel.it\/infovacanze\/"},{"@type":"ListItem","position":2,"name":"Luoghi da visitare","item":"https:\/\/sudafrica.evolutiontravel.it\/infovacanze\/destinazioni\/"},{"@type":"ListItem","position":3,"name":"Capo di Buona Speranza"}]},{"@type":"WebSite","@id":"https:\/\/sudafrica.evolutiontravel.it\/infovacanze\/#website","url":"https:\/\/sudafrica.evolutiontravel.it\/infovacanze\/","name":"Sudafrica","description":"","potentialAction":[{"@type":"SearchAction","target":{"@type":"EntryPoint","urlTemplate":"https:\/\/sudafrica.evolutiontravel.it\/infovacanze\/?s={search_term_string}"},"query-input":"required name=search_term_string"}],"inLanguage":"it-IT"}]}},"_links":{"self":[{"href":"https:\/\/sudafrica.evolutiontravel.it\/infovacanze\/wp-json\/wp\/v2\/pages\/439"}],"collection":[{"href":"https:\/\/sudafrica.evolutiontravel.it\/infovacanze\/wp-json\/wp\/v2\/pages"}],"about":[{"href":"https:\/\/sudafrica.evolutiontravel.it\/infovacanze\/wp-json\/wp\/v2\/types\/page"}],"author":[{"embeddable":true,"href":"https:\/\/sudafrica.evolutiontravel.it\/infovacanze\/wp-json\/wp\/v2\/users\/6"}],"replies":[{"embeddable":true,"href":"https:\/\/sudafrica.evolutiontravel.it\/infovacanze\/wp-json\/wp\/v2\/comments?post=439"}],"version-history":[{"count":4,"href":"https:\/\/sudafrica.evolutiontravel.it\/infovacanze\/wp-json\/wp\/v2\/pages\/439\/revisions"}],"predecessor-version":[{"id":611,"href":"https:\/\/sudafrica.evolutiontravel.it\/infovacanze\/wp-json\/wp\/v2\/pages\/439\/revisions\/611"}],"up":[{"embeddable":true,"href":"https:\/\/sudafrica.evolutiontravel.it\/infovacanze\/wp-json\/wp\/v2\/pages\/33"}],"wp:attachment":[{"href":"https:\/\/sudafrica.evolutiontravel.it\/infovacanze\/wp-json\/wp\/v2\/media?parent=439"}],"curies":[{"name":"wp","href":"https:\/\/api.w.org\/{rel}","templated":true}]}}