{"id":44,"date":"2016-03-22T14:37:24","date_gmt":"2016-03-22T13:37:24","guid":{"rendered":"http:\/\/sudafrica.evolutiontravel.it\/infovacanze\/?page_id=44"},"modified":"2018-09-25T11:08:35","modified_gmt":"2018-09-25T09:08:35","slug":"utilita","status":"publish","type":"page","link":"https:\/\/sudafrica.evolutiontravel.it\/infovacanze\/utilita\/","title":{"rendered":"Informazioni per il tuo viaggio in Sudafrica"},"content":{"rendered":"<p>Ecco alcune <strong>informazioni utili sul Sudafrica<\/strong> per organizzare il viaggio nel migliore dei modi senza sorprese che rischierebbero di compromettere la buona riuscita della tanto attesa vacanza.<\/p>\n<p>In generale, a prescindere dalla destinazione, quando si raggiunge <strong>un paese cos\u00ec lontano e diverso dal nostro<\/strong> \u00e8 buona norma informarsi prima di partire in modo da non lasciare nulla al caso. Questo paese \u00e8 straordinario in tutti i sensi, per i panorami, gli animali che vedrete durante i safari e per mille altri motivi, <strong>la prima regola \u00e8 rivolgersi al proprio medico<\/strong> per sapere se ci sono eventuali vaccinazioni e per farsi consigliare su quali medicinali portare con s\u00e8.<\/p>\n<p>Clicca sull&#8217;articolo di seguito in elenco per approfondire specifici aspetti oppure continua a leggere questo articolo per avere una panoramica generale di questa destinazione:<\/p>\n<ul>\n<li><a title=\"clima in sudafrica\" href=\"https:\/\/sudafrica.evolutiontravel.it\/infovacanze\/utilita\/clima\/\"><u>Clima del Sudafrica<\/u><\/a><\/li>\n<li><a title=\"mappa sudafrica\" href=\"https:\/\/sudafrica.evolutiontravel.it\/infovacanze\/utilita\/mappa-geografica\/\"><u>Mappa geografica<\/u><\/a><\/li>\n<li><a title=\"periodo migliore per il sudfrica\" href=\"https:\/\/sudafrica.evolutiontravel.it\/infovacanze\/utilita\/migliori-stagioni\/\"><u>Il periodo migliore per andare in Sudafrica<\/u><\/a><\/li>\n<li><a title=\"documenti per andare in sudafrica\" href=\"https:\/\/sudafrica.evolutiontravel.it\/infovacanze\/utilita\/documenti-obbligatori\/\"><u>Documenti e vaccinazioni<\/u><\/a><\/li>\n<li><a title=\"cucina sudafricana\" href=\"https:\/\/sudafrica.evolutiontravel.it\/infovacanze\/utilita\/cucina-tipica\/\"><u>Cucina tipica del Sudafrica<\/u><\/a><\/li>\n<li><a href=\"https:\/\/sudafrica.evolutiontravel.it\/infovacanze\/10-motivi-per-andare-in-sudafrica\/\"><u>Perch\u00e8 andare in Sudafrica<\/u><\/a><\/li>\n<li><a href=\"https:\/\/sudafrica.evolutiontravel.it\/infovacanze\/sicurezza\/\"><u>Il Sudafrica \u00e8 sicuro?<\/u><\/a><\/li>\n<li><a href=\"https:\/\/sudafrica.evolutiontravel.it\/infovacanze\/storia\/\"><u>Cenni di storia<\/u><\/a><\/li>\n<\/ul>\n<h2>Famiglie e bambini<\/h2>\n<p><strong>Posso andare in Sudafrica con i miei bambini?<\/strong> <strong>Assolutamente s\u00ec!<\/strong> E&#8217; una destinazione perfetta per le vacanze a misura di famiglia con molteplici iniziative interessanti per tutte le et\u00e0.<\/p>\n<p>Ci sono <strong>spiagge<\/strong>, l&#8217;emozione di vedere <strong>animali in libert\u00e0<\/strong>, <strong>parchi tematici<\/strong>, attrezzature e <strong>attivit\u00e0 sportive e avventurose<\/strong>.\u2028\u2028 Gli hotel sono dotati \u2028delle migliori stanze, con letti tripli, lettini, babysitter, seggioloni e tariffe riservate\u2028ai bambini. L&#8217;opzione di farsi da soli la spesa \u00e8 anche da prendere in considerazione, \u2028sopratutto nelle strutture che offrono appartamenti o case con pi\u00f9 stanze.<\/p>\n<p>Durante il periodo di alta stagione, quando le famiglie sudafricane fanno le loro \u2028annuali vacanze (sopratutto nel mese di dicembre), i resorts lungo la costa offrono <strong>programmi di intrattenimento<\/strong> per i bambini con film, spettacoli e le ultime serie televisive dedicate ai pi\u00f9 piccoli e speciali sorprese quali l&#8217;annuale spettacolo al Civic Theatre di Johannesburg.<\/p>\n<p><strong>I parchi tematici<\/strong> come l&#8217; <strong>uShaka Marine World<\/strong> a Durban, il <strong>Gold Reef City<\/strong> a Johannesburg e il <strong>Ratanga Junction<\/strong> a Cape Town, sono delle fantastiche strutture adatte ai bambini in Sidafrica, come del resto il <strong>Two Oceans Aquarium,<\/strong> sempre a Cape Town.\u2028\u2028 Sun City \u00e8 stata da poco ristrutturata come resort a misura di famiglia con le sue famose onde da cavalcare nella Valle delle onde, cosi&#8217; come attrazioni animali. In tutto il paese ci sono <strong>zoo<\/strong>, parchi dedicati agli uccelli, <strong>fattorie di coccodrilli<\/strong> e parchi di rettili.<\/p>\n<p>I ristoranti in Sudafrica hanno spesso <strong>menu&#8217; dedicati ai bambini<\/strong> e sono organizzati con giochi quali libri da colorare mentre i bambini aspettano il loro cibo. Il cibo per bambini , latte e omogeinizzati sono ovviamente di facile reperibilit\u00e0 nei supermercati. Con un preavvisiso troverete anche i seggiolini per le auto disponibili presso gli autonoleggi.<\/p>\n<h2>Posso portale un animale domestico?<\/h2>\n<p>Gli animali domestici devono essere <strong>imbarcati come cargo<\/strong>. Prima di prendere questa decisione informatevi bene dal veterinario.\u2028 Innanzitutto, un periodo di quarantena di 14 giorni \u00e8 previsto per i cani provenienti da alcuni paesi, non per i gatti che sono pi\u00f9 fortunati.<\/p>\n<h2>Servizi per i diversamente abili<\/h2>\n<p>I servizi per i diversamente abili in Sudafrica <strong>non sono forse cos\u00ec numerosi<\/strong> come dovrebbero, ma la buona notizia \u00e8 che c&#8217;\u00e8 un&#8217;ondata di consapevolezza per quanto riguarda il settore &#8216;bisogni speciali&#8217; del mercato turistico.\u2028\u2028 Un ambito in cui il paese non dispone dei servizi necessari \u00e8 negli alloggi, ma questa situazione \u00e8 destinata a cambiare con l&#8217;adozione della &#8220;accessibilit\u00e0 universale&#8221; grazie al sistema di valutazione da parte del <strong>Grading Tourism Council of South Africa<\/strong> (TGCSA).<\/p>\n<p>I viaggiatori diversamente abili troveranno che la maggior parte dei centri commerciali, aeroporti, edifici per uffici ed edifici pubblici sono dotati di servizi dedicati in termini di parcheggio e accesso anche se talvolta in numero limitato. Le sedie a rotelle sono spesso disponibili in queste strutture, ma si suggerisce la prenotazione anticipata. Alcune agenzie di autonoleggio hanno a disposizione per il noleggio veicoli a comandi manuali.<\/p>\n<h2>Luoghi di culto<\/h2>\n<p><strong>Il cristianesimo<\/strong> \u00e8 la religione della maggior parte degli occidentali mentre la stragrande maggioranza dei sudafricani appartiene a Chiese africane indipendenti \u2028che combinano la tradizionale credenza con il cristianesimo, la Zion Christian Church \u00e8 la pi\u00f9 grande. Durante il fine settimana \u00e8 possibile vedere gruppi di fedeli della Chiesa Africana Indipendente in abiti verdi, blu o bianco, durante incontri di preghiera presso le rive dei fiumi, o in luoghi aperti &#8211; i loro luoghi di culto sono immersi nella natura.<\/p>\n<p>Alcuni luoghi di culto sono famosi per la spettacolare architettura, come la <strong>cattedrale di San Giorgio<\/strong> con i suoi vetri colorati nei giardini di Citt\u00e0 del Capo, o la pi\u00f9 recente costruzione del <strong>tempio mormone in Parktown<\/strong>, Johannesburg, con le sue 6 guglie che illuminano il cielo notturno. \u2028\u2028<strong>A Bronkhorstspruit, vicino a Pretoria<\/strong>, si trova i<strong>l pi\u00f9 grande tempio buddista in Africa<\/strong>, il Nan Hua Tempio, fondato da un ordine proveniente da Taiwan. I luoghi di culto in Sudafrica includono strutture per fedi Baha&#8217;i e Hare Krishna.<\/p>\n<p>&nbsp;<\/p>\n<h3 style=\"text-align: center\">\u00a0&#8220;<span style=\"color: #008000\">VOLO + SAFARI IN SUDAFRICA<\/span>&#8221; con Evolution Travel<\/h3>\n<p style=\"text-align: center\">Guarda subito tutti i <strong>dettagli delle nostre offerte<\/strong>: programma, foto, recensioni, commenti e itinerari!<\/p>\n<p style=\"text-align: center\"><span style=\"color: #008000\"><strong>CLICCA E NON PERDERE QUESTE OCCASIONI!<\/strong><\/span><\/p>\n<div class=\"feedzy-a5403da27e50fa9ce3b51bc435494199 feedzy-rss\">\n\t\t<ul class=\"feedzy-style2\">\n\t\t\t\t\t<li  style=\"padding: 23px 0 38px\" class=\"rss_item feedzy-rss-col-3\" >\n\t\t\t\t\t\t\t\t\t<div class=\"rss_image\" style=\"width:225px; height:225px;\">\n\t\t\t\t\t\t<a href=\"https:\/\/sudafrica.evolutiontravel.it\/it_IT\/893\/tab\/39398_safari-al-kruger-e-mpumalanga.html\" target=\"_blank\" \n\t\t\t\t\t\t\trel=\"noopener \"\n\t\t\t\t\t\t\ttitle=\"Safari al kruger e mpumalanga\"\n\t\t\t\t\t\t\tstyle=\"width:225px; height:225px;\">\n\t\t\t\t\t\t\t<span class=\"fetched\" style=\"background-image:  url('http:\/\/etcdn.net\/thumbnails\/27481\/it-johannesburg-meravigliosamente-nazione-arcobaleno-7031a.jpg');\" title=\"Safari al kruger e mpumalanga\"><\/span><amp-img width=\"225\" height=\"225\" src=\"http:\/\/etcdn.net\/thumbnails\/27481\/it-johannesburg-meravigliosamente-nazione-arcobaleno-7031a.jpg\">\t\t\t\t\t\t<\/a>\n\t\t\t\t\t<\/div>\n\t\t\t\t\t\t\t\t<div class=\"rss_content_wrap\">\n\t\t\t\t\t<span class=\"title\">\n\t\t\t\t\t\t<a href=\"https:\/\/sudafrica.evolutiontravel.it\/it_IT\/893\/tab\/39398_safari-al-kruger-e-mpumalanga.html\" target=\"_blank\"  rel=\"noopener \">\n\t\t\t\t\t\t\tSafari al kruger e mpumalanga\t\t\t\t\t\t<\/a>\n\t\t\t\t\t<\/span>\n\t\t\t\t\t<div class=\"rss_content\"\n\t\t\t\t\t\t\tstyle=\"\">\n\t\t\t\t\t\t\n\t\t\t\t\t\t\t\t\t\t\t\t<p class=\"description\">Un itinerario di viaggio dedicato a chi desidera un contatto diretto con la natura ed effettuare emozionanti foto-safari nel [&hellip;]<\/p>\n\t\t\t\t\t\t\n\t\t\t\t\t\t\t\t\t\t\t\t\t\t\t\t\t\t\t<div class=\"price-wrap\">\n\t\t\t\t\t\t\t\t<a href=\"https:\/\/sudafrica.evolutiontravel.it\/it_IT\/893\/tab\/39398_safari-al-kruger-e-mpumalanga.html\" target=\"_blank\" rel=\"noopener\"><button class=\"price\"> 2100<\/button><\/a>\n\t\t\t\t\t\t\t<\/div>\n\t\t\t\t\t\t\t\t\t\t\t<\/div>\n\t\t\t\t<\/div>\n\t\t\t<\/li>\n\t\t\t\t\t\t<li  style=\"padding: 23px 0 38px\" class=\"rss_item feedzy-rss-col-3\" >\n\t\t\t\t\t\t\t\t\t<div class=\"rss_image\" style=\"width:225px; height:225px;\">\n\t\t\t\t\t\t<a href=\"https:\/\/sudafrica.evolutiontravel.it\/it_IT\/893\/tab\/27656_safari-in-riserva-privata-luxury-e-cape-town.html\" target=\"_blank\" \n\t\t\t\t\t\t\trel=\"noopener \"\n\t\t\t\t\t\t\ttitle=\"safari in riserva privata luxury e cape town\"\n\t\t\t\t\t\t\tstyle=\"width:225px; height:225px;\">\n\t\t\t\t\t\t\t<span class=\"fetched\" style=\"background-image:  url('http:\/\/etcdn.net\/thumbnails\/27656\/it-johannesburg-tra-animali-panorama-route-luxury-experience-70328.jpg');\" title=\"safari in riserva privata luxury e cape town\"><\/span><amp-img width=\"225\" height=\"225\" src=\"http:\/\/etcdn.net\/thumbnails\/27656\/it-johannesburg-tra-animali-panorama-route-luxury-experience-70328.jpg\">\t\t\t\t\t\t<\/a>\n\t\t\t\t\t<\/div>\n\t\t\t\t\t\t\t\t<div class=\"rss_content_wrap\">\n\t\t\t\t\t<span class=\"title\">\n\t\t\t\t\t\t<a href=\"https:\/\/sudafrica.evolutiontravel.it\/it_IT\/893\/tab\/27656_safari-in-riserva-privata-luxury-e-cape-town.html\" target=\"_blank\"  rel=\"noopener \">\n\t\t\t\t\t\t\tsafari in riserva privata luxury e cape town\t\t\t\t\t\t<\/a>\n\t\t\t\t\t<\/span>\n\t\t\t\t\t<div class=\"rss_content\"\n\t\t\t\t\t\t\tstyle=\"\">\n\t\t\t\t\t\t\n\t\t\t\t\t\t\t\t\t\t\t\t<p class=\"description\">Una soluzione dedicata a chi vuole vivere il lusso, l'atmosfera da sogno e l'incanto della natura pura e incontaminata in un [&hellip;]<\/p>\n\t\t\t\t\t\t\n\t\t\t\t\t\t\t\t\t\t\t\t\t\t\t\t\t\t\t<div class=\"price-wrap\">\n\t\t\t\t\t\t\t\t<a href=\"https:\/\/sudafrica.evolutiontravel.it\/it_IT\/893\/tab\/27656_safari-in-riserva-privata-luxury-e-cape-town.html\" target=\"_blank\" rel=\"noopener\"><button class=\"price\"> 3700<\/button><\/a>\n\t\t\t\t\t\t\t<\/div>\n\t\t\t\t\t\t\t\t\t\t\t<\/div>\n\t\t\t\t<\/div>\n\t\t\t<\/li>\n\t\t\t\t\t\t<li  style=\"padding: 23px 0 38px\" class=\"rss_item feedzy-rss-col-3\" >\n\t\t\t\t\t\t\t\t\t<div class=\"rss_image\" style=\"width:225px; height:225px;\">\n\t\t\t\t\t\t<a href=\"https:\/\/sudafrica.evolutiontravel.it\/it_IT\/893\/tab\/39399_safari-al-kruger-in-riserva-privata.html\" target=\"_blank\" \n\t\t\t\t\t\t\trel=\"noopener \"\n\t\t\t\t\t\t\ttitle=\"Safari al kruger in riserva privata\"\n\t\t\t\t\t\t\tstyle=\"width:225px; height:225px;\">\n\t\t\t\t\t\t\t<span class=\"fetched\" style=\"background-image:  url('http:\/\/etcdn.net\/thumbnails\/4595\/it-johannesburg-dalla-panorama-route-alla-savana-sudafricana-702de.jpg');\" title=\"Safari al kruger in riserva privata\"><\/span><amp-img width=\"225\" height=\"225\" src=\"http:\/\/etcdn.net\/thumbnails\/4595\/it-johannesburg-dalla-panorama-route-alla-savana-sudafricana-702de.jpg\">\t\t\t\t\t\t<\/a>\n\t\t\t\t\t<\/div>\n\t\t\t\t\t\t\t\t<div class=\"rss_content_wrap\">\n\t\t\t\t\t<span class=\"title\">\n\t\t\t\t\t\t<a href=\"https:\/\/sudafrica.evolutiontravel.it\/it_IT\/893\/tab\/39399_safari-al-kruger-in-riserva-privata.html\" target=\"_blank\"  rel=\"noopener \">\n\t\t\t\t\t\t\tSafari al kruger in riserva privata\t\t\t\t\t\t<\/a>\n\t\t\t\t\t<\/span>\n\t\t\t\t\t<div class=\"rss_content\"\n\t\t\t\t\t\t\tstyle=\"\">\n\t\t\t\t\t\t\n\t\t\t\t\t\t\t\t\t\t\t\t<p class=\"description\">Un itinerario di viaggio dedicato a chi desidera un contatto diretto con la natura ed effettuare emozionanti foto-safari. Abbiamo [&hellip;]<\/p>\n\t\t\t\t\t\t\n\t\t\t\t\t\t\t\t\t\t\t\t\t\t\t\t\t\t\t<div class=\"price-wrap\">\n\t\t\t\t\t\t\t\t<a href=\"https:\/\/sudafrica.evolutiontravel.it\/it_IT\/893\/tab\/39399_safari-al-kruger-in-riserva-privata.html\" target=\"_blank\" rel=\"noopener\"><button class=\"price\"> 2900<\/button><\/a>\n\t\t\t\t\t\t\t<\/div>\n\t\t\t\t\t\t\t\t\t\t\t<\/div>\n\t\t\t\t<\/div>\n\t\t\t<\/li>\n\t\t\t\t\t\t<li  style=\"padding: 23px 0 38px\" class=\"rss_item feedzy-rss-col-3\" >\n\t\t\t\t\t\t\t\t\t<div class=\"rss_image\" style=\"width:225px; height:225px;\">\n\t\t\t\t\t\t<a href=\"https:\/\/sudafrica.evolutiontravel.it\/it_IT\/893\/tab\/1299_il-kruger-national-park.html\" target=\"_blank\" \n\t\t\t\t\t\t\trel=\"noopener \"\n\t\t\t\t\t\t\ttitle=\"Il Kruger National Park\"\n\t\t\t\t\t\t\tstyle=\"width:225px; height:225px;\">\n\t\t\t\t\t\t\t<span class=\"fetched\" style=\"background-image:  url('http:\/\/etcdn.net\/thumbnails\/1299\/it-johannesburg-il-kruger-national-park-5634a.jpg');\" title=\"Il Kruger National Park\"><\/span><amp-img width=\"225\" height=\"225\" src=\"http:\/\/etcdn.net\/thumbnails\/1299\/it-johannesburg-il-kruger-national-park-5634a.jpg\">\t\t\t\t\t\t<\/a>\n\t\t\t\t\t<\/div>\n\t\t\t\t\t\t\t\t<div class=\"rss_content_wrap\">\n\t\t\t\t\t<span class=\"title\">\n\t\t\t\t\t\t<a href=\"https:\/\/sudafrica.evolutiontravel.it\/it_IT\/893\/tab\/1299_il-kruger-national-park.html\" target=\"_blank\"  rel=\"noopener \">\n\t\t\t\t\t\t\tIl Kruger National Park\t\t\t\t\t\t<\/a>\n\t\t\t\t\t<\/span>\n\t\t\t\t\t<div class=\"rss_content\"\n\t\t\t\t\t\t\tstyle=\"\">\n\t\t\t\t\t\t\n\t\t\t\t\t\t\t\t\t\t\t\t<p class=\"description\">Viaggio fly &amp; drive incentrato sulla visita del Kruger National Park e della zona del Mpumalanga.<\/p>\n\t\t\t\t\t\t\n\t\t\t\t\t\t\t\t\t\t\t\t\t\t\t\t\t\t\t<div class=\"price-wrap\">\n\t\t\t\t\t\t\t\t<a href=\"https:\/\/sudafrica.evolutiontravel.it\/it_IT\/893\/tab\/1299_il-kruger-national-park.html\" target=\"_blank\" rel=\"noopener\"><button class=\"price\"> 2280<\/button><\/a>\n\t\t\t\t\t\t\t<\/div>\n\t\t\t\t\t\t\t\t\t\t\t<\/div>\n\t\t\t\t<\/div>\n\t\t\t<\/li>\n\t\t\t\t\t\t<li  style=\"padding: 23px 0 38px\" class=\"rss_item feedzy-rss-col-3\" >\n\t\t\t\t\t\t\t\t\t<div class=\"rss_image\" style=\"width:225px; height:225px;\">\n\t\t\t\t\t\t<a href=\"https:\/\/sudafrica.evolutiontravel.it\/it_IT\/893\/tab\/28646_fra-animali-e-citta.html\" target=\"_blank\" \n\t\t\t\t\t\t\trel=\"noopener \"\n\t\t\t\t\t\t\ttitle=\"Fra animali e citt\u00e0\"\n\t\t\t\t\t\t\tstyle=\"width:225px; height:225px;\">\n\t\t\t\t\t\t\t<span class=\"fetched\" style=\"background-image:  url('http:\/\/etcdn.net\/thumbnails\/28646\/it-johannesburg-fra-animali-e-citta-5658f.jpg');\" title=\"Fra animali e citt\u00e0\"><\/span><amp-img width=\"225\" height=\"225\" src=\"http:\/\/etcdn.net\/thumbnails\/28646\/it-johannesburg-fra-animali-e-citta-5658f.jpg\">\t\t\t\t\t\t<\/a>\n\t\t\t\t\t<\/div>\n\t\t\t\t\t\t\t\t<div class=\"rss_content_wrap\">\n\t\t\t\t\t<span class=\"title\">\n\t\t\t\t\t\t<a href=\"https:\/\/sudafrica.evolutiontravel.it\/it_IT\/893\/tab\/28646_fra-animali-e-citta.html\" target=\"_blank\"  rel=\"noopener \">\n\t\t\t\t\t\t\tFra animali e citt\u00e0\t\t\t\t\t\t<\/a>\n\t\t\t\t\t<\/span>\n\t\t\t\t\t<div class=\"rss_content\"\n\t\t\t\t\t\t\tstyle=\"\">\n\t\t\t\t\t\t\n\t\t\t\t\t\t\t\t\t\t\t\t<p class=\"description\">Viaggio self drive o con guida che ci porter\u00e0 a scoprire la natura del sudafrica e la cosmopolita Citt\u00e0 del Capo.<\/p>\n\t\t\t\t\t\t\n\t\t\t\t\t\t\t\t\t\t\t\t\t\t\t\t\t\t\t<div class=\"price-wrap\">\n\t\t\t\t\t\t\t\t<a href=\"https:\/\/sudafrica.evolutiontravel.it\/it_IT\/893\/tab\/28646_fra-animali-e-citta.html\" target=\"_blank\" rel=\"noopener\"><button class=\"price\"> 2440<\/button><\/a>\n\t\t\t\t\t\t\t<\/div>\n\t\t\t\t\t\t\t\t\t\t\t<\/div>\n\t\t\t\t<\/div>\n\t\t\t<\/li>\n\t\t\t\t<\/ul>\n<\/div>\n<style type=\"text\/css\" media=\"all\">.feedzy-rss .rss_item .rss_image{float:left;position:relative;border:none;text-decoration:none;max-width:100%}.feedzy-rss .rss_item .rss_image span{display:inline-block;position:absolute;width:100%;height:100%;background-position:50%;background-size:cover}.feedzy-rss .rss_item .rss_image{margin:.3em 1em 0 0;content-visibility:auto}.feedzy-rss ul{list-style:none}.feedzy-rss ul li{display:inline-block}<\/style>\n","protected":false},"excerpt":{"rendered":"<p>Ecco alcune informazioni utili sul Sudafrica per organizzare il viaggio nel migliore dei modi senza sorprese che rischierebbero di compromettere la buona riuscita della tanto attesa vacanza. In generale, a prescindere dalla destinazione, quando si raggiunge un paese cos\u00ec lontano e diverso dal nostro \u00e8 buona norma informarsi prima di partire in modo da non <a class=\"moretag\" href=\"https:\/\/sudafrica.evolutiontravel.it\/infovacanze\/utilita\/\">[&#8230;]<\/a><\/p>\n","protected":false},"author":6,"featured_media":0,"parent":0,"menu_order":0,"comment_status":"closed","ping_status":"closed","template":"templates\/template-with-right-sidebar.php","meta":{"footnotes":""},"yoast_head":"<!-- This site is optimized with the Yoast SEO plugin v21.9.1 - https:\/\/yoast.com\/wordpress\/plugins\/seo\/ -->\n<title>Informazioni utili sul Sudafrica: viaggia informato con Evolution Travel<\/title>\n<meta name=\"description\" content=\"In partenza per il Sudafrica? Leggi il nostro articolo per organizzare al meglio il tuo viaggio e parti con Evolution Travel!\" \/>\n<meta name=\"robots\" content=\"index, follow, max-snippet:-1, max-image-preview:large, max-video-preview:-1\" \/>\n<link rel=\"canonical\" href=\"https:\/\/sudafrica.evolutiontravel.it\/infovacanze\/utilita\/\" \/>\n<meta property=\"og:locale\" content=\"it_IT\" \/>\n<meta property=\"og:type\" content=\"article\" \/>\n<meta property=\"og:title\" content=\"Informazioni utili sul Sudafrica: viaggia informato con Evolution Travel\" \/>\n<meta property=\"og:description\" content=\"In partenza per il Sudafrica? Leggi il nostro articolo per organizzare al meglio il tuo viaggio e parti con Evolution Travel!\" \/>\n<meta property=\"og:url\" content=\"https:\/\/sudafrica.evolutiontravel.it\/infovacanze\/utilita\/\" \/>\n<meta property=\"og:site_name\" content=\"Sudafrica\" \/>\n<meta property=\"article:modified_time\" content=\"2018-09-25T09:08:35+00:00\" \/>\n<meta name=\"twitter:card\" content=\"summary_large_image\" \/>\n<meta name=\"twitter:label1\" content=\"Tempo di lettura stimato\" \/>\n\t<meta name=\"twitter:data1\" content=\"4 minuti\" \/>\n<script type=\"application\/ld+json\" class=\"yoast-schema-graph\">{\"@context\":\"https:\/\/schema.org\",\"@graph\":[{\"@type\":\"WebPage\",\"@id\":\"https:\/\/sudafrica.evolutiontravel.it\/infovacanze\/utilita\/\",\"url\":\"https:\/\/sudafrica.evolutiontravel.it\/infovacanze\/utilita\/\",\"name\":\"Informazioni utili sul Sudafrica: viaggia informato con Evolution Travel\",\"isPartOf\":{\"@id\":\"https:\/\/sudafrica.evolutiontravel.it\/infovacanze\/#website\"},\"datePublished\":\"2016-03-22T13:37:24+00:00\",\"dateModified\":\"2018-09-25T09:08:35+00:00\",\"description\":\"In partenza per il Sudafrica? Leggi il nostro articolo per organizzare al meglio il tuo viaggio e parti con Evolution Travel!\",\"breadcrumb\":{\"@id\":\"https:\/\/sudafrica.evolutiontravel.it\/infovacanze\/utilita\/#breadcrumb\"},\"inLanguage\":\"it-IT\",\"potentialAction\":[{\"@type\":\"ReadAction\",\"target\":[\"https:\/\/sudafrica.evolutiontravel.it\/infovacanze\/utilita\/\"]}]},{\"@type\":\"BreadcrumbList\",\"@id\":\"https:\/\/sudafrica.evolutiontravel.it\/infovacanze\/utilita\/#breadcrumb\",\"itemListElement\":[{\"@type\":\"ListItem\",\"position\":1,\"name\":\"Home\",\"item\":\"https:\/\/sudafrica.evolutiontravel.it\/infovacanze\/\"},{\"@type\":\"ListItem\",\"position\":2,\"name\":\"Informazioni per il tuo viaggio in Sudafrica\"}]},{\"@type\":\"WebSite\",\"@id\":\"https:\/\/sudafrica.evolutiontravel.it\/infovacanze\/#website\",\"url\":\"https:\/\/sudafrica.evolutiontravel.it\/infovacanze\/\",\"name\":\"Sudafrica\",\"description\":\"\",\"potentialAction\":[{\"@type\":\"SearchAction\",\"target\":{\"@type\":\"EntryPoint\",\"urlTemplate\":\"https:\/\/sudafrica.evolutiontravel.it\/infovacanze\/?s={search_term_string}\"},\"query-input\":\"required name=search_term_string\"}],\"inLanguage\":\"it-IT\"}]}<\/script>\n<!-- \/ Yoast SEO plugin. -->","yoast_head_json":{"title":"Informazioni utili sul Sudafrica: viaggia informato con Evolution Travel","description":"In partenza per il Sudafrica? Leggi il nostro articolo per organizzare al meglio il tuo viaggio e parti con Evolution Travel!","robots":{"index":"index","follow":"follow","max-snippet":"max-snippet:-1","max-image-preview":"max-image-preview:large","max-video-preview":"max-video-preview:-1"},"canonical":"https:\/\/sudafrica.evolutiontravel.it\/infovacanze\/utilita\/","og_locale":"it_IT","og_type":"article","og_title":"Informazioni utili sul Sudafrica: viaggia informato con Evolution Travel","og_description":"In partenza per il Sudafrica? Leggi il nostro articolo per organizzare al meglio il tuo viaggio e parti con Evolution Travel!","og_url":"https:\/\/sudafrica.evolutiontravel.it\/infovacanze\/utilita\/","og_site_name":"Sudafrica","article_modified_time":"2018-09-25T09:08:35+00:00","twitter_card":"summary_large_image","twitter_misc":{"Tempo di lettura stimato":"4 minuti"},"schema":{"@context":"https:\/\/schema.org","@graph":[{"@type":"WebPage","@id":"https:\/\/sudafrica.evolutiontravel.it\/infovacanze\/utilita\/","url":"https:\/\/sudafrica.evolutiontravel.it\/infovacanze\/utilita\/","name":"Informazioni utili sul Sudafrica: viaggia informato con Evolution Travel","isPartOf":{"@id":"https:\/\/sudafrica.evolutiontravel.it\/infovacanze\/#website"},"datePublished":"2016-03-22T13:37:24+00:00","dateModified":"2018-09-25T09:08:35+00:00","description":"In partenza per il Sudafrica? Leggi il nostro articolo per organizzare al meglio il tuo viaggio e parti con Evolution Travel!","breadcrumb":{"@id":"https:\/\/sudafrica.evolutiontravel.it\/infovacanze\/utilita\/#breadcrumb"},"inLanguage":"it-IT","potentialAction":[{"@type":"ReadAction","target":["https:\/\/sudafrica.evolutiontravel.it\/infovacanze\/utilita\/"]}]},{"@type":"BreadcrumbList","@id":"https:\/\/sudafrica.evolutiontravel.it\/infovacanze\/utilita\/#breadcrumb","itemListElement":[{"@type":"ListItem","position":1,"name":"Home","item":"https:\/\/sudafrica.evolutiontravel.it\/infovacanze\/"},{"@type":"ListItem","position":2,"name":"Informazioni per il tuo viaggio in Sudafrica"}]},{"@type":"WebSite","@id":"https:\/\/sudafrica.evolutiontravel.it\/infovacanze\/#website","url":"https:\/\/sudafrica.evolutiontravel.it\/infovacanze\/","name":"Sudafrica","description":"","potentialAction":[{"@type":"SearchAction","target":{"@type":"EntryPoint","urlTemplate":"https:\/\/sudafrica.evolutiontravel.it\/infovacanze\/?s={search_term_string}"},"query-input":"required name=search_term_string"}],"inLanguage":"it-IT"}]}},"_links":{"self":[{"href":"https:\/\/sudafrica.evolutiontravel.it\/infovacanze\/wp-json\/wp\/v2\/pages\/44"}],"collection":[{"href":"https:\/\/sudafrica.evolutiontravel.it\/infovacanze\/wp-json\/wp\/v2\/pages"}],"about":[{"href":"https:\/\/sudafrica.evolutiontravel.it\/infovacanze\/wp-json\/wp\/v2\/types\/page"}],"author":[{"embeddable":true,"href":"https:\/\/sudafrica.evolutiontravel.it\/infovacanze\/wp-json\/wp\/v2\/users\/6"}],"replies":[{"embeddable":true,"href":"https:\/\/sudafrica.evolutiontravel.it\/infovacanze\/wp-json\/wp\/v2\/comments?post=44"}],"version-history":[{"count":22,"href":"https:\/\/sudafrica.evolutiontravel.it\/infovacanze\/wp-json\/wp\/v2\/pages\/44\/revisions"}],"predecessor-version":[{"id":584,"href":"https:\/\/sudafrica.evolutiontravel.it\/infovacanze\/wp-json\/wp\/v2\/pages\/44\/revisions\/584"}],"wp:attachment":[{"href":"https:\/\/sudafrica.evolutiontravel.it\/infovacanze\/wp-json\/wp\/v2\/media?parent=44"}],"curies":[{"name":"wp","href":"https:\/\/api.w.org\/{rel}","templated":true}]}}