{"id":446,"date":"2018-01-05T14:56:18","date_gmt":"2018-01-05T13:56:18","guid":{"rendered":"http:\/\/sudafrica.evolutiontravel.it\/infovacanze\/?page_id=446"},"modified":"2018-04-05T15:18:50","modified_gmt":"2018-04-05T13:18:50","slug":"citta-del-capo","status":"publish","type":"page","link":"https:\/\/sudafrica.evolutiontravel.it\/infovacanze\/destinazioni\/citta-del-capo\/","title":{"rendered":"Citt\u00e0 del Capo, la capitale"},"content":{"rendered":"<p><strong>Capitale del Sudafrica, Citt\u00e0 del Capo <\/strong>(Cape Town) \u00e8 caratterizzata da tante bellezze naturalistiche e testimonianze storiche.<\/p>\n<p>Il simbolo di questa citt\u00e0 sono <strong>le montagne che la circondano<\/strong>, tra cui la famosa <strong>Tafelberg o Table Mountain<\/strong>, raggiungibile con cabinovia, che regala un panorama a 360 gradi della capitale e dei suoi dintorni.<\/p>\n<p>Per <strong>fare i safari<\/strong>, \u00e8 partendo proprio da Cape Town che si pu\u00f2 arrivare al famoso <strong>Parco Nazionale Kruger<\/strong>, patria dei big five (i cinque principali avvistamenti da safari: bufalo, leone, leopardo, elefante, rinoceronte). Ed \u00e8 sempre da qui che si dipanano strade panoramiche come la <strong>Route 44<\/strong> e la <strong>Chapman\u2019s Peak Drive <\/strong>e itinerari tematici come la <strong>Wine Route<\/strong> e la <strong>Garden Route<\/strong>.<\/p>\n<p>L\u2019altra grande attrattiva della capitale sudafricana \u00e8 senza dubbio il mare: <strong>la spiaggia di Blouberg<\/strong> \u00e8 una delle mete predilette da chi fa <strong>surf e kite surfing<\/strong>, mentre quella di <strong>Boulders Beach<\/strong> \u00e8 nota per gli incontri ravvicinati con<strong> i simpatici pinguini<\/strong>.<\/p>\n<p>Il clima qui \u00e8 temperato ed \u00e8 piacevole<strong> visitarla tutto l\u2019anno<\/strong>, ma per evitare picchi di fresco e venti troppo forti conviene scegliere primavera ed estate, ovvero il periodo che va <strong>da settembre a febbraio<\/strong>.<\/p>\n<h2>Centro e quartieri di Citt\u00e0 del Capo<\/h2>\n<p>Per le vie di Citt\u00e0 del Capo si respira la storia del Sudafrica, dalle colonie olandesi fino all\u2019era di Mandela e del post-apartheid, tra edifici coloniali, grattacieli e giardini.<\/p>\n<p>Il cuore del centro \u00e8 la <strong>Green Market Square<\/strong>, la piazza del mercato, con alcuni tra i palazzi storici pi\u00f9 antichi e il <strong>Castello di Buona Speranza<\/strong>, del secolo XVI, \u00e8 l\u2019edificio pi\u00f9 antico del paese e fu costruito a difesa della citt\u00e0.<\/p>\n<p>Uscendo dal centro si incontrano <strong>i quartieri pi\u00f9 famosi<\/strong>: Bo-Kaap, dalla popolazione creativa e bohemien; l\u2019Osservatorio, a Sud, meta alla moda di studenti e artisti; Signal Hill, collina panoramica alle spalle del porto e infine il Victoria &amp; Alfred Waterfront, antico porto commerciale.<\/p>\n<p>Dal Waterfront partono <strong>i traghetti per Robben Island<\/strong>, il carcere in cui Mandela ha passato tanti anni, una visita obbligatoria per riflettere sulla storia dell\u2019umanit\u00e0 e sui suoi progressi nella lotta all\u2019apartheid.<\/p>\n<h2>Attrazioni naturali di Citt\u00e0 del Capo<\/h2>\n<p>L\u2019Africa conta una grande quantit\u00e0 di siti naturalistici dichiarati <strong>Patrimonio UNESCO<\/strong>, e tra questi anche il <strong>Giardino Botanico Nazionale Kirstenbosch<\/strong>, vicino la Table Mountain: <strong>500 ettari di parco, foreste<\/strong> con una grande variet\u00e0 di fauna e pi\u00f9 di 7000 specie tra piante e fiori. Si tratta senza dubbio di uno dei siti naturalistici pi\u00f9 belli del Sudafrica.<\/p>\n<p>Infine, <strong>un\u2019escursione<\/strong> che consigliamo \u00e8 quella che vi porta verso<strong> <a title=\"capo di buona speranza\" href=\"https:\/\/sudafrica.evolutiontravel.it\/infovacanze\/destinazioni\/capo-buona-speranza\/\"><u>i punti panoramici del Capo di Buona Speranza<\/u><\/a>,<\/strong> il percorso \u00e8 di circa un&#8217;ora e mezza di auto e ne vale assolutamente la pena!<\/p>\n<h3 style=\"text-align: center\"><span style=\"color: #008000\">Offerte viaggi e vacanze in Sudafrica<\/span><\/h3>\n<p style=\"text-align: center\"><strong>Vuoi scoprire <span style=\"color: #008000\">in un solo click<\/span> tutti i dettagli delle nostre offerte?<\/strong><\/p>\n<p style=\"text-align: center\"><span style=\"color: #008000\"><strong>CLICCA E SCOPRI SUBITO<\/strong><\/span>: <strong>programma<\/strong> di viaggio, <strong>foto<\/strong>, <strong>recension<\/strong>i e altro ancora!<\/p>\n<p>&nbsp;<\/p>\n<div class=\"feedzy-1b1a747acf49966fa281c2e6d0346928 feedzy-rss\"><ul>Feed has no items.<\/ul> <\/div>\n","protected":false},"excerpt":{"rendered":"<p>Capitale del Sudafrica, Citt\u00e0 del Capo (Cape Town) \u00e8 caratterizzata da tante bellezze naturalistiche e testimonianze storiche. Il simbolo di questa citt\u00e0 sono le montagne che la circondano, tra cui la famosa Tafelberg o Table Mountain, raggiungibile con cabinovia, che regala un panorama a 360 gradi della capitale e dei suoi dintorni. Per fare i <a class=\"moretag\" href=\"https:\/\/sudafrica.evolutiontravel.it\/infovacanze\/destinazioni\/citta-del-capo\/\">[&#8230;]<\/a><\/p>\n","protected":false},"author":6,"featured_media":0,"parent":33,"menu_order":0,"comment_status":"closed","ping_status":"closed","template":"templates\/template-with-right-sidebar.php","meta":{"footnotes":""},"yoast_head":"<!-- This site is optimized with the Yoast SEO plugin v21.9.1 - https:\/\/yoast.com\/wordpress\/plugins\/seo\/ -->\n<title>Citt\u00e0 del Capo, capitale Sudafrica: ecco cosa vedere (Cape Town)<\/title>\n<meta name=\"description\" content=\"Una breve guida turistica su quel che c&#039;\u00e8 da vedere a Citt\u00e0 del Capo, la capitale del Sudafrica: attrazioni ed escursioni per tutti i gusti. Leggi il nostro articolo e parti grazie alle nostre offerte speciali!\" \/>\n<meta name=\"robots\" content=\"index, follow, max-snippet:-1, max-image-preview:large, max-video-preview:-1\" \/>\n<link rel=\"canonical\" href=\"https:\/\/sudafrica.evolutiontravel.it\/infovacanze\/destinazioni\/citta-del-capo\/\" \/>\n<meta property=\"og:locale\" content=\"it_IT\" \/>\n<meta property=\"og:type\" content=\"article\" \/>\n<meta property=\"og:title\" content=\"Citt\u00e0 del Capo, capitale Sudafrica: ecco cosa vedere (Cape Town)\" \/>\n<meta property=\"og:description\" content=\"Una breve guida turistica su quel che c&#039;\u00e8 da vedere a Citt\u00e0 del Capo, la capitale del Sudafrica: attrazioni ed escursioni per tutti i gusti. Leggi il nostro articolo e parti grazie alle nostre offerte speciali!\" \/>\n<meta property=\"og:url\" content=\"https:\/\/sudafrica.evolutiontravel.it\/infovacanze\/destinazioni\/citta-del-capo\/\" \/>\n<meta property=\"og:site_name\" content=\"Sudafrica\" \/>\n<meta property=\"article:modified_time\" content=\"2018-04-05T13:18:50+00:00\" \/>\n<meta name=\"twitter:card\" content=\"summary_large_image\" \/>\n<meta name=\"twitter:label1\" content=\"Tempo di lettura stimato\" \/>\n\t<meta name=\"twitter:data1\" content=\"3 minuti\" \/>\n<script type=\"application\/ld+json\" class=\"yoast-schema-graph\">{\"@context\":\"https:\/\/schema.org\",\"@graph\":[{\"@type\":\"WebPage\",\"@id\":\"https:\/\/sudafrica.evolutiontravel.it\/infovacanze\/destinazioni\/citta-del-capo\/\",\"url\":\"https:\/\/sudafrica.evolutiontravel.it\/infovacanze\/destinazioni\/citta-del-capo\/\",\"name\":\"Citt\u00e0 del Capo, capitale Sudafrica: ecco cosa vedere (Cape Town)\",\"isPartOf\":{\"@id\":\"https:\/\/sudafrica.evolutiontravel.it\/infovacanze\/#website\"},\"datePublished\":\"2018-01-05T13:56:18+00:00\",\"dateModified\":\"2018-04-05T13:18:50+00:00\",\"description\":\"Una breve guida turistica su quel che c'\u00e8 da vedere a Citt\u00e0 del Capo, la capitale del Sudafrica: attrazioni ed escursioni per tutti i gusti. Leggi il nostro articolo e parti grazie alle nostre offerte speciali!\",\"breadcrumb\":{\"@id\":\"https:\/\/sudafrica.evolutiontravel.it\/infovacanze\/destinazioni\/citta-del-capo\/#breadcrumb\"},\"inLanguage\":\"it-IT\",\"potentialAction\":[{\"@type\":\"ReadAction\",\"target\":[\"https:\/\/sudafrica.evolutiontravel.it\/infovacanze\/destinazioni\/citta-del-capo\/\"]}]},{\"@type\":\"BreadcrumbList\",\"@id\":\"https:\/\/sudafrica.evolutiontravel.it\/infovacanze\/destinazioni\/citta-del-capo\/#breadcrumb\",\"itemListElement\":[{\"@type\":\"ListItem\",\"position\":1,\"name\":\"Home\",\"item\":\"https:\/\/sudafrica.evolutiontravel.it\/infovacanze\/\"},{\"@type\":\"ListItem\",\"position\":2,\"name\":\"Luoghi da visitare\",\"item\":\"https:\/\/sudafrica.evolutiontravel.it\/infovacanze\/destinazioni\/\"},{\"@type\":\"ListItem\",\"position\":3,\"name\":\"Citt\u00e0 del Capo, la capitale\"}]},{\"@type\":\"WebSite\",\"@id\":\"https:\/\/sudafrica.evolutiontravel.it\/infovacanze\/#website\",\"url\":\"https:\/\/sudafrica.evolutiontravel.it\/infovacanze\/\",\"name\":\"Sudafrica\",\"description\":\"\",\"potentialAction\":[{\"@type\":\"SearchAction\",\"target\":{\"@type\":\"EntryPoint\",\"urlTemplate\":\"https:\/\/sudafrica.evolutiontravel.it\/infovacanze\/?s={search_term_string}\"},\"query-input\":\"required name=search_term_string\"}],\"inLanguage\":\"it-IT\"}]}<\/script>\n<!-- \/ Yoast SEO plugin. -->","yoast_head_json":{"title":"Citt\u00e0 del Capo, capitale Sudafrica: ecco cosa vedere (Cape Town)","description":"Una breve guida turistica su quel che c'\u00e8 da vedere a Citt\u00e0 del Capo, la capitale del Sudafrica: attrazioni ed escursioni per tutti i gusti. Leggi il nostro articolo e parti grazie alle nostre offerte speciali!","robots":{"index":"index","follow":"follow","max-snippet":"max-snippet:-1","max-image-preview":"max-image-preview:large","max-video-preview":"max-video-preview:-1"},"canonical":"https:\/\/sudafrica.evolutiontravel.it\/infovacanze\/destinazioni\/citta-del-capo\/","og_locale":"it_IT","og_type":"article","og_title":"Citt\u00e0 del Capo, capitale Sudafrica: ecco cosa vedere (Cape Town)","og_description":"Una breve guida turistica su quel che c'\u00e8 da vedere a Citt\u00e0 del Capo, la capitale del Sudafrica: attrazioni ed escursioni per tutti i gusti. Leggi il nostro articolo e parti grazie alle nostre offerte speciali!","og_url":"https:\/\/sudafrica.evolutiontravel.it\/infovacanze\/destinazioni\/citta-del-capo\/","og_site_name":"Sudafrica","article_modified_time":"2018-04-05T13:18:50+00:00","twitter_card":"summary_large_image","twitter_misc":{"Tempo di lettura stimato":"3 minuti"},"schema":{"@context":"https:\/\/schema.org","@graph":[{"@type":"WebPage","@id":"https:\/\/sudafrica.evolutiontravel.it\/infovacanze\/destinazioni\/citta-del-capo\/","url":"https:\/\/sudafrica.evolutiontravel.it\/infovacanze\/destinazioni\/citta-del-capo\/","name":"Citt\u00e0 del Capo, capitale Sudafrica: ecco cosa vedere (Cape Town)","isPartOf":{"@id":"https:\/\/sudafrica.evolutiontravel.it\/infovacanze\/#website"},"datePublished":"2018-01-05T13:56:18+00:00","dateModified":"2018-04-05T13:18:50+00:00","description":"Una breve guida turistica su quel che c'\u00e8 da vedere a Citt\u00e0 del Capo, la capitale del Sudafrica: attrazioni ed escursioni per tutti i gusti. Leggi il nostro articolo e parti grazie alle nostre offerte speciali!","breadcrumb":{"@id":"https:\/\/sudafrica.evolutiontravel.it\/infovacanze\/destinazioni\/citta-del-capo\/#breadcrumb"},"inLanguage":"it-IT","potentialAction":[{"@type":"ReadAction","target":["https:\/\/sudafrica.evolutiontravel.it\/infovacanze\/destinazioni\/citta-del-capo\/"]}]},{"@type":"BreadcrumbList","@id":"https:\/\/sudafrica.evolutiontravel.it\/infovacanze\/destinazioni\/citta-del-capo\/#breadcrumb","itemListElement":[{"@type":"ListItem","position":1,"name":"Home","item":"https:\/\/sudafrica.evolutiontravel.it\/infovacanze\/"},{"@type":"ListItem","position":2,"name":"Luoghi da visitare","item":"https:\/\/sudafrica.evolutiontravel.it\/infovacanze\/destinazioni\/"},{"@type":"ListItem","position":3,"name":"Citt\u00e0 del Capo, la capitale"}]},{"@type":"WebSite","@id":"https:\/\/sudafrica.evolutiontravel.it\/infovacanze\/#website","url":"https:\/\/sudafrica.evolutiontravel.it\/infovacanze\/","name":"Sudafrica","description":"","potentialAction":[{"@type":"SearchAction","target":{"@type":"EntryPoint","urlTemplate":"https:\/\/sudafrica.evolutiontravel.it\/infovacanze\/?s={search_term_string}"},"query-input":"required name=search_term_string"}],"inLanguage":"it-IT"}]}},"_links":{"self":[{"href":"https:\/\/sudafrica.evolutiontravel.it\/infovacanze\/wp-json\/wp\/v2\/pages\/446"}],"collection":[{"href":"https:\/\/sudafrica.evolutiontravel.it\/infovacanze\/wp-json\/wp\/v2\/pages"}],"about":[{"href":"https:\/\/sudafrica.evolutiontravel.it\/infovacanze\/wp-json\/wp\/v2\/types\/page"}],"author":[{"embeddable":true,"href":"https:\/\/sudafrica.evolutiontravel.it\/infovacanze\/wp-json\/wp\/v2\/users\/6"}],"replies":[{"embeddable":true,"href":"https:\/\/sudafrica.evolutiontravel.it\/infovacanze\/wp-json\/wp\/v2\/comments?post=446"}],"version-history":[{"count":3,"href":"https:\/\/sudafrica.evolutiontravel.it\/infovacanze\/wp-json\/wp\/v2\/pages\/446\/revisions"}],"predecessor-version":[{"id":501,"href":"https:\/\/sudafrica.evolutiontravel.it\/infovacanze\/wp-json\/wp\/v2\/pages\/446\/revisions\/501"}],"up":[{"embeddable":true,"href":"https:\/\/sudafrica.evolutiontravel.it\/infovacanze\/wp-json\/wp\/v2\/pages\/33"}],"wp:attachment":[{"href":"https:\/\/sudafrica.evolutiontravel.it\/infovacanze\/wp-json\/wp\/v2\/media?parent=446"}],"curies":[{"name":"wp","href":"https:\/\/api.w.org\/{rel}","templated":true}]}}