{"id":452,"date":"2018-01-08T09:46:26","date_gmt":"2018-01-08T08:46:26","guid":{"rendered":"http:\/\/sudafrica.evolutiontravel.it\/infovacanze\/?page_id=452"},"modified":"2018-04-05T15:30:51","modified_gmt":"2018-04-05T13:30:51","slug":"zimbabwe","status":"publish","type":"page","link":"https:\/\/sudafrica.evolutiontravel.it\/infovacanze\/destinazioni\/zimbabwe\/","title":{"rendered":"Sudafrica e Zimbabwe"},"content":{"rendered":"<p>Al <strong>confine con il Sudafrica ecco lo Zimbabwe<\/strong>, conosciuto soprattutto per le <strong>Cascate Victoria<\/strong>, un&#8217;attrazione da vedere durante la vostra vacanza nella Nazione Arcobaleno: uno spettacolo naturale che si estende per quasi due chilometri, creando un muro d\u2019acqua straordinario.<\/p>\n<p>Ma cosa signfica la parola &#8220;<em>Zimbabwe<\/em>&#8220;? E&#8217; il nome del suo <strong>sito archeologico<\/strong> pi\u00f9 famoso, <strong>Grande Zimbabwe<\/strong>, che in lingua shona significa \u201c<em><strong>grande casa di pietra<\/strong><\/em>\u201d. Dedicate una giornata alla scoperta di questo sito storico, <strong>Patrimonio UNESCO<\/strong>: \u00e8 un sito archeologico scoperto nel secolo XIX, costituito dalle rovine di una citt\u00e0 fondata dal popolo Bant\u00f9 all\u2019inizio del secondo millennio.<\/p>\n<p>Meno importanti ma non meno affascinanti sono anche le<strong> rovine di Khami<\/strong>, a est di Bulawayo, visitabili senza biglietto d\u2019ingresso.<\/p>\n<p>Per quanto riguarda il periodo in cui andare, considerate <strong>da aprile a ottobre<\/strong> perch\u00e8 l\u2019assenza di piogge vi consentir\u00e0 di <strong>avvistare pi\u00f9 facilmente gli animali<\/strong> che si radunano vicino alle pozze d\u2019acqua per abbeverarsi.<\/p>\n<h2>Parchi dello Zimbabwe<\/h2>\n<p>Che abbiate organizzato<strong> un safari<\/strong> in jeep, a piedi, in canoa o a cavallo, <strong>preparate le macchine fotografiche<\/strong>, perch\u00e9 vi aspettano avvistamenti di animali allo stato brado e paesaggi mozzafiato nei pi\u00f9 bei parchi dello Zimbabwe.<\/p>\n<ul>\n<li><strong>Parco Nazionale Hwange<\/strong>, con quasi 15.000 chilometri quadrati di estensione, ha la pi\u00f9 ricca fauna del paese con leopardi, ghepardi, licaoni, babbuini, bufali, leoni, zebre, elefanti, iene, sciacalli, insieme a una flora lussureggiante, con acacie e baobab secolari.<\/li>\n<li><strong>Lago Kariba<\/strong>, nato dopo la costruzione di una diga, \u00e8 abitato da una colonia di coccodrilli che vanta gli esemplari pi\u00f9 grandi al mondo.<\/li>\n<li><strong>Parco Nazionale Mana Pools<\/strong>, Patrimonio UNESCO, \u00e8 visitabile a piedi e permette incontri davvero ravvicinati con gli animali: potr\u00e0 capitarvi di trovarvi a poca distanza da antilopi, zebre, bufali, impala, elefanti e anche rinoceronti neri.<\/li>\n<li><strong>Parco Nazionale Chimanimani<\/strong> \u00e8 famoso per il caratteristico paesaggio con colonne di arenaria. Anche <strong>il Parco Nazionale Nyanga<\/strong>, poco pi\u00f9 a nord, si distingue per la bellezza della flora e dei panorami offerti.<\/li>\n<li><strong>Parco Nazionale Gonarezhou<\/strong> \u00e8 popolato da antilopi, ghepardi ed elefanti.<\/li>\n<li><strong>Parco Nazionale Matopos<\/strong> lascia il segno per il paesaggio di rocce scavate dal vento, per le pitture rupestri dei boscimani, di 40.000 anni fa, e per le 300 specie di uccelli che lo popolano.<\/li>\n<\/ul>\n<h3 style=\"text-align: center\">Offerte viaggi e vacanze in Sudafrica<\/h3>\n<p style=\"text-align: center\"><strong><span style=\"color: #008000\">CLICCA, SCOPRI E PARTI!<\/span><\/strong><\/p>\n<p style=\"text-align: center\">In un solo click sulle offerte <strong>scopri tutto il programma di viaggio<\/strong>, foto, commenti e altro!<\/p>\n<div class=\"feedzy-ebfaa266c115d8a9ce404e31e4a9ae2f feedzy-rss\">\n\t\t<ul class=\"feedzy-style2\">\n\t\t\t\t\t<li  style=\"padding: 23px 0 38px\" class=\"rss_item feedzy-rss-col-3\" >\n\t\t\t\t\t\t\t\t\t<div class=\"rss_image\" style=\"width:225px; height:225px;\">\n\t\t\t\t\t\t<a href=\"https:\/\/sudafrica.evolutiontravel.it\/it_IT\/893\/tab\/39396_kruger-e-cape-town.html\" target=\"_blank\" \n\t\t\t\t\t\t\trel=\"noopener \"\n\t\t\t\t\t\t\ttitle=\"Kruger e Cape Town\"\n\t\t\t\t\t\t\tstyle=\"width:225px; height:225px;\">\n\t\t\t\t\t\t\t<span class=\"fetched\" style=\"background-image:  url('http:\/\/etcdn.net\/thumbnails\/27782\/it-cape-town-fly-and-drive-in-tour-nella-regione-del-capo-70381.jpg');\" title=\"Kruger e Cape Town\"><\/span><amp-img width=\"225\" height=\"225\" src=\"http:\/\/etcdn.net\/thumbnails\/27782\/it-cape-town-fly-and-drive-in-tour-nella-regione-del-capo-70381.jpg\">\t\t\t\t\t\t<\/a>\n\t\t\t\t\t<\/div>\n\t\t\t\t\t\t\t\t<div class=\"rss_content_wrap\">\n\t\t\t\t\t<span class=\"title\">\n\t\t\t\t\t\t<a href=\"https:\/\/sudafrica.evolutiontravel.it\/it_IT\/893\/tab\/39396_kruger-e-cape-town.html\" target=\"_blank\"  rel=\"noopener \">\n\t\t\t\t\t\t\tKruger e Cape Town\t\t\t\t\t\t<\/a>\n\t\t\t\t\t<\/span>\n\t\t\t\t\t<div class=\"rss_content\"\n\t\t\t\t\t\t\tstyle=\"\">\n\t\t\t\t\t\t\n\t\t\t\t\t\t\t\t\t\t\t\t<p class=\"description\">un classico tour che abbina il safari nel parco con la visita del capo<\/p>\n\t\t\t\t\t\t\n\t\t\t\t\t\t\t\t\t\t\t\t\t\t\t\t\t\t\t<div class=\"price-wrap\">\n\t\t\t\t\t\t\t\t<a href=\"https:\/\/sudafrica.evolutiontravel.it\/it_IT\/893\/tab\/39396_kruger-e-cape-town.html\" target=\"_blank\" rel=\"noopener\"><button class=\"price\"> 2500<\/button><\/a>\n\t\t\t\t\t\t\t<\/div>\n\t\t\t\t\t\t\t\t\t\t\t<\/div>\n\t\t\t\t<\/div>\n\t\t\t<\/li>\n\t\t\t\t\t\t<li  style=\"padding: 23px 0 38px\" class=\"rss_item feedzy-rss-col-3\" >\n\t\t\t\t\t\t\t\t\t<div class=\"rss_image\" style=\"width:225px; height:225px;\">\n\t\t\t\t\t\t<a href=\"https:\/\/sudafrica.evolutiontravel.it\/it_IT\/893\/tab\/32685_tutti-i-colori-della-nazione-arcobaleno-e-seychelles.html\" target=\"_blank\" \n\t\t\t\t\t\t\trel=\"noopener \"\n\t\t\t\t\t\t\ttitle=\"Tutti i colori della Nazione Arcobaleno e Seychelles\"\n\t\t\t\t\t\t\tstyle=\"width:225px; height:225px;\">\n\t\t\t\t\t\t\t<span class=\"fetched\" style=\"background-image:  url('http:\/\/etcdn.net\/thumbnails\/32685\/it-cape-town-tutti-i-colori-della-nazione-arcobaleno-e-seychelles-703b4.jpg');\" title=\"Tutti i colori della Nazione Arcobaleno e Seychelles\"><\/span><amp-img width=\"225\" height=\"225\" src=\"http:\/\/etcdn.net\/thumbnails\/32685\/it-cape-town-tutti-i-colori-della-nazione-arcobaleno-e-seychelles-703b4.jpg\">\t\t\t\t\t\t<\/a>\n\t\t\t\t\t<\/div>\n\t\t\t\t\t\t\t\t<div class=\"rss_content_wrap\">\n\t\t\t\t\t<span class=\"title\">\n\t\t\t\t\t\t<a href=\"https:\/\/sudafrica.evolutiontravel.it\/it_IT\/893\/tab\/32685_tutti-i-colori-della-nazione-arcobaleno-e-seychelles.html\" target=\"_blank\"  rel=\"noopener \">\n\t\t\t\t\t\t\tTutti i colori della Nazione Arcobaleno e Seychelles\t\t\t\t\t\t<\/a>\n\t\t\t\t\t<\/span>\n\t\t\t\t\t<div class=\"rss_content\"\n\t\t\t\t\t\t\tstyle=\"\">\n\t\t\t\t\t\t\n\t\t\t\t\t\t\t\t\t\t\t\t<p class=\"description\">Una combinazione tra le pi\u00f9 gradite e apprezzate. Dai colori ai profumi, dagli spazi immensi ricchi di terra, animali, [&hellip;]<\/p>\n\t\t\t\t\t\t\n\t\t\t\t\t\t\t\t\t\t\t\t\t\t\t\t\t\t\t<div class=\"price-wrap\">\n\t\t\t\t\t\t\t\t<a href=\"https:\/\/sudafrica.evolutiontravel.it\/it_IT\/893\/tab\/32685_tutti-i-colori-della-nazione-arcobaleno-e-seychelles.html\" target=\"_blank\" rel=\"noopener\"><button class=\"price\"> 3800<\/button><\/a>\n\t\t\t\t\t\t\t<\/div>\n\t\t\t\t\t\t\t\t\t\t\t<\/div>\n\t\t\t\t<\/div>\n\t\t\t<\/li>\n\t\t\t\t\t\t<li  style=\"padding: 23px 0 38px\" class=\"rss_item feedzy-rss-col-3\" >\n\t\t\t\t\t\t\t\t\t<div class=\"rss_image\" style=\"width:225px; height:225px;\">\n\t\t\t\t\t\t<a href=\"https:\/\/sudafrica.evolutiontravel.it\/it_IT\/893\/tab\/39400_safari-di-lusso-kruger-area.html\" target=\"_blank\" \n\t\t\t\t\t\t\trel=\"noopener \"\n\t\t\t\t\t\t\ttitle=\"Safari di Lusso - Kruger area\"\n\t\t\t\t\t\t\tstyle=\"width:225px; height:225px;\">\n\t\t\t\t\t\t\t<span class=\"fetched\" style=\"background-image:  url('http:\/\/etcdn.net\/thumbnails\/28766\/it-cape-town-south-africa-per-tutti-56708.jpg');\" title=\"Safari di Lusso - Kruger area\"><\/span><amp-img width=\"225\" height=\"225\" src=\"http:\/\/etcdn.net\/thumbnails\/28766\/it-cape-town-south-africa-per-tutti-56708.jpg\">\t\t\t\t\t\t<\/a>\n\t\t\t\t\t<\/div>\n\t\t\t\t\t\t\t\t<div class=\"rss_content_wrap\">\n\t\t\t\t\t<span class=\"title\">\n\t\t\t\t\t\t<a href=\"https:\/\/sudafrica.evolutiontravel.it\/it_IT\/893\/tab\/39400_safari-di-lusso-kruger-area.html\" target=\"_blank\"  rel=\"noopener \">\n\t\t\t\t\t\t\tSafari di Lusso - Kruger area\t\t\t\t\t\t<\/a>\n\t\t\t\t\t<\/span>\n\t\t\t\t\t<div class=\"rss_content\"\n\t\t\t\t\t\t\tstyle=\"\">\n\t\t\t\t\t\t\n\t\t\t\t\t\t\t\t\t\t\t\t<p class=\"description\">Un viaggio indimenticabile, totalmente dedicato a chi ama il lusso e non vuole lasciare nulla al caso. Vi troverete a contatto [&hellip;]<\/p>\n\t\t\t\t\t\t\n\t\t\t\t\t\t\t\t\t\t\t\t\t\t\t\t\t\t\t<div class=\"price-wrap\">\n\t\t\t\t\t\t\t\t<a href=\"https:\/\/sudafrica.evolutiontravel.it\/it_IT\/893\/tab\/39400_safari-di-lusso-kruger-area.html\" target=\"_blank\" rel=\"noopener\"><button class=\"price\"> 2000<\/button><\/a>\n\t\t\t\t\t\t\t<\/div>\n\t\t\t\t\t\t\t\t\t\t\t<\/div>\n\t\t\t\t<\/div>\n\t\t\t<\/li>\n\t\t\t\t\t\t<li  style=\"padding: 23px 0 38px\" class=\"rss_item feedzy-rss-col-3\" >\n\t\t\t\t\t\t\t\t\t<div class=\"rss_image\" style=\"width:225px; height:225px;\">\n\t\t\t\t\t\t<a href=\"https:\/\/sudafrica.evolutiontravel.it\/it_IT\/893\/tab\/39507_safari-di-lusso-kruger-area-e-mozambico.html\" target=\"_blank\" \n\t\t\t\t\t\t\trel=\"noopener \"\n\t\t\t\t\t\t\ttitle=\"Safari di Lusso - Kruger area e mozambico\"\n\t\t\t\t\t\t\tstyle=\"width:225px; height:225px;\">\n\t\t\t\t\t\t\t<span class=\"fetched\" style=\"background-image:  url('http:\/\/etcdn.net\/thumbnails\/28766\/it-cape-town-south-africa-per-tutti-56708.jpg');\" title=\"Safari di Lusso - Kruger area e mozambico\"><\/span><amp-img width=\"225\" height=\"225\" src=\"http:\/\/etcdn.net\/thumbnails\/28766\/it-cape-town-south-africa-per-tutti-56708.jpg\">\t\t\t\t\t\t<\/a>\n\t\t\t\t\t<\/div>\n\t\t\t\t\t\t\t\t<div class=\"rss_content_wrap\">\n\t\t\t\t\t<span class=\"title\">\n\t\t\t\t\t\t<a href=\"https:\/\/sudafrica.evolutiontravel.it\/it_IT\/893\/tab\/39507_safari-di-lusso-kruger-area-e-mozambico.html\" target=\"_blank\"  rel=\"noopener \">\n\t\t\t\t\t\t\tSafari di Lusso - Kruger area e mozambico\t\t\t\t\t\t<\/a>\n\t\t\t\t\t<\/span>\n\t\t\t\t\t<div class=\"rss_content\"\n\t\t\t\t\t\t\tstyle=\"\">\n\t\t\t\t\t\t\n\t\t\t\t\t\t\t\t\t\t\t\t<p class=\"description\">Un viaggio indimenticabile, totalmente dedicato a chi ama il lusso e non vuole lasciare nulla al caso. Vi troverete a contatto [&hellip;]<\/p>\n\t\t\t\t\t\t\n\t\t\t\t\t\t\t\t\t\t\t\t\t\t\t\t\t\t\t<div class=\"price-wrap\">\n\t\t\t\t\t\t\t\t<a href=\"https:\/\/sudafrica.evolutiontravel.it\/it_IT\/893\/tab\/39507_safari-di-lusso-kruger-area-e-mozambico.html\" target=\"_blank\" rel=\"noopener\"><button class=\"price\"> 5200<\/button><\/a>\n\t\t\t\t\t\t\t<\/div>\n\t\t\t\t\t\t\t\t\t\t\t<\/div>\n\t\t\t\t<\/div>\n\t\t\t<\/li>\n\t\t\t\t\t\t<li  style=\"padding: 23px 0 38px\" class=\"rss_item feedzy-rss-col-3\" >\n\t\t\t\t\t\t\t\t\t<div class=\"rss_image\" style=\"width:225px; height:225px;\">\n\t\t\t\t\t\t<a href=\"https:\/\/sudafrica.evolutiontravel.it\/it_IT\/893\/tab\/39509_safari-al-kruger-mpumalanga-e-mare.html\" target=\"_blank\" \n\t\t\t\t\t\t\trel=\"noopener \"\n\t\t\t\t\t\t\ttitle=\"Safari al kruger, mpumalanga e mare\"\n\t\t\t\t\t\t\tstyle=\"width:225px; height:225px;\">\n\t\t\t\t\t\t\t<span class=\"fetched\" style=\"background-image:  url('http:\/\/etcdn.net\/thumbnails\/27481\/it-johannesburg-meravigliosamente-nazione-arcobaleno-70314.jpg');\" title=\"Safari al kruger, mpumalanga e mare\"><\/span><amp-img width=\"225\" height=\"225\" src=\"http:\/\/etcdn.net\/thumbnails\/27481\/it-johannesburg-meravigliosamente-nazione-arcobaleno-70314.jpg\">\t\t\t\t\t\t<\/a>\n\t\t\t\t\t<\/div>\n\t\t\t\t\t\t\t\t<div class=\"rss_content_wrap\">\n\t\t\t\t\t<span class=\"title\">\n\t\t\t\t\t\t<a href=\"https:\/\/sudafrica.evolutiontravel.it\/it_IT\/893\/tab\/39509_safari-al-kruger-mpumalanga-e-mare.html\" target=\"_blank\"  rel=\"noopener \">\n\t\t\t\t\t\t\tSafari al kruger, mpumalanga e mare\t\t\t\t\t\t<\/a>\n\t\t\t\t\t<\/span>\n\t\t\t\t\t<div class=\"rss_content\"\n\t\t\t\t\t\t\tstyle=\"\">\n\t\t\t\t\t\t\n\t\t\t\t\t\t\t\t\t\t\t\t<p class=\"description\">Un itinerario di viaggio dedicato a chi desidera un contatto diretto con la natura ed effettuare emozionanti foto-safari nel [&hellip;]<\/p>\n\t\t\t\t\t\t\n\t\t\t\t\t\t\t\t\t\t\t\t\t\t\t\t\t\t\t<div class=\"price-wrap\">\n\t\t\t\t\t\t\t\t<a href=\"https:\/\/sudafrica.evolutiontravel.it\/it_IT\/893\/tab\/39509_safari-al-kruger-mpumalanga-e-mare.html\" target=\"_blank\" rel=\"noopener\"><button class=\"price\"> 3550<\/button><\/a>\n\t\t\t\t\t\t\t<\/div>\n\t\t\t\t\t\t\t\t\t\t\t<\/div>\n\t\t\t\t<\/div>\n\t\t\t<\/li>\n\t\t\t\t\t\t<li  style=\"padding: 23px 0 38px\" class=\"rss_item feedzy-rss-col-3\" >\n\t\t\t\t\t\t\t\t\t<div class=\"rss_image\" style=\"width:225px; height:225px;\">\n\t\t\t\t\t\t<a href=\"https:\/\/sudafrica.evolutiontravel.it\/it_IT\/893\/tab\/39389_self-drive-nella-regione-del-capo-e-garden-route.html\" target=\"_blank\" \n\t\t\t\t\t\t\trel=\"noopener \"\n\t\t\t\t\t\t\ttitle=\"Self drive nella Regione del Capo e garden route\"\n\t\t\t\t\t\t\tstyle=\"width:225px; height:225px;\">\n\t\t\t\t\t\t\t<span class=\"fetched\" style=\"background-image:  url('http:\/\/etcdn.net\/thumbnails\/27782\/it-cape-town-fly-and-drive-in-tour-nella-regione-del-capo-70382.jpg');\" title=\"Self drive nella Regione del Capo e garden route\"><\/span><amp-img width=\"225\" height=\"225\" src=\"http:\/\/etcdn.net\/thumbnails\/27782\/it-cape-town-fly-and-drive-in-tour-nella-regione-del-capo-70382.jpg\">\t\t\t\t\t\t<\/a>\n\t\t\t\t\t<\/div>\n\t\t\t\t\t\t\t\t<div class=\"rss_content_wrap\">\n\t\t\t\t\t<span class=\"title\">\n\t\t\t\t\t\t<a href=\"https:\/\/sudafrica.evolutiontravel.it\/it_IT\/893\/tab\/39389_self-drive-nella-regione-del-capo-e-garden-route.html\" target=\"_blank\"  rel=\"noopener \">\n\t\t\t\t\t\t\tSelf drive nella Regione del Capo e garden route\t\t\t\t\t\t<\/a>\n\t\t\t\t\t<\/span>\n\t\t\t\t\t<div class=\"rss_content\"\n\t\t\t\t\t\t\tstyle=\"\">\n\t\t\t\t\t\t\n\t\t\t\t\t\t\t\t\t\t\t\t<p class=\"description\">Lasciatevi accogliere dall'anima viva e dallo spettacolo di un paese straordinario: i suoni, la natura, il soffio del vento e le [&hellip;]<\/p>\n\t\t\t\t\t\t\n\t\t\t\t\t\t\t\t\t\t\t\t\t\t\t\t\t\t\t<div class=\"price-wrap\">\n\t\t\t\t\t\t\t\t<a href=\"https:\/\/sudafrica.evolutiontravel.it\/it_IT\/893\/tab\/39389_self-drive-nella-regione-del-capo-e-garden-route.html\" target=\"_blank\" rel=\"noopener\"><button class=\"price\"> 2400<\/button><\/a>\n\t\t\t\t\t\t\t<\/div>\n\t\t\t\t\t\t\t\t\t\t\t<\/div>\n\t\t\t\t<\/div>\n\t\t\t<\/li>\n\t\t\t\t<\/ul>\n<\/div>\n<style type=\"text\/css\" media=\"all\">.feedzy-rss .rss_item .rss_image{float:left;position:relative;border:none;text-decoration:none;max-width:100%}.feedzy-rss .rss_item .rss_image span{display:inline-block;position:absolute;width:100%;height:100%;background-position:50%;background-size:cover}.feedzy-rss .rss_item .rss_image{margin:.3em 1em 0 0;content-visibility:auto}.feedzy-rss ul{list-style:none}.feedzy-rss ul li{display:inline-block}<\/style>\n","protected":false},"excerpt":{"rendered":"<p>Al confine con il Sudafrica ecco lo Zimbabwe, conosciuto soprattutto per le Cascate Victoria, un&#8217;attrazione da vedere durante la vostra vacanza nella Nazione Arcobaleno: uno spettacolo naturale che si estende per quasi due chilometri, creando un muro d\u2019acqua straordinario. Ma cosa signfica la parola &#8220;Zimbabwe&#8220;? E&#8217; il nome del suo sito archeologico pi\u00f9 famoso, Grande <a class=\"moretag\" href=\"https:\/\/sudafrica.evolutiontravel.it\/infovacanze\/destinazioni\/zimbabwe\/\">[&#8230;]<\/a><\/p>\n","protected":false},"author":6,"featured_media":0,"parent":33,"menu_order":0,"comment_status":"closed","ping_status":"closed","template":"templates\/template-with-right-sidebar.php","meta":{"footnotes":""},"yoast_head":"<!-- This site is optimized with the Yoast SEO plugin v21.9.1 - https:\/\/yoast.com\/wordpress\/plugins\/seo\/ -->\n<title>Escursioni in Zimbabwe: cascate Victoria e parchi per avvistare gli animali<\/title>\n<meta name=\"description\" content=\"Un viaggio in Zimbabwe che confina con il Sudafrica per scoprire natura, parchi, animali e le splendide cascate Victoria! Scopri i dettagli e parti con le nostre offerte!\" \/>\n<meta name=\"robots\" content=\"index, follow, max-snippet:-1, max-image-preview:large, max-video-preview:-1\" \/>\n<link rel=\"canonical\" href=\"https:\/\/sudafrica.evolutiontravel.it\/infovacanze\/destinazioni\/zimbabwe\/\" \/>\n<meta property=\"og:locale\" content=\"it_IT\" \/>\n<meta property=\"og:type\" content=\"article\" \/>\n<meta property=\"og:title\" content=\"Escursioni in Zimbabwe: cascate Victoria e parchi per avvistare gli animali\" \/>\n<meta property=\"og:description\" content=\"Un viaggio in Zimbabwe che confina con il Sudafrica per scoprire natura, parchi, animali e le splendide cascate Victoria! Scopri i dettagli e parti con le nostre offerte!\" \/>\n<meta property=\"og:url\" content=\"https:\/\/sudafrica.evolutiontravel.it\/infovacanze\/destinazioni\/zimbabwe\/\" \/>\n<meta property=\"og:site_name\" content=\"Sudafrica\" \/>\n<meta property=\"article:modified_time\" content=\"2018-04-05T13:30:51+00:00\" \/>\n<meta name=\"twitter:card\" content=\"summary_large_image\" \/>\n<meta name=\"twitter:label1\" content=\"Tempo di lettura stimato\" \/>\n\t<meta name=\"twitter:data1\" content=\"2 minuti\" \/>\n<script type=\"application\/ld+json\" class=\"yoast-schema-graph\">{\"@context\":\"https:\/\/schema.org\",\"@graph\":[{\"@type\":\"WebPage\",\"@id\":\"https:\/\/sudafrica.evolutiontravel.it\/infovacanze\/destinazioni\/zimbabwe\/\",\"url\":\"https:\/\/sudafrica.evolutiontravel.it\/infovacanze\/destinazioni\/zimbabwe\/\",\"name\":\"Escursioni in Zimbabwe: cascate Victoria e parchi per avvistare gli animali\",\"isPartOf\":{\"@id\":\"https:\/\/sudafrica.evolutiontravel.it\/infovacanze\/#website\"},\"datePublished\":\"2018-01-08T08:46:26+00:00\",\"dateModified\":\"2018-04-05T13:30:51+00:00\",\"description\":\"Un viaggio in Zimbabwe che confina con il Sudafrica per scoprire natura, parchi, animali e le splendide cascate Victoria! Scopri i dettagli e parti con le nostre offerte!\",\"breadcrumb\":{\"@id\":\"https:\/\/sudafrica.evolutiontravel.it\/infovacanze\/destinazioni\/zimbabwe\/#breadcrumb\"},\"inLanguage\":\"it-IT\",\"potentialAction\":[{\"@type\":\"ReadAction\",\"target\":[\"https:\/\/sudafrica.evolutiontravel.it\/infovacanze\/destinazioni\/zimbabwe\/\"]}]},{\"@type\":\"BreadcrumbList\",\"@id\":\"https:\/\/sudafrica.evolutiontravel.it\/infovacanze\/destinazioni\/zimbabwe\/#breadcrumb\",\"itemListElement\":[{\"@type\":\"ListItem\",\"position\":1,\"name\":\"Home\",\"item\":\"https:\/\/sudafrica.evolutiontravel.it\/infovacanze\/\"},{\"@type\":\"ListItem\",\"position\":2,\"name\":\"Luoghi da visitare\",\"item\":\"https:\/\/sudafrica.evolutiontravel.it\/infovacanze\/destinazioni\/\"},{\"@type\":\"ListItem\",\"position\":3,\"name\":\"Sudafrica e Zimbabwe\"}]},{\"@type\":\"WebSite\",\"@id\":\"https:\/\/sudafrica.evolutiontravel.it\/infovacanze\/#website\",\"url\":\"https:\/\/sudafrica.evolutiontravel.it\/infovacanze\/\",\"name\":\"Sudafrica\",\"description\":\"\",\"potentialAction\":[{\"@type\":\"SearchAction\",\"target\":{\"@type\":\"EntryPoint\",\"urlTemplate\":\"https:\/\/sudafrica.evolutiontravel.it\/infovacanze\/?s={search_term_string}\"},\"query-input\":\"required name=search_term_string\"}],\"inLanguage\":\"it-IT\"}]}<\/script>\n<!-- \/ Yoast SEO plugin. -->","yoast_head_json":{"title":"Escursioni in Zimbabwe: cascate Victoria e parchi per avvistare gli animali","description":"Un viaggio in Zimbabwe che confina con il Sudafrica per scoprire natura, parchi, animali e le splendide cascate Victoria! Scopri i dettagli e parti con le nostre offerte!","robots":{"index":"index","follow":"follow","max-snippet":"max-snippet:-1","max-image-preview":"max-image-preview:large","max-video-preview":"max-video-preview:-1"},"canonical":"https:\/\/sudafrica.evolutiontravel.it\/infovacanze\/destinazioni\/zimbabwe\/","og_locale":"it_IT","og_type":"article","og_title":"Escursioni in Zimbabwe: cascate Victoria e parchi per avvistare gli animali","og_description":"Un viaggio in Zimbabwe che confina con il Sudafrica per scoprire natura, parchi, animali e le splendide cascate Victoria! Scopri i dettagli e parti con le nostre offerte!","og_url":"https:\/\/sudafrica.evolutiontravel.it\/infovacanze\/destinazioni\/zimbabwe\/","og_site_name":"Sudafrica","article_modified_time":"2018-04-05T13:30:51+00:00","twitter_card":"summary_large_image","twitter_misc":{"Tempo di lettura stimato":"2 minuti"},"schema":{"@context":"https:\/\/schema.org","@graph":[{"@type":"WebPage","@id":"https:\/\/sudafrica.evolutiontravel.it\/infovacanze\/destinazioni\/zimbabwe\/","url":"https:\/\/sudafrica.evolutiontravel.it\/infovacanze\/destinazioni\/zimbabwe\/","name":"Escursioni in Zimbabwe: cascate Victoria e parchi per avvistare gli animali","isPartOf":{"@id":"https:\/\/sudafrica.evolutiontravel.it\/infovacanze\/#website"},"datePublished":"2018-01-08T08:46:26+00:00","dateModified":"2018-04-05T13:30:51+00:00","description":"Un viaggio in Zimbabwe che confina con il Sudafrica per scoprire natura, parchi, animali e le splendide cascate Victoria! Scopri i dettagli e parti con le nostre offerte!","breadcrumb":{"@id":"https:\/\/sudafrica.evolutiontravel.it\/infovacanze\/destinazioni\/zimbabwe\/#breadcrumb"},"inLanguage":"it-IT","potentialAction":[{"@type":"ReadAction","target":["https:\/\/sudafrica.evolutiontravel.it\/infovacanze\/destinazioni\/zimbabwe\/"]}]},{"@type":"BreadcrumbList","@id":"https:\/\/sudafrica.evolutiontravel.it\/infovacanze\/destinazioni\/zimbabwe\/#breadcrumb","itemListElement":[{"@type":"ListItem","position":1,"name":"Home","item":"https:\/\/sudafrica.evolutiontravel.it\/infovacanze\/"},{"@type":"ListItem","position":2,"name":"Luoghi da visitare","item":"https:\/\/sudafrica.evolutiontravel.it\/infovacanze\/destinazioni\/"},{"@type":"ListItem","position":3,"name":"Sudafrica e Zimbabwe"}]},{"@type":"WebSite","@id":"https:\/\/sudafrica.evolutiontravel.it\/infovacanze\/#website","url":"https:\/\/sudafrica.evolutiontravel.it\/infovacanze\/","name":"Sudafrica","description":"","potentialAction":[{"@type":"SearchAction","target":{"@type":"EntryPoint","urlTemplate":"https:\/\/sudafrica.evolutiontravel.it\/infovacanze\/?s={search_term_string}"},"query-input":"required name=search_term_string"}],"inLanguage":"it-IT"}]}},"_links":{"self":[{"href":"https:\/\/sudafrica.evolutiontravel.it\/infovacanze\/wp-json\/wp\/v2\/pages\/452"}],"collection":[{"href":"https:\/\/sudafrica.evolutiontravel.it\/infovacanze\/wp-json\/wp\/v2\/pages"}],"about":[{"href":"https:\/\/sudafrica.evolutiontravel.it\/infovacanze\/wp-json\/wp\/v2\/types\/page"}],"author":[{"embeddable":true,"href":"https:\/\/sudafrica.evolutiontravel.it\/infovacanze\/wp-json\/wp\/v2\/users\/6"}],"replies":[{"embeddable":true,"href":"https:\/\/sudafrica.evolutiontravel.it\/infovacanze\/wp-json\/wp\/v2\/comments?post=452"}],"version-history":[{"count":3,"href":"https:\/\/sudafrica.evolutiontravel.it\/infovacanze\/wp-json\/wp\/v2\/pages\/452\/revisions"}],"predecessor-version":[{"id":502,"href":"https:\/\/sudafrica.evolutiontravel.it\/infovacanze\/wp-json\/wp\/v2\/pages\/452\/revisions\/502"}],"up":[{"embeddable":true,"href":"https:\/\/sudafrica.evolutiontravel.it\/infovacanze\/wp-json\/wp\/v2\/pages\/33"}],"wp:attachment":[{"href":"https:\/\/sudafrica.evolutiontravel.it\/infovacanze\/wp-json\/wp\/v2\/media?parent=452"}],"curies":[{"name":"wp","href":"https:\/\/api.w.org\/{rel}","templated":true}]}}