{"id":456,"date":"2018-01-08T10:05:08","date_gmt":"2018-01-08T09:05:08","guid":{"rendered":"http:\/\/sudafrica.evolutiontravel.it\/infovacanze\/?page_id=456"},"modified":"2018-09-27T10:01:14","modified_gmt":"2018-09-27T08:01:14","slug":"durban","status":"publish","type":"page","link":"https:\/\/sudafrica.evolutiontravel.it\/infovacanze\/destinazioni\/durban\/","title":{"rendered":"Durban: spiagge e non solo!"},"content":{"rendered":"<p>Citt\u00e0 portuale del <strong>Sudafrica, Durban \u00e8 particolarmente famosa per le sue spiagge<\/strong> \u00e8 infatti soprannominata &#8220;la citt\u00e0 del surf&#8221; (<em>Surf City<\/em>) e separata dal mare da una lunga striscia di lidi che parte dalla zona sud del porto fino all\u2019estremit\u00e0 nord della citt\u00e0, nella zona di Umhlanga.<\/p>\n<p>Il <strong>lungomare pedonale<\/strong> \u00e8 per andare in bicicletta, camminare e correre mentre il mare, l&#8217;Oceano Indiano, permette di fare tante attivit\u00e0 acquatiche, dalle immersioni al surf, dal kite surf al jet ski, o semplicemente rilassarsi sulla sabbia.<\/p>\n<p>Qui il <strong>clima \u00e8 temperato e piacevole tutto l\u2019anno<\/strong> senza particolari escursioni termiche, unico accorgimento: non dimenticate la protezione solare, un cappello e scarpe adatte alle lunghe camminate, al resto ci penseranno l\u2019oceano, le spezie, il calore della gente e il panorama!<\/p>\n<h2>Cosa vedere a Durban<\/h2>\n<p>Fatevi subito trasportare dall\u2019atmosfera gioiosa di Durban, tra <strong>mercatini di spezie e artigianato<\/strong> come il <strong>Muti Market<\/strong>, il <strong>Victoria Street Market<\/strong> e lo <strong>Spice Emporium<\/strong>.<\/p>\n<p>Poi di certo non mancano alcune attrazioni per tutta la famiglia:<\/p>\n<ul>\n<li><strong>Stadio Moses Mabhida<\/strong>, costruito per i Mondiali 2010, \u00e8 una struttura sportiva all\u2019avanguardia, che fa da base per molte attivit\u00e0 turistiche come i <strong>giri in segway<\/strong> e sulle <strong>SkyCar panoramiche<\/strong>.<\/li>\n<li><strong>Ushaka Marine World<\/strong> \u00e8 situato vicino al porto e comprende al suo interno <strong>un grande acquario, un parco<\/strong> acquatico e un ristorante panoramico con vista sull\u2019oceano, ideale per le vacanze in famiglia.<\/li>\n<li>Per chi vuole approfondire gli <strong>aspetti storici e culturali<\/strong>, consigliamo di visitare il <strong>Local History Museum<\/strong>, <strong>l\u2019orologio Da Gama<\/strong> a Victoria Embankment e <strong>la Moschea di Juma<\/strong>, una delle pi\u00f9 grandi del continente Africano.<\/li>\n<\/ul>\n<p>Dedicate del tempo anche a un giro per le <strong>township intorno alla citt\u00e0<\/strong>, alla scoperta dei luoghi legati a personalit\u00e0 come Mandela, che ha votato qui per le prime elezioni democratiche nel 1994, o Gandhi, che ha vissuto in Sudafrica ben 21 anni.<\/p>\n<p>In citt\u00e0 troverete tanti ristoranti, dai <strong>banchi di street food<\/strong> fino ai fine dining <strong>pi\u00f9 sofisticati<\/strong>: provate i piatti tipici a base di curry e pesce freschissimo.<\/p>\n<h2>Dintorni di Durban<\/h2>\n<p>La stupenda costa continua anche oltre i confini della citt\u00e0: a nord-est c\u2019\u00e8 una delle <strong>localit\u00e0 balneari pi\u00f9 chic<\/strong> del paese, <strong>Umhlanga Rock<\/strong>, a poca distanza dal sito dove \u00e8 sepolto lo storico re Zulu Shaka.<\/p>\n<p>A una trentina di chilometri a sud di Durban troviamo invece <strong>Amanzimtoti<\/strong>, dalle <strong>affascinanti coste lagunari<\/strong>.<\/p>\n<p>Inoltrandoci all\u2019interno, a circa mezz\u2019ora dalla costa, ecco la <strong>Valley of Thousand Hills<\/strong> e il <strong>Midlands Meander<\/strong>, con botteghe e laboratori di artigianato.<\/p>\n<p>&nbsp;<\/p>\n<h3 style=\"text-align: center\"><span style=\"color: #008000\">IMPERDIBILI OFFERTE PER IL SUDAFRICA<\/span><\/h3>\n<p style=\"text-align: center\">Non ci credi? Scopri subito con un solo click <strong>tutti i dettagli<\/strong><\/p>\n<p style=\"text-align: center\"><strong>Programma<\/strong>, <strong>foto<\/strong>, <strong>commenti<\/strong>, <strong>itinerari<\/strong>, <strong>servizi<\/strong> inclusi: <strong><span style=\"color: #008000\">CLICCA E SCOPRI TUTTO SUBITO!<\/span><\/strong><\/p>\n<div class=\"feedzy-c9c3331915b01133c363c6d95254aa5d feedzy-rss\">\n\t\t<ul class=\"feedzy-style2\">\n\t\t\t\t\t<li  style=\"padding: 23px 0 38px\" class=\"rss_item feedzy-rss-col-3\" >\n\t\t\t\t\t\t\t\t\t<div class=\"rss_image\" style=\"width:225px; height:225px;\">\n\t\t\t\t\t\t<a href=\"https:\/\/sudafrica.evolutiontravel.it\/it_IT\/893\/tab\/39400_safari-di-lusso-kruger-area.html\" target=\"_blank\" \n\t\t\t\t\t\t\trel=\"noopener \"\n\t\t\t\t\t\t\ttitle=\"Safari di Lusso - Kruger area\"\n\t\t\t\t\t\t\tstyle=\"width:225px; height:225px;\">\n\t\t\t\t\t\t\t<span class=\"fetched\" style=\"background-image:  url('http:\/\/etcdn.net\/thumbnails\/28766\/it-cape-town-south-africa-per-tutti-56708.jpg');\" title=\"Safari di Lusso - Kruger area\"><\/span><amp-img width=\"225\" height=\"225\" src=\"http:\/\/etcdn.net\/thumbnails\/28766\/it-cape-town-south-africa-per-tutti-56708.jpg\">\t\t\t\t\t\t<\/a>\n\t\t\t\t\t<\/div>\n\t\t\t\t\t\t\t\t<div class=\"rss_content_wrap\">\n\t\t\t\t\t<span class=\"title\">\n\t\t\t\t\t\t<a href=\"https:\/\/sudafrica.evolutiontravel.it\/it_IT\/893\/tab\/39400_safari-di-lusso-kruger-area.html\" target=\"_blank\"  rel=\"noopener \">\n\t\t\t\t\t\t\tSafari di Lusso - Kruger area\t\t\t\t\t\t<\/a>\n\t\t\t\t\t<\/span>\n\t\t\t\t\t<div class=\"rss_content\"\n\t\t\t\t\t\t\tstyle=\"\">\n\t\t\t\t\t\t\n\t\t\t\t\t\t\t\t\t\t\t\t<p class=\"description\">Un viaggio indimenticabile, totalmente dedicato a chi ama il lusso e non vuole lasciare nulla al caso. Vi troverete a contatto [&hellip;]<\/p>\n\t\t\t\t\t\t\n\t\t\t\t\t\t\t\t\t\t\t\t\t\t\t\t\t\t\t<div class=\"price-wrap\">\n\t\t\t\t\t\t\t\t<a href=\"https:\/\/sudafrica.evolutiontravel.it\/it_IT\/893\/tab\/39400_safari-di-lusso-kruger-area.html\" target=\"_blank\" rel=\"noopener\"><button class=\"price\"> 2000<\/button><\/a>\n\t\t\t\t\t\t\t<\/div>\n\t\t\t\t\t\t\t\t\t\t\t<\/div>\n\t\t\t\t<\/div>\n\t\t\t<\/li>\n\t\t\t\t\t\t<li  style=\"padding: 23px 0 38px\" class=\"rss_item feedzy-rss-col-3\" >\n\t\t\t\t\t\t\t\t\t<div class=\"rss_image\" style=\"width:225px; height:225px;\">\n\t\t\t\t\t\t<a href=\"https:\/\/sudafrica.evolutiontravel.it\/it_IT\/893\/tab\/39389_self-drive-nella-regione-del-capo-e-garden-route.html\" target=\"_blank\" \n\t\t\t\t\t\t\trel=\"noopener \"\n\t\t\t\t\t\t\ttitle=\"Self drive nella Regione del Capo e garden route\"\n\t\t\t\t\t\t\tstyle=\"width:225px; height:225px;\">\n\t\t\t\t\t\t\t<span class=\"fetched\" style=\"background-image:  url('http:\/\/etcdn.net\/thumbnails\/27782\/it-cape-town-fly-and-drive-in-tour-nella-regione-del-capo-70382.jpg');\" title=\"Self drive nella Regione del Capo e garden route\"><\/span><amp-img width=\"225\" height=\"225\" src=\"http:\/\/etcdn.net\/thumbnails\/27782\/it-cape-town-fly-and-drive-in-tour-nella-regione-del-capo-70382.jpg\">\t\t\t\t\t\t<\/a>\n\t\t\t\t\t<\/div>\n\t\t\t\t\t\t\t\t<div class=\"rss_content_wrap\">\n\t\t\t\t\t<span class=\"title\">\n\t\t\t\t\t\t<a href=\"https:\/\/sudafrica.evolutiontravel.it\/it_IT\/893\/tab\/39389_self-drive-nella-regione-del-capo-e-garden-route.html\" target=\"_blank\"  rel=\"noopener \">\n\t\t\t\t\t\t\tSelf drive nella Regione del Capo e garden route\t\t\t\t\t\t<\/a>\n\t\t\t\t\t<\/span>\n\t\t\t\t\t<div class=\"rss_content\"\n\t\t\t\t\t\t\tstyle=\"\">\n\t\t\t\t\t\t\n\t\t\t\t\t\t\t\t\t\t\t\t<p class=\"description\">Lasciatevi accogliere dall'anima viva e dallo spettacolo di un paese straordinario: i suoni, la natura, il soffio del vento e le [&hellip;]<\/p>\n\t\t\t\t\t\t\n\t\t\t\t\t\t\t\t\t\t\t\t\t\t\t\t\t\t\t<div class=\"price-wrap\">\n\t\t\t\t\t\t\t\t<a href=\"https:\/\/sudafrica.evolutiontravel.it\/it_IT\/893\/tab\/39389_self-drive-nella-regione-del-capo-e-garden-route.html\" target=\"_blank\" rel=\"noopener\"><button class=\"price\"> 2400<\/button><\/a>\n\t\t\t\t\t\t\t<\/div>\n\t\t\t\t\t\t\t\t\t\t\t<\/div>\n\t\t\t\t<\/div>\n\t\t\t<\/li>\n\t\t\t\t\t\t<li  style=\"padding: 23px 0 38px\" class=\"rss_item feedzy-rss-col-3\" >\n\t\t\t\t\t\t\t\t\t<div class=\"rss_image\" style=\"width:225px; height:225px;\">\n\t\t\t\t\t\t<a href=\"https:\/\/sudafrica.evolutiontravel.it\/it_IT\/893\/tab\/27782_self-drive-in-tour-nella-regione-del-capo-e-garden-route-e-riserva-privata.html\" target=\"_blank\" \n\t\t\t\t\t\t\trel=\"noopener \"\n\t\t\t\t\t\t\ttitle=\"Self drive in Tour nella Regione del Capo e garden route e riserva privata\"\n\t\t\t\t\t\t\tstyle=\"width:225px; height:225px;\">\n\t\t\t\t\t\t\t<span class=\"fetched\" style=\"background-image:  url('http:\/\/etcdn.net\/thumbnails\/27782\/it-cape-town-fly-and-drive-in-tour-nella-regione-del-capo-70381.jpg');\" title=\"Self drive in Tour nella Regione del Capo e garden route e riserva privata\"><\/span><amp-img width=\"225\" height=\"225\" src=\"http:\/\/etcdn.net\/thumbnails\/27782\/it-cape-town-fly-and-drive-in-tour-nella-regione-del-capo-70381.jpg\">\t\t\t\t\t\t<\/a>\n\t\t\t\t\t<\/div>\n\t\t\t\t\t\t\t\t<div class=\"rss_content_wrap\">\n\t\t\t\t\t<span class=\"title\">\n\t\t\t\t\t\t<a href=\"https:\/\/sudafrica.evolutiontravel.it\/it_IT\/893\/tab\/27782_self-drive-in-tour-nella-regione-del-capo-e-garden-route-e-riserva-privata.html\" target=\"_blank\"  rel=\"noopener \">\n\t\t\t\t\t\t\tSelf drive in Tour nella Regione del Capo e garden route e riserva privata\t\t\t\t\t\t<\/a>\n\t\t\t\t\t<\/span>\n\t\t\t\t\t<div class=\"rss_content\"\n\t\t\t\t\t\t\tstyle=\"\">\n\t\t\t\t\t\t\n\t\t\t\t\t\t\t\t\t\t\t\t<p class=\"description\">Lasciatevi accogliere dall'anima viva e dallo spettacolo di un paese straordinario: i suoni, la natura, il soffio del vento e le [&hellip;]<\/p>\n\t\t\t\t\t\t\n\t\t\t\t\t\t\t\t\t\t\t\t\t\t\t\t\t\t\t<div class=\"price-wrap\">\n\t\t\t\t\t\t\t\t<a href=\"https:\/\/sudafrica.evolutiontravel.it\/it_IT\/893\/tab\/27782_self-drive-in-tour-nella-regione-del-capo-e-garden-route-e-riserva-privata.html\" target=\"_blank\" rel=\"noopener\"><button class=\"price\"> 2350<\/button><\/a>\n\t\t\t\t\t\t\t<\/div>\n\t\t\t\t\t\t\t\t\t\t\t<\/div>\n\t\t\t\t<\/div>\n\t\t\t<\/li>\n\t\t\t\t\t\t<li  style=\"padding: 23px 0 38px\" class=\"rss_item feedzy-rss-col-3\" >\n\t\t\t\t\t\t\t\t\t<div class=\"rss_image\" style=\"width:225px; height:225px;\">\n\t\t\t\t\t\t<a href=\"https:\/\/sudafrica.evolutiontravel.it\/it_IT\/893\/tab\/39398_safari-al-kruger-e-mpumalanga.html\" target=\"_blank\" \n\t\t\t\t\t\t\trel=\"noopener \"\n\t\t\t\t\t\t\ttitle=\"Safari al kruger e mpumalanga\"\n\t\t\t\t\t\t\tstyle=\"width:225px; height:225px;\">\n\t\t\t\t\t\t\t<span class=\"fetched\" style=\"background-image:  url('http:\/\/etcdn.net\/thumbnails\/27481\/it-johannesburg-meravigliosamente-nazione-arcobaleno-7031a.jpg');\" title=\"Safari al kruger e mpumalanga\"><\/span><amp-img width=\"225\" height=\"225\" src=\"http:\/\/etcdn.net\/thumbnails\/27481\/it-johannesburg-meravigliosamente-nazione-arcobaleno-7031a.jpg\">\t\t\t\t\t\t<\/a>\n\t\t\t\t\t<\/div>\n\t\t\t\t\t\t\t\t<div class=\"rss_content_wrap\">\n\t\t\t\t\t<span class=\"title\">\n\t\t\t\t\t\t<a href=\"https:\/\/sudafrica.evolutiontravel.it\/it_IT\/893\/tab\/39398_safari-al-kruger-e-mpumalanga.html\" target=\"_blank\"  rel=\"noopener \">\n\t\t\t\t\t\t\tSafari al kruger e mpumalanga\t\t\t\t\t\t<\/a>\n\t\t\t\t\t<\/span>\n\t\t\t\t\t<div class=\"rss_content\"\n\t\t\t\t\t\t\tstyle=\"\">\n\t\t\t\t\t\t\n\t\t\t\t\t\t\t\t\t\t\t\t<p class=\"description\">Un itinerario di viaggio dedicato a chi desidera un contatto diretto con la natura ed effettuare emozionanti foto-safari nel [&hellip;]<\/p>\n\t\t\t\t\t\t\n\t\t\t\t\t\t\t\t\t\t\t\t\t\t\t\t\t\t\t<div class=\"price-wrap\">\n\t\t\t\t\t\t\t\t<a href=\"https:\/\/sudafrica.evolutiontravel.it\/it_IT\/893\/tab\/39398_safari-al-kruger-e-mpumalanga.html\" target=\"_blank\" rel=\"noopener\"><button class=\"price\"> 2100<\/button><\/a>\n\t\t\t\t\t\t\t<\/div>\n\t\t\t\t\t\t\t\t\t\t\t<\/div>\n\t\t\t\t<\/div>\n\t\t\t<\/li>\n\t\t\t\t\t\t<li  style=\"padding: 23px 0 38px\" class=\"rss_item feedzy-rss-col-3\" >\n\t\t\t\t\t\t\t\t\t<div class=\"rss_image\" style=\"width:225px; height:225px;\">\n\t\t\t\t\t\t<a href=\"https:\/\/sudafrica.evolutiontravel.it\/it_IT\/893\/tab\/1299_il-kruger-national-park.html\" target=\"_blank\" \n\t\t\t\t\t\t\trel=\"noopener \"\n\t\t\t\t\t\t\ttitle=\"Il Kruger National Park\"\n\t\t\t\t\t\t\tstyle=\"width:225px; height:225px;\">\n\t\t\t\t\t\t\t<span class=\"fetched\" style=\"background-image:  url('http:\/\/etcdn.net\/thumbnails\/1299\/it-johannesburg-il-kruger-national-park-5634a.jpg');\" title=\"Il Kruger National Park\"><\/span><amp-img width=\"225\" height=\"225\" src=\"http:\/\/etcdn.net\/thumbnails\/1299\/it-johannesburg-il-kruger-national-park-5634a.jpg\">\t\t\t\t\t\t<\/a>\n\t\t\t\t\t<\/div>\n\t\t\t\t\t\t\t\t<div class=\"rss_content_wrap\">\n\t\t\t\t\t<span class=\"title\">\n\t\t\t\t\t\t<a href=\"https:\/\/sudafrica.evolutiontravel.it\/it_IT\/893\/tab\/1299_il-kruger-national-park.html\" target=\"_blank\"  rel=\"noopener \">\n\t\t\t\t\t\t\tIl Kruger National Park\t\t\t\t\t\t<\/a>\n\t\t\t\t\t<\/span>\n\t\t\t\t\t<div class=\"rss_content\"\n\t\t\t\t\t\t\tstyle=\"\">\n\t\t\t\t\t\t\n\t\t\t\t\t\t\t\t\t\t\t\t<p class=\"description\">Viaggio fly &amp; drive incentrato sulla visita del Kruger National Park e della zona del Mpumalanga.<\/p>\n\t\t\t\t\t\t\n\t\t\t\t\t\t\t\t\t\t\t\t\t\t\t\t\t\t\t<div class=\"price-wrap\">\n\t\t\t\t\t\t\t\t<a href=\"https:\/\/sudafrica.evolutiontravel.it\/it_IT\/893\/tab\/1299_il-kruger-national-park.html\" target=\"_blank\" rel=\"noopener\"><button class=\"price\"> 2280<\/button><\/a>\n\t\t\t\t\t\t\t<\/div>\n\t\t\t\t\t\t\t\t\t\t\t<\/div>\n\t\t\t\t<\/div>\n\t\t\t<\/li>\n\t\t\t\t\t\t<li  style=\"padding: 23px 0 38px\" class=\"rss_item feedzy-rss-col-3\" >\n\t\t\t\t\t\t\t\t\t<div class=\"rss_image\" style=\"width:225px; height:225px;\">\n\t\t\t\t\t\t<a href=\"https:\/\/sudafrica.evolutiontravel.it\/it_IT\/893\/tab\/28646_fra-animali-e-citta.html\" target=\"_blank\" \n\t\t\t\t\t\t\trel=\"noopener \"\n\t\t\t\t\t\t\ttitle=\"Fra animali e citt\u00e0\"\n\t\t\t\t\t\t\tstyle=\"width:225px; height:225px;\">\n\t\t\t\t\t\t\t<span class=\"fetched\" style=\"background-image:  url('http:\/\/etcdn.net\/thumbnails\/28646\/it-johannesburg-fra-animali-e-citta-5658f.jpg');\" title=\"Fra animali e citt\u00e0\"><\/span><amp-img width=\"225\" height=\"225\" src=\"http:\/\/etcdn.net\/thumbnails\/28646\/it-johannesburg-fra-animali-e-citta-5658f.jpg\">\t\t\t\t\t\t<\/a>\n\t\t\t\t\t<\/div>\n\t\t\t\t\t\t\t\t<div class=\"rss_content_wrap\">\n\t\t\t\t\t<span class=\"title\">\n\t\t\t\t\t\t<a href=\"https:\/\/sudafrica.evolutiontravel.it\/it_IT\/893\/tab\/28646_fra-animali-e-citta.html\" target=\"_blank\"  rel=\"noopener \">\n\t\t\t\t\t\t\tFra animali e citt\u00e0\t\t\t\t\t\t<\/a>\n\t\t\t\t\t<\/span>\n\t\t\t\t\t<div class=\"rss_content\"\n\t\t\t\t\t\t\tstyle=\"\">\n\t\t\t\t\t\t\n\t\t\t\t\t\t\t\t\t\t\t\t<p class=\"description\">Viaggio self drive o con guida che ci porter\u00e0 a scoprire la natura del sudafrica e la cosmopolita Citt\u00e0 del Capo.<\/p>\n\t\t\t\t\t\t\n\t\t\t\t\t\t\t\t\t\t\t\t\t\t\t\t\t\t\t<div class=\"price-wrap\">\n\t\t\t\t\t\t\t\t<a href=\"https:\/\/sudafrica.evolutiontravel.it\/it_IT\/893\/tab\/28646_fra-animali-e-citta.html\" target=\"_blank\" rel=\"noopener\"><button class=\"price\"> 2440<\/button><\/a>\n\t\t\t\t\t\t\t<\/div>\n\t\t\t\t\t\t\t\t\t\t\t<\/div>\n\t\t\t\t<\/div>\n\t\t\t<\/li>\n\t\t\t\t<\/ul>\n<\/div>\n<style type=\"text\/css\" media=\"all\">.feedzy-rss .rss_item .rss_image{float:left;position:relative;border:none;text-decoration:none;max-width:100%}.feedzy-rss .rss_item .rss_image span{display:inline-block;position:absolute;width:100%;height:100%;background-position:50%;background-size:cover}.feedzy-rss .rss_item .rss_image{margin:.3em 1em 0 0;content-visibility:auto}.feedzy-rss ul{list-style:none}.feedzy-rss ul li{display:inline-block}<\/style>\n<p>Per <strong>approfondire<\/strong> alcuni argomenti trattati in questo articolo clicca su quello di tuo interesse:<\/p>\n<ul>\n<li><a title=\"mare in sudafrica\" href=\"https:\/\/sudafrica.evolutiontravel.it\/infovacanze\/safari\/mare\/\">Sudafrica tra safari e mare<\/a><\/li>\n<li><a title=\"clima sudafrica\" href=\"https:\/\/sudafrica.evolutiontravel.it\/infovacanze\/utilita\/migliori-stagioni\/\">Il periodo migliore per visitare il Sudafrica<\/a><\/li>\n<\/ul>\n","protected":false},"excerpt":{"rendered":"<p>Citt\u00e0 portuale del Sudafrica, Durban \u00e8 particolarmente famosa per le sue spiagge \u00e8 infatti soprannominata &#8220;la citt\u00e0 del surf&#8221; (Surf City) e separata dal mare da una lunga striscia di lidi che parte dalla zona sud del porto fino all\u2019estremit\u00e0 nord della citt\u00e0, nella zona di Umhlanga. Il lungomare pedonale \u00e8 per andare in bicicletta, <a class=\"moretag\" href=\"https:\/\/sudafrica.evolutiontravel.it\/infovacanze\/destinazioni\/durban\/\">[&#8230;]<\/a><\/p>\n","protected":false},"author":6,"featured_media":0,"parent":33,"menu_order":0,"comment_status":"closed","ping_status":"closed","template":"templates\/template-with-right-sidebar.php","meta":{"footnotes":""},"yoast_head":"<!-- This site is optimized with the Yoast SEO plugin v21.9.1 - https:\/\/yoast.com\/wordpress\/plugins\/seo\/ -->\n<title>Durban, spiagge e attrazioni della citt\u00e0 costiera sudafricana<\/title>\n<meta name=\"description\" content=\"Scopri con noi Durban: una citt\u00e0 costiera del Sudafrica nota per le sue spiagge, il mare, le attivit\u00e0 acquatiche e le attrazioni per tutta la famiglia! Parti grazie alle nostre imperdibili offerte e leggi tutti i dettagli del viaggio!\" \/>\n<meta name=\"robots\" content=\"index, follow, max-snippet:-1, max-image-preview:large, max-video-preview:-1\" \/>\n<link rel=\"canonical\" href=\"https:\/\/sudafrica.evolutiontravel.it\/infovacanze\/destinazioni\/durban\/\" \/>\n<meta property=\"og:locale\" content=\"it_IT\" \/>\n<meta property=\"og:type\" content=\"article\" \/>\n<meta property=\"og:title\" content=\"Durban, spiagge e attrazioni della citt\u00e0 costiera sudafricana\" \/>\n<meta property=\"og:description\" content=\"Scopri con noi Durban: una citt\u00e0 costiera del Sudafrica nota per le sue spiagge, il mare, le attivit\u00e0 acquatiche e le attrazioni per tutta la famiglia! Parti grazie alle nostre imperdibili offerte e leggi tutti i dettagli del viaggio!\" \/>\n<meta property=\"og:url\" content=\"https:\/\/sudafrica.evolutiontravel.it\/infovacanze\/destinazioni\/durban\/\" \/>\n<meta property=\"og:site_name\" content=\"Sudafrica\" \/>\n<meta property=\"article:modified_time\" content=\"2018-09-27T08:01:14+00:00\" \/>\n<meta name=\"twitter:card\" content=\"summary_large_image\" \/>\n<meta name=\"twitter:label1\" content=\"Tempo di lettura stimato\" \/>\n\t<meta name=\"twitter:data1\" content=\"3 minuti\" \/>\n<script type=\"application\/ld+json\" class=\"yoast-schema-graph\">{\"@context\":\"https:\/\/schema.org\",\"@graph\":[{\"@type\":\"WebPage\",\"@id\":\"https:\/\/sudafrica.evolutiontravel.it\/infovacanze\/destinazioni\/durban\/\",\"url\":\"https:\/\/sudafrica.evolutiontravel.it\/infovacanze\/destinazioni\/durban\/\",\"name\":\"Durban, spiagge e attrazioni della citt\u00e0 costiera sudafricana\",\"isPartOf\":{\"@id\":\"https:\/\/sudafrica.evolutiontravel.it\/infovacanze\/#website\"},\"datePublished\":\"2018-01-08T09:05:08+00:00\",\"dateModified\":\"2018-09-27T08:01:14+00:00\",\"description\":\"Scopri con noi Durban: una citt\u00e0 costiera del Sudafrica nota per le sue spiagge, il mare, le attivit\u00e0 acquatiche e le attrazioni per tutta la famiglia! Parti grazie alle nostre imperdibili offerte e leggi tutti i dettagli del viaggio!\",\"breadcrumb\":{\"@id\":\"https:\/\/sudafrica.evolutiontravel.it\/infovacanze\/destinazioni\/durban\/#breadcrumb\"},\"inLanguage\":\"it-IT\",\"potentialAction\":[{\"@type\":\"ReadAction\",\"target\":[\"https:\/\/sudafrica.evolutiontravel.it\/infovacanze\/destinazioni\/durban\/\"]}]},{\"@type\":\"BreadcrumbList\",\"@id\":\"https:\/\/sudafrica.evolutiontravel.it\/infovacanze\/destinazioni\/durban\/#breadcrumb\",\"itemListElement\":[{\"@type\":\"ListItem\",\"position\":1,\"name\":\"Home\",\"item\":\"https:\/\/sudafrica.evolutiontravel.it\/infovacanze\/\"},{\"@type\":\"ListItem\",\"position\":2,\"name\":\"Luoghi da visitare\",\"item\":\"https:\/\/sudafrica.evolutiontravel.it\/infovacanze\/destinazioni\/\"},{\"@type\":\"ListItem\",\"position\":3,\"name\":\"Durban: spiagge e non solo!\"}]},{\"@type\":\"WebSite\",\"@id\":\"https:\/\/sudafrica.evolutiontravel.it\/infovacanze\/#website\",\"url\":\"https:\/\/sudafrica.evolutiontravel.it\/infovacanze\/\",\"name\":\"Sudafrica\",\"description\":\"\",\"potentialAction\":[{\"@type\":\"SearchAction\",\"target\":{\"@type\":\"EntryPoint\",\"urlTemplate\":\"https:\/\/sudafrica.evolutiontravel.it\/infovacanze\/?s={search_term_string}\"},\"query-input\":\"required name=search_term_string\"}],\"inLanguage\":\"it-IT\"}]}<\/script>\n<!-- \/ Yoast SEO plugin. -->","yoast_head_json":{"title":"Durban, spiagge e attrazioni della citt\u00e0 costiera sudafricana","description":"Scopri con noi Durban: una citt\u00e0 costiera del Sudafrica nota per le sue spiagge, il mare, le attivit\u00e0 acquatiche e le attrazioni per tutta la famiglia! Parti grazie alle nostre imperdibili offerte e leggi tutti i dettagli del viaggio!","robots":{"index":"index","follow":"follow","max-snippet":"max-snippet:-1","max-image-preview":"max-image-preview:large","max-video-preview":"max-video-preview:-1"},"canonical":"https:\/\/sudafrica.evolutiontravel.it\/infovacanze\/destinazioni\/durban\/","og_locale":"it_IT","og_type":"article","og_title":"Durban, spiagge e attrazioni della citt\u00e0 costiera sudafricana","og_description":"Scopri con noi Durban: una citt\u00e0 costiera del Sudafrica nota per le sue spiagge, il mare, le attivit\u00e0 acquatiche e le attrazioni per tutta la famiglia! Parti grazie alle nostre imperdibili offerte e leggi tutti i dettagli del viaggio!","og_url":"https:\/\/sudafrica.evolutiontravel.it\/infovacanze\/destinazioni\/durban\/","og_site_name":"Sudafrica","article_modified_time":"2018-09-27T08:01:14+00:00","twitter_card":"summary_large_image","twitter_misc":{"Tempo di lettura stimato":"3 minuti"},"schema":{"@context":"https:\/\/schema.org","@graph":[{"@type":"WebPage","@id":"https:\/\/sudafrica.evolutiontravel.it\/infovacanze\/destinazioni\/durban\/","url":"https:\/\/sudafrica.evolutiontravel.it\/infovacanze\/destinazioni\/durban\/","name":"Durban, spiagge e attrazioni della citt\u00e0 costiera sudafricana","isPartOf":{"@id":"https:\/\/sudafrica.evolutiontravel.it\/infovacanze\/#website"},"datePublished":"2018-01-08T09:05:08+00:00","dateModified":"2018-09-27T08:01:14+00:00","description":"Scopri con noi Durban: una citt\u00e0 costiera del Sudafrica nota per le sue spiagge, il mare, le attivit\u00e0 acquatiche e le attrazioni per tutta la famiglia! Parti grazie alle nostre imperdibili offerte e leggi tutti i dettagli del viaggio!","breadcrumb":{"@id":"https:\/\/sudafrica.evolutiontravel.it\/infovacanze\/destinazioni\/durban\/#breadcrumb"},"inLanguage":"it-IT","potentialAction":[{"@type":"ReadAction","target":["https:\/\/sudafrica.evolutiontravel.it\/infovacanze\/destinazioni\/durban\/"]}]},{"@type":"BreadcrumbList","@id":"https:\/\/sudafrica.evolutiontravel.it\/infovacanze\/destinazioni\/durban\/#breadcrumb","itemListElement":[{"@type":"ListItem","position":1,"name":"Home","item":"https:\/\/sudafrica.evolutiontravel.it\/infovacanze\/"},{"@type":"ListItem","position":2,"name":"Luoghi da visitare","item":"https:\/\/sudafrica.evolutiontravel.it\/infovacanze\/destinazioni\/"},{"@type":"ListItem","position":3,"name":"Durban: spiagge e non solo!"}]},{"@type":"WebSite","@id":"https:\/\/sudafrica.evolutiontravel.it\/infovacanze\/#website","url":"https:\/\/sudafrica.evolutiontravel.it\/infovacanze\/","name":"Sudafrica","description":"","potentialAction":[{"@type":"SearchAction","target":{"@type":"EntryPoint","urlTemplate":"https:\/\/sudafrica.evolutiontravel.it\/infovacanze\/?s={search_term_string}"},"query-input":"required name=search_term_string"}],"inLanguage":"it-IT"}]}},"_links":{"self":[{"href":"https:\/\/sudafrica.evolutiontravel.it\/infovacanze\/wp-json\/wp\/v2\/pages\/456"}],"collection":[{"href":"https:\/\/sudafrica.evolutiontravel.it\/infovacanze\/wp-json\/wp\/v2\/pages"}],"about":[{"href":"https:\/\/sudafrica.evolutiontravel.it\/infovacanze\/wp-json\/wp\/v2\/types\/page"}],"author":[{"embeddable":true,"href":"https:\/\/sudafrica.evolutiontravel.it\/infovacanze\/wp-json\/wp\/v2\/users\/6"}],"replies":[{"embeddable":true,"href":"https:\/\/sudafrica.evolutiontravel.it\/infovacanze\/wp-json\/wp\/v2\/comments?post=456"}],"version-history":[{"count":5,"href":"https:\/\/sudafrica.evolutiontravel.it\/infovacanze\/wp-json\/wp\/v2\/pages\/456\/revisions"}],"predecessor-version":[{"id":610,"href":"https:\/\/sudafrica.evolutiontravel.it\/infovacanze\/wp-json\/wp\/v2\/pages\/456\/revisions\/610"}],"up":[{"embeddable":true,"href":"https:\/\/sudafrica.evolutiontravel.it\/infovacanze\/wp-json\/wp\/v2\/pages\/33"}],"wp:attachment":[{"href":"https:\/\/sudafrica.evolutiontravel.it\/infovacanze\/wp-json\/wp\/v2\/media?parent=456"}],"curies":[{"name":"wp","href":"https:\/\/api.w.org\/{rel}","templated":true}]}}