{"id":539,"date":"2018-07-09T16:42:03","date_gmt":"2018-07-09T14:42:03","guid":{"rendered":"http:\/\/sudafrica.evolutiontravel.it\/infovacanze\/?page_id=539"},"modified":"2018-09-25T12:06:03","modified_gmt":"2018-09-25T10:06:03","slug":"sicurezza","status":"publish","type":"page","link":"https:\/\/sudafrica.evolutiontravel.it\/infovacanze\/sicurezza\/","title":{"rendered":"Sudafrica: sicurezza in vacanza"},"content":{"rendered":"<p>Molti viaggiatori, online, per email o sui Social e per telefono, ci chiedono se <strong>il Sudafrica sia o meno una destianzione sicura<\/strong>: <strong>la risposta \u00e8 s\u00ec<\/strong> ma ovviamente \u00e8 <strong>necessario seguire alcuni accorgimenti<\/strong> di buon senso e organizzazione e questo vale per tutti i paesi stranieri, non solo per il Sudafrica.<\/p>\n<p>Certamente <strong>affidare la pianificazione del viaggio a chi conosce il Sudafrica &#8220;<em>come le proprie tasche<\/em>&#8220;<\/strong> \u00e8 sempre la soluzione migliore: i nostri consulenti di viaggio sono esperti in questa destinazione per cui vi proporranno solo itinerari, safari ed escursioni sicuri e strutture ricettive di alto standard anche senza spendere cifre eccessive. E&#8217; importante <strong>scegliere sempre agenzie ufficiali e autorizzate<\/strong> e non accettare mai proposte di dubbia provenienza.<\/p>\n<h2>Sicurezza nelle citt\u00e0 sudafricane<\/h2>\n<p>Come succede per tutte le grandi citt\u00e0, anche nel caso del Sudafrica, parliamo per esempio di Johannesburg, Pretoria, Cape Town e Durban, pu\u00f2 esserci un maggio tasso di criminalit\u00e0 rispetto ai piccoli centri, ma sono <strong>le grandi metropoli<\/strong> a essere anche le pi\u00f9 attrezzate in termini di ristoranti, locali notturni e negozi.<\/p>\n<p>La raccomandazione \u00e8 di:<\/p>\n<ul>\n<li><strong> evitare di girare in centro a piedi nelle ore notturne<\/strong><\/li>\n<li>affidarsi <strong>a taxi autorizzati<\/strong><\/li>\n<li><strong>non ostentare oggetti di valore<\/strong>.<\/li>\n<\/ul>\n<p>Leggi anche: <em><a href=\"https:\/\/sudafrica.evolutiontravel.it\/infovacanze\/itinerari\/con-bambini\/\">In Sudafrica con i bambini: \u00e8 sicuro?<\/a><\/em><\/p>\n<h2>Spostamenti e trasporti interni<\/h2>\n<p>Per quanto riguarda gli spostamenti, <strong>se noleggiate un\u2019auto<\/strong> ricordatevi che la guida in Sudafrica \u00e8 a sinistra, e fuori dai centri abitati, quando la rete stradale si fa meno curata, fate molta attenzione agli <strong>attraversamenti improvvisi di persone e animali<\/strong>. Il soccorso stradale in caso di incidente va contattato immediatamente, possibilmente senza scendere dall\u2019auto.<\/p>\n<p>Se decidete invece di affidarvi ai <strong>trasporti locali<\/strong>, prediligete come gi\u00e0 detto i taxi autorizzati, i noleggi con conducente tramite app e le numerose opzioni di <strong>voli interni low cost<\/strong>, o i collegamenti in autobus tra le citt\u00e0 principali.<\/p>\n<h2>Salute e assicurazione medica<\/h2>\n<p>Dal punto di vista del <strong>rischio sanitario<\/strong>, se da un lato valgono le raccomandazioni di <strong>bere solo acqua che proviene da bottiglie chiuse<\/strong> e mangiare<strong> cibo ben cotto<\/strong>, c\u2019\u00e8 da puntualizzare che non ci sono particolari allerte per il Sudafrica.<\/p>\n<p>Vale sempre il consiglio di informarsi tramite i canali ufficiali su eventuali vaccinazioni utili da fare; naturalmente, stipulare<strong> un\u2019assicurazione medica per il viaggio<\/strong> \u00e8 consigliato caldamente per la copertura in caso di ricovero per infortuni o altri tipi di imprevisti.<\/p>\n<ul>\n<li>Leggi anche: <a href=\"https:\/\/sudafrica.evolutiontravel.it\/infovacanze\/utilita\/documenti-obbligatori\/\"><em>Vaccinazioni per andare in Sudafrica<\/em><\/a><\/li>\n<\/ul>\n<h2>\u201cScam\u201d sudafricani: attenzione alle truffe!<\/h2>\n<p>Una nota va dedicata ai cosiddetti \u201c<em>scam<\/em>\u201d, molto diffusi in Sudafrica: <strong>sedicenti \u201cuomini d\u2019affari\u201d<\/strong> cercano di agganciare soggetti identificati come facoltosi, al fine di proporgli opportunit\u00e0 di business che comprendono infallibilmente la presenza di denaro contante che poi, misteriosamente, sparisce.<\/p>\n<p>Tenetevi alla larga da chiunque vi avvicini con pretesti del genere e fate sempre attenzione a <strong>ritirare contante in zone molto frequentate<\/strong>: anche in questo caso, <strong>vale il buonsenso del viaggiatore<\/strong>.<\/p>\n<p>Insomma, organizzate qui il vostro viaggio con serenit\u00e0, ma non dimenticate di consultare sempre il sito <a href=\"http:\/\/www.viaggiaresicuri.it\/paesi\/dettaglio\/sud-africa.html\" target=\"_blank\" rel=\"noopener\">Viaggiare Sicuri del Ministero degli Esteri (Sudafrica)<\/a>\u00a0 per informazioni aggiornate, e di <a href=\"https:\/\/www.dovesiamonelmondo.it\/home.html\" target=\"_blank\" rel=\"noopener\">segnalare la vostra presenza all\u2019estero sul sito Dove Siamo Nel Mondo<\/a>.<\/p>\n<h3>Approfondimenti utili<\/h3>\n<p>In questo articolo abbiamo parlato di alcuni argomenti che se vuoi puoi approfondire cliccando su quello di tuo interesse qui di seguito in elenco oppure dai subito <strong>un&#8217;occhiata alle ultime offerte della settimana<\/strong>.<\/p>\n<ul>\n<li><a href=\"https:\/\/sudafrica.evolutiontravel.it\/infovacanze\/utilita\/migliori-stagioni\/\">Il periodo migliore per una vacanza in Sudafrica<\/a><\/li>\n<li><a href=\"https:\/\/sudafrica.evolutiontravel.it\/infovacanze\/utilita\/cucina-tipica\/\">Cosa mangiare in Sudafrica<\/a><\/li>\n<\/ul>\n<h3 style=\"text-align: center\"><span style=\"color: #008000\">SUDAFRICA A MENO DI 2000\u20ac<\/span><\/h3>\n<p style=\"text-align: center\"><strong>CLICCA SUBITO E NON PERDERE LE PROPOSTE DELLA SETTIMANA!<br \/>\n<\/strong><\/p>\n<p style=\"text-align: center\">In un solo click scopri: <strong>foto<\/strong>,<strong> recensioni<\/strong>, <strong>programma dettagliato<\/strong> e altro!<\/p>\n<div class=\"feedzy-4a61bbc7cf945f0ae00bf0d056f29542 feedzy-rss\"><ul>Feed has no items.<\/ul> <\/div>\n","protected":false},"excerpt":{"rendered":"<p>Molti viaggiatori, online, per email o sui Social e per telefono, ci chiedono se il Sudafrica sia o meno una destianzione sicura: la risposta \u00e8 s\u00ec ma ovviamente \u00e8 necessario seguire alcuni accorgimenti di buon senso e organizzazione e questo vale per tutti i paesi stranieri, non solo per il Sudafrica. Certamente affidare la pianificazione <a class=\"moretag\" href=\"https:\/\/sudafrica.evolutiontravel.it\/infovacanze\/sicurezza\/\">[&#8230;]<\/a><\/p>\n","protected":false},"author":6,"featured_media":0,"parent":0,"menu_order":0,"comment_status":"closed","ping_status":"closed","template":"templates\/template-with-right-sidebar.php","meta":{"footnotes":""},"yoast_head":"<!-- This site is optimized with the Yoast SEO plugin v21.9.1 - https:\/\/yoast.com\/wordpress\/plugins\/seo\/ -->\n<title>Sicurezza in Sudafrica: luogo sicuro per le tue vacanze - Evolution Travel<\/title>\n<meta name=\"description\" content=\"Vuoi sapere se il Sudafrica \u00e8 un luogo sicuro dove fare una vacanza? La risposta \u00e8 s\u00ec ma \u00e8 bene avere sempre buon senso: leggi il nostro articolo!\" \/>\n<meta name=\"robots\" content=\"index, follow, max-snippet:-1, max-image-preview:large, max-video-preview:-1\" \/>\n<link rel=\"canonical\" href=\"https:\/\/sudafrica.evolutiontravel.it\/infovacanze\/sicurezza\/\" \/>\n<meta property=\"og:locale\" content=\"it_IT\" \/>\n<meta property=\"og:type\" content=\"article\" \/>\n<meta property=\"og:title\" content=\"Sicurezza in Sudafrica: luogo sicuro per le tue vacanze - Evolution Travel\" \/>\n<meta property=\"og:description\" content=\"Vuoi sapere se il Sudafrica \u00e8 un luogo sicuro dove fare una vacanza? La risposta \u00e8 s\u00ec ma \u00e8 bene avere sempre buon senso: leggi il nostro articolo!\" \/>\n<meta property=\"og:url\" content=\"https:\/\/sudafrica.evolutiontravel.it\/infovacanze\/sicurezza\/\" \/>\n<meta property=\"og:site_name\" content=\"Sudafrica\" \/>\n<meta property=\"article:modified_time\" content=\"2018-09-25T10:06:03+00:00\" \/>\n<meta name=\"twitter:card\" content=\"summary_large_image\" \/>\n<meta name=\"twitter:label1\" content=\"Tempo di lettura stimato\" \/>\n\t<meta name=\"twitter:data1\" content=\"3 minuti\" \/>\n<script type=\"application\/ld+json\" class=\"yoast-schema-graph\">{\"@context\":\"https:\/\/schema.org\",\"@graph\":[{\"@type\":\"WebPage\",\"@id\":\"https:\/\/sudafrica.evolutiontravel.it\/infovacanze\/sicurezza\/\",\"url\":\"https:\/\/sudafrica.evolutiontravel.it\/infovacanze\/sicurezza\/\",\"name\":\"Sicurezza in Sudafrica: luogo sicuro per le tue vacanze - Evolution Travel\",\"isPartOf\":{\"@id\":\"https:\/\/sudafrica.evolutiontravel.it\/infovacanze\/#website\"},\"datePublished\":\"2018-07-09T14:42:03+00:00\",\"dateModified\":\"2018-09-25T10:06:03+00:00\",\"description\":\"Vuoi sapere se il Sudafrica \u00e8 un luogo sicuro dove fare una vacanza? La risposta \u00e8 s\u00ec ma \u00e8 bene avere sempre buon senso: leggi il nostro articolo!\",\"breadcrumb\":{\"@id\":\"https:\/\/sudafrica.evolutiontravel.it\/infovacanze\/sicurezza\/#breadcrumb\"},\"inLanguage\":\"it-IT\",\"potentialAction\":[{\"@type\":\"ReadAction\",\"target\":[\"https:\/\/sudafrica.evolutiontravel.it\/infovacanze\/sicurezza\/\"]}]},{\"@type\":\"BreadcrumbList\",\"@id\":\"https:\/\/sudafrica.evolutiontravel.it\/infovacanze\/sicurezza\/#breadcrumb\",\"itemListElement\":[{\"@type\":\"ListItem\",\"position\":1,\"name\":\"Home\",\"item\":\"https:\/\/sudafrica.evolutiontravel.it\/infovacanze\/\"},{\"@type\":\"ListItem\",\"position\":2,\"name\":\"Sudafrica: sicurezza in vacanza\"}]},{\"@type\":\"WebSite\",\"@id\":\"https:\/\/sudafrica.evolutiontravel.it\/infovacanze\/#website\",\"url\":\"https:\/\/sudafrica.evolutiontravel.it\/infovacanze\/\",\"name\":\"Sudafrica\",\"description\":\"\",\"potentialAction\":[{\"@type\":\"SearchAction\",\"target\":{\"@type\":\"EntryPoint\",\"urlTemplate\":\"https:\/\/sudafrica.evolutiontravel.it\/infovacanze\/?s={search_term_string}\"},\"query-input\":\"required name=search_term_string\"}],\"inLanguage\":\"it-IT\"}]}<\/script>\n<!-- \/ Yoast SEO plugin. -->","yoast_head_json":{"title":"Sicurezza in Sudafrica: luogo sicuro per le tue vacanze - Evolution Travel","description":"Vuoi sapere se il Sudafrica \u00e8 un luogo sicuro dove fare una vacanza? La risposta \u00e8 s\u00ec ma \u00e8 bene avere sempre buon senso: leggi il nostro articolo!","robots":{"index":"index","follow":"follow","max-snippet":"max-snippet:-1","max-image-preview":"max-image-preview:large","max-video-preview":"max-video-preview:-1"},"canonical":"https:\/\/sudafrica.evolutiontravel.it\/infovacanze\/sicurezza\/","og_locale":"it_IT","og_type":"article","og_title":"Sicurezza in Sudafrica: luogo sicuro per le tue vacanze - Evolution Travel","og_description":"Vuoi sapere se il Sudafrica \u00e8 un luogo sicuro dove fare una vacanza? La risposta \u00e8 s\u00ec ma \u00e8 bene avere sempre buon senso: leggi il nostro articolo!","og_url":"https:\/\/sudafrica.evolutiontravel.it\/infovacanze\/sicurezza\/","og_site_name":"Sudafrica","article_modified_time":"2018-09-25T10:06:03+00:00","twitter_card":"summary_large_image","twitter_misc":{"Tempo di lettura stimato":"3 minuti"},"schema":{"@context":"https:\/\/schema.org","@graph":[{"@type":"WebPage","@id":"https:\/\/sudafrica.evolutiontravel.it\/infovacanze\/sicurezza\/","url":"https:\/\/sudafrica.evolutiontravel.it\/infovacanze\/sicurezza\/","name":"Sicurezza in Sudafrica: luogo sicuro per le tue vacanze - Evolution Travel","isPartOf":{"@id":"https:\/\/sudafrica.evolutiontravel.it\/infovacanze\/#website"},"datePublished":"2018-07-09T14:42:03+00:00","dateModified":"2018-09-25T10:06:03+00:00","description":"Vuoi sapere se il Sudafrica \u00e8 un luogo sicuro dove fare una vacanza? La risposta \u00e8 s\u00ec ma \u00e8 bene avere sempre buon senso: leggi il nostro articolo!","breadcrumb":{"@id":"https:\/\/sudafrica.evolutiontravel.it\/infovacanze\/sicurezza\/#breadcrumb"},"inLanguage":"it-IT","potentialAction":[{"@type":"ReadAction","target":["https:\/\/sudafrica.evolutiontravel.it\/infovacanze\/sicurezza\/"]}]},{"@type":"BreadcrumbList","@id":"https:\/\/sudafrica.evolutiontravel.it\/infovacanze\/sicurezza\/#breadcrumb","itemListElement":[{"@type":"ListItem","position":1,"name":"Home","item":"https:\/\/sudafrica.evolutiontravel.it\/infovacanze\/"},{"@type":"ListItem","position":2,"name":"Sudafrica: sicurezza in vacanza"}]},{"@type":"WebSite","@id":"https:\/\/sudafrica.evolutiontravel.it\/infovacanze\/#website","url":"https:\/\/sudafrica.evolutiontravel.it\/infovacanze\/","name":"Sudafrica","description":"","potentialAction":[{"@type":"SearchAction","target":{"@type":"EntryPoint","urlTemplate":"https:\/\/sudafrica.evolutiontravel.it\/infovacanze\/?s={search_term_string}"},"query-input":"required name=search_term_string"}],"inLanguage":"it-IT"}]}},"_links":{"self":[{"href":"https:\/\/sudafrica.evolutiontravel.it\/infovacanze\/wp-json\/wp\/v2\/pages\/539"}],"collection":[{"href":"https:\/\/sudafrica.evolutiontravel.it\/infovacanze\/wp-json\/wp\/v2\/pages"}],"about":[{"href":"https:\/\/sudafrica.evolutiontravel.it\/infovacanze\/wp-json\/wp\/v2\/types\/page"}],"author":[{"embeddable":true,"href":"https:\/\/sudafrica.evolutiontravel.it\/infovacanze\/wp-json\/wp\/v2\/users\/6"}],"replies":[{"embeddable":true,"href":"https:\/\/sudafrica.evolutiontravel.it\/infovacanze\/wp-json\/wp\/v2\/comments?post=539"}],"version-history":[{"count":3,"href":"https:\/\/sudafrica.evolutiontravel.it\/infovacanze\/wp-json\/wp\/v2\/pages\/539\/revisions"}],"predecessor-version":[{"id":593,"href":"https:\/\/sudafrica.evolutiontravel.it\/infovacanze\/wp-json\/wp\/v2\/pages\/539\/revisions\/593"}],"wp:attachment":[{"href":"https:\/\/sudafrica.evolutiontravel.it\/infovacanze\/wp-json\/wp\/v2\/media?parent=539"}],"curies":[{"name":"wp","href":"https:\/\/api.w.org\/{rel}","templated":true}]}}