{"id":572,"date":"2018-08-02T12:41:11","date_gmt":"2018-08-02T10:41:11","guid":{"rendered":"http:\/\/sudafrica.evolutiontravel.it\/infovacanze\/?page_id=572"},"modified":"2018-08-03T11:28:36","modified_gmt":"2018-08-03T09:28:36","slug":"storia","status":"publish","type":"page","link":"https:\/\/sudafrica.evolutiontravel.it\/infovacanze\/storia\/","title":{"rendered":"Cenni di storia"},"content":{"rendered":"<p>Dai tour della townsip di Soweto, alle date storiche per il paese, passando per musei e luoghi Patrimonio dell\u2019Umanit\u00e0, qui ti raccontiamo la <strong>storia del Sudafrica<\/strong>.<\/p>\n<h2>Il cuore della lotta &#8211; Tour della township di Soweto<\/h2>\n<p>I tour della township di Soweto sono il modo migliore per i visitatori che arrivano per la prima volta, per immergersi nella vibrazione urbana del luogo che \u00e8 stato il cuore della lotta per la libert\u00e0. Un tour di Soweto non solo include luoghi siti di patrimonio nazionale, ma anche frizzanti ristoranti e pub.<\/p>\n<p>In compagnia di una guida locale si pu\u00f2 visitare Soweto (South+Western+Township) che fu l&#8217;epicentro di movimenti, rivolte, rivendicazioni politiche e dove si trova Vilakazi Street, l&#8217;unica strada al mondo dove hanno vissuto due premi Nobel per la pace &#8211; l&#8217;arcivescovo Desdmond Tutu nel 1984 e Mandela nel 1993. Conoscendo la storia di questo luogo, la visita dei luoghi della memoria \u00e8 ancora pi\u00f9 densa di pathos e significato.<\/p>\n<h2>18 luglio: Buon compleanno, Madiba!<\/h2>\n<p>Nelson Mandela rappresenta un eroe dei nostri tempi, per il Sudafrica e per il resto del mondo egli incarna i valori di libert\u00e0 e giustizia \u2013 avendo dedicato la maggior parte della sua vita lottando per l\u2019uguaglianza di tutti i sudafricani. Messaggero di speranza durante forse il periodo pi\u00f9 nero della storia di questo straordinario paese &#8211; gli anni difficili dell\u2019Apartheid \u2013 e tuttora simbolo di giustizia.<\/p>\n<p>Un giorno speciale e coinvolgente segna il Sudafrica oggi, un Paese in festa per il compleanno di questo mito vivente. Nelson Mandela compie infatti 93 anni. Nelle scuole oltre 12 milioni di bambini intoneranno uno speciale \u201cbuon compleanno\u201d, aziende, media, organizzazioni di volontariato e celebrit\u00e0 hanno annunciato un fitto calendario di eventi per la giornata..L\u2019artista sudafricano James Delaney ha reso omaggio a Mandela in Nelson Mandela Square, Johannesburg, ritraendo il primo Presidente del Sudafrica &#8211; eletto a seguito delle prime elezioni nazionali non razziali della storia del Paese e Premio Nobel per la Pace &#8211; utilizzando bicchierini pieni di caff\u00e8, variando tonalit\u00e0 a seconda della quantit\u00e0 di latte aggiunto!<\/p>\n<p>Vera e propria icona dei diritti umani e democrazia a livello mondiale, Nelson Rolihlahla Mandela, \u00e8 nato nella provincia dell\u2019Eastern Cape nel 1918.<\/p>\n<h2>Un faro mondiale di diritti civili: il museo di Robben Island<\/h2>\n<p>Il passato conflittuale del luogo di Robben Island comincia con l\u2019inizio del colonialismo quando il primo colono olandese, Jan van Riebeeck, si scontr\u00f2 con il leader locale Khoekhoe, Autshumato.<\/p>\n<p>Il museo di Robben Island va ben oltre il semplice racconto di una storia: ha un significato simbolico non solo per la societ\u00e0 sudafricana con la sua grande diversit\u00e0 di culture, ma per il mondo. Oltre alla sua storia emozionale che risale a met\u00e0 del 1600, \u00e8 un simbolo di giustizia, diritti civili e sacrificio.\u2028 Mentre gli attivisti anti-apartheid del XIX secolo hanno assunto un ruolo di primo piano in questa storia, poche persone sanno che la storia della prigione museo di Robben Island come luogo di incarcerazione inizi\u00f2 350 anni fa con Autshumato, un membro dei Khoekhoe, un gruppo indigeno ora scomparso. Il primo colono olandese ad arrivare al Capo, Jan van Riebeeck, dipendeva da Autshumato come interprete, in particolare per il commercio del bestiame. Un malinteso culturale port\u00f2 all\u2019esilio dell\u2019interprete su Robben Island, ma evase e fu l\u2019unico prigioniero a farlo. Il tour di 3 ore e mezzo del museo di Robben Island inizia al molo Mandela al V6A Waterfront a Cape Town. Dopo un tragitto di mezz\u2019ora in traghetto, i visitatori sono guidati attraverso la prigione spesso da ex prigionieri politici che hanno avuto un\u2019esperienza personale nella prigione, vivendola in prima persona. Un tour in bus di 45 minuti intorno all\u2019isola mostra in dettaglio la sua storia di ospedale psichiatrico, base militare e colonia dei lebbrosi. C\u2019\u00e8 anche l\u2019opportunit\u00e0 di esplorare il porto di Murrary\u2019s Bay con il suo santuario musulmano e il negozio del museo.\u2028Oltre alla sua storia, la flora e la fauna di Robben Island sono estremamente interessanti, e la loro conservazione \u00e8 un altro obiettivo del museo. Ci sono 132 specie di uccelli sull\u2019isola, alcuni dei quali in pericolo di estinzione, cos\u00ec come piccoli branchi di antilopi.\u2028Il Museo di Robben Island \u00e8 Patrimonio dell\u2019Umanit\u00e0 ed \u00e8 sito patrimonio nazionale in Sudafrica.<\/p>\n<h2>Un patrimonio africano per il mondo: La Culla dell&#8217;Umanit\u00e0<\/h2>\n<p>La culla dell\u2019umanit\u00e0 in Sudafrica conserva sepolti i segreti pi\u00f9 profondi dell\u2019origine della nostra specie. Esplora e cogli il meglio di questo intrigante sito patrimonio dell\u2019umanit\u00e0<\/p>\n<p>Nella provincia del Gaauteng, e nella vicina provincia del North West, si trova uno dei luoghi dove sono stati ritrovati pi\u00f9 resti di ominidi al mondo, un tesoro nascosto nel quale scovare &#8220;indizi&#8221; sui nostri primi antenati. Questi fossili svelano cos\u00ec tante informazioni che l\u2019area \u00e8 stata soprannominata Culla dell\u2019Umanit\u00e0 e l\u2019UNESCO l\u2019ha proclamata Sito Patrimonio dell\u2019Umanit\u00e0. Un affascinante elenco di personaggi \u00e8 emerso da questo luogo.. la leggendaria Mrs Ples, un teschio di australopiteco africano di 2 milioni di anni e Little Foor di 3 milioni di anni, uno scheletro quasi completo. Nel 2005 il sito fu esteso per includere il Sito Fossile di Taung Skull nella provincia di North West, aggiungendo alla famiglia il Taung Child, un teschio si crede sia appartenuto a un bimbo di 3 anni.\u2028Pi\u00f9 recentemente, un nuovo fossile \u00e8 stato ritrovato e mostrato al pubblico: uno scheletro parziale di una donna di 2 milioni di anni e il fossile di un giovane uomo. La prima volta che 2 fossili di ominidi sono stati trovati insieme. Questa scoperta ha provocato grande euforia tra gli scienziati internazionali. Un aspetto importante della Culla della Umanit\u00e0 in Sudafrica \u00e8 raprresentato dal punto d\u2019informazione del Maropeng Visitor Center, costruito a forma di tumuli o tombe, che simboleggiano i segreti dei nostri antenati sepolti in profondit\u00e0. Le sue mostre sono strutturate come un viaggio di scoperta dal passato al futuro ed includono innovazioni come la corsa sotterranea in barca e schermi interattivi che sono particolarmente adatti per i bambini. \u2028Oltre al visitor centre, ci sono 15 maggiori siti di fossili nella Culla dell\u2019Umanit\u00e0 in Sudafrica, dei quali il pi\u00f9 conosciuto \u00e8 rappresentato dalle Sterkfontein Caves. Possono essere visitate in un affascinante viaggio che include la discesa a 60 m sotto terra. Le Wonder Caves ad 8 km di distanza sono aperte al pubblico. Indicando un antenato comune per tutto il genere umano nella Culla dell\u2019Umanit\u00e0, il Sudafrica unisce tutte le nazioni e suggerisce che tutte possono rivendicare una eredit\u00e0 africana.<\/p>\n<h3 style=\"text-align: center\"><strong><span style=\"color: #008000\">SPECIALE SUDAFRICA: ULTME OFFERTE DELLA SETTIMANA<\/span><br \/>\n<\/strong><\/h3>\n<p style=\"text-align: center\">In un solo click scopri <strong>TUTTI I DETTAGLI<\/strong> del viaggio: <strong>programma<\/strong>, <strong>itinerari<\/strong>, <strong>foto<\/strong>, <strong>recensioni<\/strong><\/p>\n<p style=\"text-align: center\"><strong><span style=\"color: #008000\">CLICCA SUBITO, NON PERDERE QUESTE OCCASIONI!<\/span><\/strong><\/p>\n<div class=\"feedzy-ebfaa266c115d8a9ce404e31e4a9ae2f feedzy-rss\">\n\t\t<ul class=\"feedzy-style2\">\n\t\t\t\t\t<li  style=\"padding: 23px 0 38px\" class=\"rss_item feedzy-rss-col-3\" >\n\t\t\t\t\t\t\t\t\t<div class=\"rss_image\" style=\"width:225px; height:225px;\">\n\t\t\t\t\t\t<a href=\"https:\/\/sudafrica.evolutiontravel.it\/it_IT\/893\/tab\/39396_kruger-e-cape-town.html\" target=\"_blank\" \n\t\t\t\t\t\t\trel=\"noopener \"\n\t\t\t\t\t\t\ttitle=\"Kruger e Cape Town\"\n\t\t\t\t\t\t\tstyle=\"width:225px; height:225px;\">\n\t\t\t\t\t\t\t<span class=\"fetched\" style=\"background-image:  url('http:\/\/etcdn.net\/thumbnails\/27782\/it-cape-town-fly-and-drive-in-tour-nella-regione-del-capo-70381.jpg');\" title=\"Kruger e Cape Town\"><\/span><amp-img width=\"225\" height=\"225\" src=\"http:\/\/etcdn.net\/thumbnails\/27782\/it-cape-town-fly-and-drive-in-tour-nella-regione-del-capo-70381.jpg\">\t\t\t\t\t\t<\/a>\n\t\t\t\t\t<\/div>\n\t\t\t\t\t\t\t\t<div class=\"rss_content_wrap\">\n\t\t\t\t\t<span class=\"title\">\n\t\t\t\t\t\t<a href=\"https:\/\/sudafrica.evolutiontravel.it\/it_IT\/893\/tab\/39396_kruger-e-cape-town.html\" target=\"_blank\"  rel=\"noopener \">\n\t\t\t\t\t\t\tKruger e Cape Town\t\t\t\t\t\t<\/a>\n\t\t\t\t\t<\/span>\n\t\t\t\t\t<div class=\"rss_content\"\n\t\t\t\t\t\t\tstyle=\"\">\n\t\t\t\t\t\t\n\t\t\t\t\t\t\t\t\t\t\t\t<p class=\"description\">un classico tour che abbina il safari nel parco con la visita del capo<\/p>\n\t\t\t\t\t\t\n\t\t\t\t\t\t\t\t\t\t\t\t\t\t\t\t\t\t\t<div class=\"price-wrap\">\n\t\t\t\t\t\t\t\t<a href=\"https:\/\/sudafrica.evolutiontravel.it\/it_IT\/893\/tab\/39396_kruger-e-cape-town.html\" target=\"_blank\" rel=\"noopener\"><button class=\"price\"> 2500<\/button><\/a>\n\t\t\t\t\t\t\t<\/div>\n\t\t\t\t\t\t\t\t\t\t\t<\/div>\n\t\t\t\t<\/div>\n\t\t\t<\/li>\n\t\t\t\t\t\t<li  style=\"padding: 23px 0 38px\" class=\"rss_item feedzy-rss-col-3\" >\n\t\t\t\t\t\t\t\t\t<div class=\"rss_image\" style=\"width:225px; height:225px;\">\n\t\t\t\t\t\t<a href=\"https:\/\/sudafrica.evolutiontravel.it\/it_IT\/893\/tab\/32685_tutti-i-colori-della-nazione-arcobaleno-e-seychelles.html\" target=\"_blank\" \n\t\t\t\t\t\t\trel=\"noopener \"\n\t\t\t\t\t\t\ttitle=\"Tutti i colori della Nazione Arcobaleno e Seychelles\"\n\t\t\t\t\t\t\tstyle=\"width:225px; height:225px;\">\n\t\t\t\t\t\t\t<span class=\"fetched\" style=\"background-image:  url('http:\/\/etcdn.net\/thumbnails\/32685\/it-cape-town-tutti-i-colori-della-nazione-arcobaleno-e-seychelles-703b4.jpg');\" title=\"Tutti i colori della Nazione Arcobaleno e Seychelles\"><\/span><amp-img width=\"225\" height=\"225\" src=\"http:\/\/etcdn.net\/thumbnails\/32685\/it-cape-town-tutti-i-colori-della-nazione-arcobaleno-e-seychelles-703b4.jpg\">\t\t\t\t\t\t<\/a>\n\t\t\t\t\t<\/div>\n\t\t\t\t\t\t\t\t<div class=\"rss_content_wrap\">\n\t\t\t\t\t<span class=\"title\">\n\t\t\t\t\t\t<a href=\"https:\/\/sudafrica.evolutiontravel.it\/it_IT\/893\/tab\/32685_tutti-i-colori-della-nazione-arcobaleno-e-seychelles.html\" target=\"_blank\"  rel=\"noopener \">\n\t\t\t\t\t\t\tTutti i colori della Nazione Arcobaleno e Seychelles\t\t\t\t\t\t<\/a>\n\t\t\t\t\t<\/span>\n\t\t\t\t\t<div class=\"rss_content\"\n\t\t\t\t\t\t\tstyle=\"\">\n\t\t\t\t\t\t\n\t\t\t\t\t\t\t\t\t\t\t\t<p class=\"description\">Una combinazione tra le pi\u00f9 gradite e apprezzate. Dai colori ai profumi, dagli spazi immensi ricchi di terra, animali, [&hellip;]<\/p>\n\t\t\t\t\t\t\n\t\t\t\t\t\t\t\t\t\t\t\t\t\t\t\t\t\t\t<div class=\"price-wrap\">\n\t\t\t\t\t\t\t\t<a href=\"https:\/\/sudafrica.evolutiontravel.it\/it_IT\/893\/tab\/32685_tutti-i-colori-della-nazione-arcobaleno-e-seychelles.html\" target=\"_blank\" rel=\"noopener\"><button class=\"price\"> 3800<\/button><\/a>\n\t\t\t\t\t\t\t<\/div>\n\t\t\t\t\t\t\t\t\t\t\t<\/div>\n\t\t\t\t<\/div>\n\t\t\t<\/li>\n\t\t\t\t\t\t<li  style=\"padding: 23px 0 38px\" class=\"rss_item feedzy-rss-col-3\" >\n\t\t\t\t\t\t\t\t\t<div class=\"rss_image\" style=\"width:225px; height:225px;\">\n\t\t\t\t\t\t<a href=\"https:\/\/sudafrica.evolutiontravel.it\/it_IT\/893\/tab\/39400_safari-di-lusso-kruger-area.html\" target=\"_blank\" \n\t\t\t\t\t\t\trel=\"noopener \"\n\t\t\t\t\t\t\ttitle=\"Safari di Lusso - Kruger area\"\n\t\t\t\t\t\t\tstyle=\"width:225px; height:225px;\">\n\t\t\t\t\t\t\t<span class=\"fetched\" style=\"background-image:  url('http:\/\/etcdn.net\/thumbnails\/28766\/it-cape-town-south-africa-per-tutti-56708.jpg');\" title=\"Safari di Lusso - Kruger area\"><\/span><amp-img width=\"225\" height=\"225\" src=\"http:\/\/etcdn.net\/thumbnails\/28766\/it-cape-town-south-africa-per-tutti-56708.jpg\">\t\t\t\t\t\t<\/a>\n\t\t\t\t\t<\/div>\n\t\t\t\t\t\t\t\t<div class=\"rss_content_wrap\">\n\t\t\t\t\t<span class=\"title\">\n\t\t\t\t\t\t<a href=\"https:\/\/sudafrica.evolutiontravel.it\/it_IT\/893\/tab\/39400_safari-di-lusso-kruger-area.html\" target=\"_blank\"  rel=\"noopener \">\n\t\t\t\t\t\t\tSafari di Lusso - Kruger area\t\t\t\t\t\t<\/a>\n\t\t\t\t\t<\/span>\n\t\t\t\t\t<div class=\"rss_content\"\n\t\t\t\t\t\t\tstyle=\"\">\n\t\t\t\t\t\t\n\t\t\t\t\t\t\t\t\t\t\t\t<p class=\"description\">Un viaggio indimenticabile, totalmente dedicato a chi ama il lusso e non vuole lasciare nulla al caso. Vi troverete a contatto [&hellip;]<\/p>\n\t\t\t\t\t\t\n\t\t\t\t\t\t\t\t\t\t\t\t\t\t\t\t\t\t\t<div class=\"price-wrap\">\n\t\t\t\t\t\t\t\t<a href=\"https:\/\/sudafrica.evolutiontravel.it\/it_IT\/893\/tab\/39400_safari-di-lusso-kruger-area.html\" target=\"_blank\" rel=\"noopener\"><button class=\"price\"> 2000<\/button><\/a>\n\t\t\t\t\t\t\t<\/div>\n\t\t\t\t\t\t\t\t\t\t\t<\/div>\n\t\t\t\t<\/div>\n\t\t\t<\/li>\n\t\t\t\t\t\t<li  style=\"padding: 23px 0 38px\" class=\"rss_item feedzy-rss-col-3\" >\n\t\t\t\t\t\t\t\t\t<div class=\"rss_image\" style=\"width:225px; height:225px;\">\n\t\t\t\t\t\t<a href=\"https:\/\/sudafrica.evolutiontravel.it\/it_IT\/893\/tab\/39507_safari-di-lusso-kruger-area-e-mozambico.html\" target=\"_blank\" \n\t\t\t\t\t\t\trel=\"noopener \"\n\t\t\t\t\t\t\ttitle=\"Safari di Lusso - Kruger area e mozambico\"\n\t\t\t\t\t\t\tstyle=\"width:225px; height:225px;\">\n\t\t\t\t\t\t\t<span class=\"fetched\" style=\"background-image:  url('http:\/\/etcdn.net\/thumbnails\/28766\/it-cape-town-south-africa-per-tutti-56708.jpg');\" title=\"Safari di Lusso - Kruger area e mozambico\"><\/span><amp-img width=\"225\" height=\"225\" src=\"http:\/\/etcdn.net\/thumbnails\/28766\/it-cape-town-south-africa-per-tutti-56708.jpg\">\t\t\t\t\t\t<\/a>\n\t\t\t\t\t<\/div>\n\t\t\t\t\t\t\t\t<div class=\"rss_content_wrap\">\n\t\t\t\t\t<span class=\"title\">\n\t\t\t\t\t\t<a href=\"https:\/\/sudafrica.evolutiontravel.it\/it_IT\/893\/tab\/39507_safari-di-lusso-kruger-area-e-mozambico.html\" target=\"_blank\"  rel=\"noopener \">\n\t\t\t\t\t\t\tSafari di Lusso - Kruger area e mozambico\t\t\t\t\t\t<\/a>\n\t\t\t\t\t<\/span>\n\t\t\t\t\t<div class=\"rss_content\"\n\t\t\t\t\t\t\tstyle=\"\">\n\t\t\t\t\t\t\n\t\t\t\t\t\t\t\t\t\t\t\t<p class=\"description\">Un viaggio indimenticabile, totalmente dedicato a chi ama il lusso e non vuole lasciare nulla al caso. Vi troverete a contatto [&hellip;]<\/p>\n\t\t\t\t\t\t\n\t\t\t\t\t\t\t\t\t\t\t\t\t\t\t\t\t\t\t<div class=\"price-wrap\">\n\t\t\t\t\t\t\t\t<a href=\"https:\/\/sudafrica.evolutiontravel.it\/it_IT\/893\/tab\/39507_safari-di-lusso-kruger-area-e-mozambico.html\" target=\"_blank\" rel=\"noopener\"><button class=\"price\"> 5200<\/button><\/a>\n\t\t\t\t\t\t\t<\/div>\n\t\t\t\t\t\t\t\t\t\t\t<\/div>\n\t\t\t\t<\/div>\n\t\t\t<\/li>\n\t\t\t\t\t\t<li  style=\"padding: 23px 0 38px\" class=\"rss_item feedzy-rss-col-3\" >\n\t\t\t\t\t\t\t\t\t<div class=\"rss_image\" style=\"width:225px; height:225px;\">\n\t\t\t\t\t\t<a href=\"https:\/\/sudafrica.evolutiontravel.it\/it_IT\/893\/tab\/39509_safari-al-kruger-mpumalanga-e-mare.html\" target=\"_blank\" \n\t\t\t\t\t\t\trel=\"noopener \"\n\t\t\t\t\t\t\ttitle=\"Safari al kruger, mpumalanga e mare\"\n\t\t\t\t\t\t\tstyle=\"width:225px; height:225px;\">\n\t\t\t\t\t\t\t<span class=\"fetched\" style=\"background-image:  url('http:\/\/etcdn.net\/thumbnails\/27481\/it-johannesburg-meravigliosamente-nazione-arcobaleno-70314.jpg');\" title=\"Safari al kruger, mpumalanga e mare\"><\/span><amp-img width=\"225\" height=\"225\" src=\"http:\/\/etcdn.net\/thumbnails\/27481\/it-johannesburg-meravigliosamente-nazione-arcobaleno-70314.jpg\">\t\t\t\t\t\t<\/a>\n\t\t\t\t\t<\/div>\n\t\t\t\t\t\t\t\t<div class=\"rss_content_wrap\">\n\t\t\t\t\t<span class=\"title\">\n\t\t\t\t\t\t<a href=\"https:\/\/sudafrica.evolutiontravel.it\/it_IT\/893\/tab\/39509_safari-al-kruger-mpumalanga-e-mare.html\" target=\"_blank\"  rel=\"noopener \">\n\t\t\t\t\t\t\tSafari al kruger, mpumalanga e mare\t\t\t\t\t\t<\/a>\n\t\t\t\t\t<\/span>\n\t\t\t\t\t<div class=\"rss_content\"\n\t\t\t\t\t\t\tstyle=\"\">\n\t\t\t\t\t\t\n\t\t\t\t\t\t\t\t\t\t\t\t<p class=\"description\">Un itinerario di viaggio dedicato a chi desidera un contatto diretto con la natura ed effettuare emozionanti foto-safari nel [&hellip;]<\/p>\n\t\t\t\t\t\t\n\t\t\t\t\t\t\t\t\t\t\t\t\t\t\t\t\t\t\t<div class=\"price-wrap\">\n\t\t\t\t\t\t\t\t<a href=\"https:\/\/sudafrica.evolutiontravel.it\/it_IT\/893\/tab\/39509_safari-al-kruger-mpumalanga-e-mare.html\" target=\"_blank\" rel=\"noopener\"><button class=\"price\"> 3550<\/button><\/a>\n\t\t\t\t\t\t\t<\/div>\n\t\t\t\t\t\t\t\t\t\t\t<\/div>\n\t\t\t\t<\/div>\n\t\t\t<\/li>\n\t\t\t\t\t\t<li  style=\"padding: 23px 0 38px\" class=\"rss_item feedzy-rss-col-3\" >\n\t\t\t\t\t\t\t\t\t<div class=\"rss_image\" style=\"width:225px; height:225px;\">\n\t\t\t\t\t\t<a href=\"https:\/\/sudafrica.evolutiontravel.it\/it_IT\/893\/tab\/39389_self-drive-nella-regione-del-capo-e-garden-route.html\" target=\"_blank\" \n\t\t\t\t\t\t\trel=\"noopener \"\n\t\t\t\t\t\t\ttitle=\"Self drive nella Regione del Capo e garden route\"\n\t\t\t\t\t\t\tstyle=\"width:225px; height:225px;\">\n\t\t\t\t\t\t\t<span class=\"fetched\" style=\"background-image:  url('http:\/\/etcdn.net\/thumbnails\/27782\/it-cape-town-fly-and-drive-in-tour-nella-regione-del-capo-70382.jpg');\" title=\"Self drive nella Regione del Capo e garden route\"><\/span><amp-img width=\"225\" height=\"225\" src=\"http:\/\/etcdn.net\/thumbnails\/27782\/it-cape-town-fly-and-drive-in-tour-nella-regione-del-capo-70382.jpg\">\t\t\t\t\t\t<\/a>\n\t\t\t\t\t<\/div>\n\t\t\t\t\t\t\t\t<div class=\"rss_content_wrap\">\n\t\t\t\t\t<span class=\"title\">\n\t\t\t\t\t\t<a href=\"https:\/\/sudafrica.evolutiontravel.it\/it_IT\/893\/tab\/39389_self-drive-nella-regione-del-capo-e-garden-route.html\" target=\"_blank\"  rel=\"noopener \">\n\t\t\t\t\t\t\tSelf drive nella Regione del Capo e garden route\t\t\t\t\t\t<\/a>\n\t\t\t\t\t<\/span>\n\t\t\t\t\t<div class=\"rss_content\"\n\t\t\t\t\t\t\tstyle=\"\">\n\t\t\t\t\t\t\n\t\t\t\t\t\t\t\t\t\t\t\t<p class=\"description\">Lasciatevi accogliere dall'anima viva e dallo spettacolo di un paese straordinario: i suoni, la natura, il soffio del vento e le [&hellip;]<\/p>\n\t\t\t\t\t\t\n\t\t\t\t\t\t\t\t\t\t\t\t\t\t\t\t\t\t\t<div class=\"price-wrap\">\n\t\t\t\t\t\t\t\t<a href=\"https:\/\/sudafrica.evolutiontravel.it\/it_IT\/893\/tab\/39389_self-drive-nella-regione-del-capo-e-garden-route.html\" target=\"_blank\" rel=\"noopener\"><button class=\"price\"> 2400<\/button><\/a>\n\t\t\t\t\t\t\t<\/div>\n\t\t\t\t\t\t\t\t\t\t\t<\/div>\n\t\t\t\t<\/div>\n\t\t\t<\/li>\n\t\t\t\t<\/ul>\n<\/div>\n<style type=\"text\/css\" media=\"all\">.feedzy-rss .rss_item .rss_image{float:left;position:relative;border:none;text-decoration:none;max-width:100%}.feedzy-rss .rss_item .rss_image span{display:inline-block;position:absolute;width:100%;height:100%;background-position:50%;background-size:cover}.feedzy-rss .rss_item .rss_image{margin:.3em 1em 0 0;content-visibility:auto}.feedzy-rss ul{list-style:none}.feedzy-rss ul li{display:inline-block}<\/style>\n","protected":false},"excerpt":{"rendered":"<p>Dai tour della townsip di Soweto, alle date storiche per il paese, passando per musei e luoghi Patrimonio dell\u2019Umanit\u00e0, qui ti raccontiamo la storia del Sudafrica. Il cuore della lotta &#8211; Tour della township di Soweto I tour della township di Soweto sono il modo migliore per i visitatori che arrivano per la prima volta, <a class=\"moretag\" href=\"https:\/\/sudafrica.evolutiontravel.it\/infovacanze\/storia\/\">[&#8230;]<\/a><\/p>\n","protected":false},"author":6,"featured_media":0,"parent":0,"menu_order":0,"comment_status":"closed","ping_status":"closed","template":"templates\/template-with-right-sidebar.php","meta":{"footnotes":""},"yoast_head":"<!-- This site is optimized with the Yoast SEO plugin v21.9.1 - https:\/\/yoast.com\/wordpress\/plugins\/seo\/ -->\n<title>Storia del Sudafrica, culla dell&#039;umanit\u00e0 - Speciale Sudafrica<\/title>\n<meta name=\"description\" content=\"Qualche cenno sulla storia del Sudafrica per imparare ad amare questo paese ancora prima di partire: leggi il nostro articolo!\" \/>\n<meta name=\"robots\" content=\"index, follow, max-snippet:-1, max-image-preview:large, max-video-preview:-1\" \/>\n<link rel=\"canonical\" href=\"https:\/\/sudafrica.evolutiontravel.it\/infovacanze\/storia\/\" \/>\n<meta property=\"og:locale\" content=\"it_IT\" \/>\n<meta property=\"og:type\" content=\"article\" \/>\n<meta property=\"og:title\" content=\"Storia del Sudafrica, culla dell&#039;umanit\u00e0 - Speciale Sudafrica\" \/>\n<meta property=\"og:description\" content=\"Qualche cenno sulla storia del Sudafrica per imparare ad amare questo paese ancora prima di partire: leggi il nostro articolo!\" \/>\n<meta property=\"og:url\" content=\"https:\/\/sudafrica.evolutiontravel.it\/infovacanze\/storia\/\" \/>\n<meta property=\"og:site_name\" content=\"Sudafrica\" \/>\n<meta property=\"article:modified_time\" content=\"2018-08-03T09:28:36+00:00\" \/>\n<meta name=\"twitter:card\" content=\"summary_large_image\" \/>\n<meta name=\"twitter:label1\" content=\"Tempo di lettura stimato\" \/>\n\t<meta name=\"twitter:data1\" content=\"6 minuti\" \/>\n<script type=\"application\/ld+json\" class=\"yoast-schema-graph\">{\"@context\":\"https:\/\/schema.org\",\"@graph\":[{\"@type\":\"WebPage\",\"@id\":\"https:\/\/sudafrica.evolutiontravel.it\/infovacanze\/storia\/\",\"url\":\"https:\/\/sudafrica.evolutiontravel.it\/infovacanze\/storia\/\",\"name\":\"Storia del Sudafrica, culla dell'umanit\u00e0 - Speciale Sudafrica\",\"isPartOf\":{\"@id\":\"https:\/\/sudafrica.evolutiontravel.it\/infovacanze\/#website\"},\"datePublished\":\"2018-08-02T10:41:11+00:00\",\"dateModified\":\"2018-08-03T09:28:36+00:00\",\"description\":\"Qualche cenno sulla storia del Sudafrica per imparare ad amare questo paese ancora prima di partire: leggi il nostro articolo!\",\"breadcrumb\":{\"@id\":\"https:\/\/sudafrica.evolutiontravel.it\/infovacanze\/storia\/#breadcrumb\"},\"inLanguage\":\"it-IT\",\"potentialAction\":[{\"@type\":\"ReadAction\",\"target\":[\"https:\/\/sudafrica.evolutiontravel.it\/infovacanze\/storia\/\"]}]},{\"@type\":\"BreadcrumbList\",\"@id\":\"https:\/\/sudafrica.evolutiontravel.it\/infovacanze\/storia\/#breadcrumb\",\"itemListElement\":[{\"@type\":\"ListItem\",\"position\":1,\"name\":\"Home\",\"item\":\"https:\/\/sudafrica.evolutiontravel.it\/infovacanze\/\"},{\"@type\":\"ListItem\",\"position\":2,\"name\":\"Cenni di storia\"}]},{\"@type\":\"WebSite\",\"@id\":\"https:\/\/sudafrica.evolutiontravel.it\/infovacanze\/#website\",\"url\":\"https:\/\/sudafrica.evolutiontravel.it\/infovacanze\/\",\"name\":\"Sudafrica\",\"description\":\"\",\"potentialAction\":[{\"@type\":\"SearchAction\",\"target\":{\"@type\":\"EntryPoint\",\"urlTemplate\":\"https:\/\/sudafrica.evolutiontravel.it\/infovacanze\/?s={search_term_string}\"},\"query-input\":\"required name=search_term_string\"}],\"inLanguage\":\"it-IT\"}]}<\/script>\n<!-- \/ Yoast SEO plugin. -->","yoast_head_json":{"title":"Storia del Sudafrica, culla dell'umanit\u00e0 - Speciale Sudafrica","description":"Qualche cenno sulla storia del Sudafrica per imparare ad amare questo paese ancora prima di partire: leggi il nostro articolo!","robots":{"index":"index","follow":"follow","max-snippet":"max-snippet:-1","max-image-preview":"max-image-preview:large","max-video-preview":"max-video-preview:-1"},"canonical":"https:\/\/sudafrica.evolutiontravel.it\/infovacanze\/storia\/","og_locale":"it_IT","og_type":"article","og_title":"Storia del Sudafrica, culla dell'umanit\u00e0 - Speciale Sudafrica","og_description":"Qualche cenno sulla storia del Sudafrica per imparare ad amare questo paese ancora prima di partire: leggi il nostro articolo!","og_url":"https:\/\/sudafrica.evolutiontravel.it\/infovacanze\/storia\/","og_site_name":"Sudafrica","article_modified_time":"2018-08-03T09:28:36+00:00","twitter_card":"summary_large_image","twitter_misc":{"Tempo di lettura stimato":"6 minuti"},"schema":{"@context":"https:\/\/schema.org","@graph":[{"@type":"WebPage","@id":"https:\/\/sudafrica.evolutiontravel.it\/infovacanze\/storia\/","url":"https:\/\/sudafrica.evolutiontravel.it\/infovacanze\/storia\/","name":"Storia del Sudafrica, culla dell'umanit\u00e0 - Speciale Sudafrica","isPartOf":{"@id":"https:\/\/sudafrica.evolutiontravel.it\/infovacanze\/#website"},"datePublished":"2018-08-02T10:41:11+00:00","dateModified":"2018-08-03T09:28:36+00:00","description":"Qualche cenno sulla storia del Sudafrica per imparare ad amare questo paese ancora prima di partire: leggi il nostro articolo!","breadcrumb":{"@id":"https:\/\/sudafrica.evolutiontravel.it\/infovacanze\/storia\/#breadcrumb"},"inLanguage":"it-IT","potentialAction":[{"@type":"ReadAction","target":["https:\/\/sudafrica.evolutiontravel.it\/infovacanze\/storia\/"]}]},{"@type":"BreadcrumbList","@id":"https:\/\/sudafrica.evolutiontravel.it\/infovacanze\/storia\/#breadcrumb","itemListElement":[{"@type":"ListItem","position":1,"name":"Home","item":"https:\/\/sudafrica.evolutiontravel.it\/infovacanze\/"},{"@type":"ListItem","position":2,"name":"Cenni di storia"}]},{"@type":"WebSite","@id":"https:\/\/sudafrica.evolutiontravel.it\/infovacanze\/#website","url":"https:\/\/sudafrica.evolutiontravel.it\/infovacanze\/","name":"Sudafrica","description":"","potentialAction":[{"@type":"SearchAction","target":{"@type":"EntryPoint","urlTemplate":"https:\/\/sudafrica.evolutiontravel.it\/infovacanze\/?s={search_term_string}"},"query-input":"required name=search_term_string"}],"inLanguage":"it-IT"}]}},"_links":{"self":[{"href":"https:\/\/sudafrica.evolutiontravel.it\/infovacanze\/wp-json\/wp\/v2\/pages\/572"}],"collection":[{"href":"https:\/\/sudafrica.evolutiontravel.it\/infovacanze\/wp-json\/wp\/v2\/pages"}],"about":[{"href":"https:\/\/sudafrica.evolutiontravel.it\/infovacanze\/wp-json\/wp\/v2\/types\/page"}],"author":[{"embeddable":true,"href":"https:\/\/sudafrica.evolutiontravel.it\/infovacanze\/wp-json\/wp\/v2\/users\/6"}],"replies":[{"embeddable":true,"href":"https:\/\/sudafrica.evolutiontravel.it\/infovacanze\/wp-json\/wp\/v2\/comments?post=572"}],"version-history":[{"count":3,"href":"https:\/\/sudafrica.evolutiontravel.it\/infovacanze\/wp-json\/wp\/v2\/pages\/572\/revisions"}],"predecessor-version":[{"id":579,"href":"https:\/\/sudafrica.evolutiontravel.it\/infovacanze\/wp-json\/wp\/v2\/pages\/572\/revisions\/579"}],"wp:attachment":[{"href":"https:\/\/sudafrica.evolutiontravel.it\/infovacanze\/wp-json\/wp\/v2\/media?parent=572"}],"curies":[{"name":"wp","href":"https:\/\/api.w.org\/{rel}","templated":true}]}}