{"id":66,"date":"2016-03-22T15:21:42","date_gmt":"2016-03-22T14:21:42","guid":{"rendered":"http:\/\/sudafrica.evolutiontravel.it\/infovacanze\/?page_id=66"},"modified":"2018-10-23T10:21:21","modified_gmt":"2018-10-23T08:21:21","slug":"parchi","status":"publish","type":"page","link":"https:\/\/sudafrica.evolutiontravel.it\/infovacanze\/itinerari\/parchi\/","title":{"rendered":"Parchi del Sudafrica"},"content":{"rendered":"<p>Tra le attrazioni naturali del <strong>Sudafrica i parchi<\/strong> sono quelle in assoluto pi\u00f9 gettonate, di fatto il <strong>Sudafrica \u00e8 sinonimo di <a title=\"animali africani\" href=\"https:\/\/sudafrica.evolutiontravel.it\/infovacanze\/natura\/animali-africani\/\">natura e animali<\/a><\/strong>. Quindi chi sceglie questo paese come destinazione del viaggio \u00e8 perch\u00e8 sicuramente vuole <a title=\"sudafrica mare\" href=\"https:\/\/sudafrica.evolutiontravel.it\/infovacanze\/safari\/mare\/\">vivere il mare, fare safari ed escursioni<\/a> alla scoperta della flora e fauna delle sue riserve, dei famosi <strong>Big Five<\/strong> (elefante, leone, leopardo, rinoceronte e bufalo) immersi nella<strong> savana africana.<\/strong><br \/>\nNumerosi sono le riserve e i territori protetti che potrete scegliere in base al budget e alle vostre esigenze, per indicar alcuni <strong>parchi sudafricani tra i pi\u00f9 noti<\/strong>:<\/p>\n<ul>\n<li style=\"text-align: justify\">parco nazionale Kruger;<\/li>\n<li style=\"text-align: justify\">Table Mountain National Park;<\/li>\n<li style=\"text-align: justify\">Garden Route;<\/li>\n<li style=\"text-align: justify\">Karoo National Park;<\/li>\n<li style=\"text-align: justify\">West Coast National;<\/li>\n<li style=\"text-align: justify\">Mountain Zebra National;<\/li>\n<li style=\"text-align: justify\">Pilanesberg.<\/li>\n<\/ul>\n<h2>Kruger National Park<\/h2>\n<p>Il Kruger National Park si trova all\u2019estremit\u00e0 <strong>nord orientale del Sudafrica<\/strong> e confina a est con il Mozambico e a nord con lo Zimbabwe. Di recente infatti \u00e8 entrato a far parte del <strong>Parco Transfrontaliero del Grande Limpopo<\/strong>, che comprende oltre al Parco Kruger anche il Parco Nazionale Limpopo in Mozambico e il Parco Nazionale Gonarezhou nello Zimbabwe.<\/p>\n<p><img loading=\"lazy\" decoding=\"async\" class=\"alignright wp-image-281 size-full\" src=\"https:\/\/sudafrica.evolutiontravel.it\/infovacanze\/wp-content\/uploads\/sites\/28\/2016\/03\/Kruger-National-Park-1.jpg\" alt=\"Kruger National Park\" width=\"400\" height=\"400\" srcset=\"https:\/\/sudafrica.evolutiontravel.it\/infovacanze\/wp-content\/uploads\/sites\/28\/2016\/03\/Kruger-National-Park-1.jpg 400w, https:\/\/sudafrica.evolutiontravel.it\/infovacanze\/wp-content\/uploads\/sites\/28\/2016\/03\/Kruger-National-Park-1-150x150.jpg 150w, https:\/\/sudafrica.evolutiontravel.it\/infovacanze\/wp-content\/uploads\/sites\/28\/2016\/03\/Kruger-National-Park-1-300x300.jpg 300w, https:\/\/sudafrica.evolutiontravel.it\/infovacanze\/wp-content\/uploads\/sites\/28\/2016\/03\/Kruger-National-Park-1-64x64.jpg 64w\" sizes=\"(max-width: 400px) 100vw, 400px\" \/>L\u2019<strong>ingresso al parco Kruger costa 331 Rand<\/strong> al giorno (circa 20 euro) per gli adulti e <strong>166 Rand al giorno<\/strong> (circa 10 euro) per i bambini mentre tutte le altre informazioni aggiornate sono reperibili sul <strong>sito web ufficiale: <a title=\"sito web kruger park\" href=\"https:\/\/www.sanparks.org\/parks\/kruger\/\" target=\"_blank\" rel=\"noopener\">www.sanparks.org\/parks\/kruger\/<\/a><\/strong>.<\/p>\n<p>Il clima rende il Kruger visitabile durante tutto l\u2019anno, ma se volete avere pi\u00f9 probabilit\u00e0 di fare avvistamenti \u00e8 consigliata <strong>la stagione secca (da luglio a settembre)<\/strong>, quando gli animali si spingono allo scoperto in cerca d\u2019acqua. Se volete evitare l\u2019affollamento dell\u2019altissima stagione, escludete luglio e dicembre.<\/p>\n<h2>Table Mountain National Park<\/h2>\n<p>Il Table Mountain National Park \u00e8 <a title=\"citt\u00e0 del capo\" href=\"https:\/\/sudafrica.evolutiontravel.it\/infovacanze\/destinazioni\/citta-del-capo\/\"><strong>a Cape Town<\/strong><\/a>, proprio sulla montagna che sovrasta la Capitale del Sudafrica, davanti al mare.<br \/>\nIl <strong>costo giornaliero<\/strong> per entrare al parco <strong>dipende dalla zona<\/strong> che si visita e varia dai 16 Rand per gli adulti e 8 per i bambini (circa un euro e 50 centesimi) della zona Perdekloof fino ai 147 Rand al giorno (76 per i bambini) ovvero circa 9 e 5 euro, del Capo di Buona Speranza.<\/p>\n<p>Ad ogni modo vi invitiamo a vedere <strong>il sito ufficiale <a title=\"table mountain parco\" href=\"https:\/\/www.sanparks.org\/parks\/table_mountain\/\" target=\"_blank\" rel=\"noopener\">www.sanparks.org\/parks\/table_mountain\/<\/a><\/strong> per trovare le informazioni sempre aggiornate.<\/p>\n<p>Il Parco \u00e8 visitabile durante tutti i mesi dell\u2019anno; la prima settimana di agosto in genere \u00e8 chiusa la <strong>funivia che porta in cima alla Table Mountain<\/strong> ma \u00e8 comunque permesso l\u2019accesso se <a title=\"sudafrica trekking\" href=\"https:\/\/sudafrica.evolutiontravel.it\/infovacanze\/sport\/trekking-sui-monti\/\">fate trekking<\/a>.<\/p>\n<h2>Garden Route National Park<\/h2>\n<p>Il Garden Route National Park si trova a poca distanza dalla costa meridionale del Sudafrica <strong>lungo la Garden Route<\/strong>, l\u2019itinerario che costeggia il mare da est a ovest collegando Cape Town con Port Elizabeth: quest\u2019ultima \u00e8 a circa 200 chilometri a est del Garden Route Park.<\/p>\n<p><strong>Il costo del biglietto giornaliero<\/strong> per il Garden Route dipende dalla sezione del parco e va dai 97 Rand per adulti e 49 per bambini (circa 6 e 3 euro) fino ai 218 e 109 Rand (13 e 7 euro circa) per la Tsitsikamma Section. Per le informazioni aggiornate vistate il sito web ufficiale: <a title=\"sito web parco\" href=\"https:\/\/www.sanparks.org\/parks\/garden_route\/\" target=\"_blank\" rel=\"noopener\">www.sanparks.org\/parks\/garden_route\/<\/a>.<\/p>\n<p>Il Garden Route \u00e8 aperto tutto l\u2019anno e si pu\u00f2 visitare sempre, ma se volete avere la possibilit\u00e0 di <strong>avvistare balene<\/strong> dovete andare durante la <strong>nostra estate<\/strong>, che per\u00f2 in zona pu\u00f2 essere piovosa.<\/p>\n<h2>Karoo National Park<\/h2>\n<p>Il Karoo National Park si trova nella regione sud occidentale del Sudafrica, il <strong>Western Cape<\/strong>, circa 400 chilometri a nord est di Cape Town.<br \/>\nL\u2019<strong>ingresso giornaliero<\/strong> parco costa 194 Rand per gli adulti e 97 per i bambini (11 e 5 euro circa); qui <a title=\"karoo sito web ufficiale\" href=\"https:\/\/www.sanparks.org\/parks\/karoo\/\" target=\"_blank\" rel=\"noopener\">www.sanparks.org\/parks\/karoo\/<\/a> trovate maggiori informazioni sui biglietti.<\/p>\n<p>Il parco nazionale Karoo \u00e8 <strong>visitabile tutto l\u2019anno<\/strong> senza particolari criticit\u00e0 in termini climatici ma date comunque un&#8217;occhiata anche all&#8217;articolo intitolato &#8220;<a title=\"sudafrica periodo migliore\" href=\"https:\/\/sudafrica.evolutiontravel.it\/infovacanze\/utilita\/migliori-stagioni\/\">quando andare in Sudafrica<\/a>&#8221; perch\u00e8 le stagioni qui sono invertite rispetto alle nostre.<\/p>\n<h2>West Coast National Park<\/h2>\n<p>Anche il West Coast National Park si trova nella regione del Western Cape, affacciato sul mare a un <strong>centinaio di chilometri a nord di Cape Town<\/strong>. <strong>L\u2019ingresso giornaliero varia a seconda della stagione<\/strong> e va dagli 81 Rand per gli adulti e 41 per i bambini (5 e 2 euro circa) della stagione non in fioritura fino ai 172 Rand per gli adulti e 86 per i bambini (10 e 5 euro) durante la fioritura.<\/p>\n<p>Il sito web ufficiale <a title=\"west coast sito web\" href=\"https:\/\/www.sanparks.org\/parks\/west_coast\/\">www.sanparks.org\/parks\/west_coast\/<\/a> \u00e8 aggiornato costantemente e il parco \u00e8 visitabile durante tutto l\u2019anno grazie alle favorevoli condizioni meteo della zona.<\/p>\n<h2>Mountain Zebra National Park<\/h2>\n<p>Questo parco \u00e8 nella regione di <strong>Eastern Cape<\/strong>, circa <strong>250 km da Port Elizabeth<\/strong>, al limite del Grande Karoo.<br \/>\n<strong>L\u2019ingresso giornaliero<\/strong> allo Zebra Park costa 194 Rand per gli adulti e 97 per i bambini (circa 12 e 6 euro) e anche qui il clima permette di visitarlo tranquillamente tutto l\u2019anno.<\/p>\n<h2>Pilanesberg National Park<\/h2>\n<p>Il Pilanesberg National Park si trova nella regione settentrionale del <strong>Sudafrica, nella provincia di North West<\/strong>, a circa 200 km a nord ovest di Pretoria.<\/p>\n<p><strong>Il biglietto giornalier<\/strong>o ha un costo \u00e8 di 110 Rand per gli adulti, 30 per i bambini e 40 per l\u2019eventuale veicolo (rispettivamente circa 6 euro, 2 euro e 3 euro). Consultate il sito web ufficiale <a title=\"sito web ufficiale parco\" href=\"https:\/\/www.pilanesbergnationalpark.org\/\" target=\"_blank\" rel=\"noopener\">www.pilanesbergnationalpark.org<\/a> per avere sempre informazioni aggiornate.<\/p>\n<p style=\"text-align: justify\">A prescindere dal parco sudafricano scelto, in ogni caso potrete partecipare sia a uno dei <strong>tanti tour di gruppo<\/strong> organizzati dalle guide oppure <strong>noleggiare un&#8217;auto<\/strong> ed esplorare il parco in completa autonomia e libert\u00e0, oppure optare per viaggi dedicati al trekking.<\/p>\n<p style=\"text-align: justify\">Entrambe le scelte presentano dei vantaggi:<\/p>\n<ol>\n<li style=\"text-align: justify\">per il tour dei parchi in gruppo vi sentirete pi\u00f9 al sicuro probabilmente e quindi\u00a0 potrete apprezzare appieno la natura e il paesaggio del parco.<\/li>\n<li style=\"text-align: justify\">Con il noleggio dell&#8217;auto non dovrete partecipare a tour affollati e potrete scoprire in tutta calma e libert\u00e0 le bellezze del parco.<\/li>\n<\/ol>\n<p style=\"text-align: justify\">Ci sono anche <strong>riserve private<\/strong>, abbastanza costose, che offrono diverse comodit\u00e0 e servizi, fra i quali la possibilit\u00e0 di avere libert\u00e0 assoluta nella personalizzazione delle attivit\u00e0.<\/p>\n<p style=\"text-align: justify\">La Nazione Arcobaleno vi sorprender\u00e0 con i suoi colori e le sue mille sfumature, potrete ammirare <a title=\"fiumi sudafrica\" href=\"https:\/\/sudafrica.evolutiontravel.it\/infovacanze\/natura\/idrologia\/\"><strong>paesaggi mozzafiato, una natura lussureggiante<\/strong><\/a> e i coinvolgenti <strong>tramonti nei bush<\/strong>, ammirare gli <strong>animali nel loro ambiente naturale<\/strong> e vivere un\u2019esperienza indimenticabile!<\/p>\n<p style=\"text-align: justify\">Per quanto riguarda <strong>l\u2019abbigliamento<\/strong>, l\u2019ideale \u00e8 <strong>vestirsi a strati<\/strong>: nonostante le giornate possano essere molto calde, l\u2019escursione termica durante la notte \u00e8 notevole. Se prevedete di avventurarvi in un&#8217;escursione notturna o alle prime luci dell\u2019alba, ricordatevi di portare con voi abiti caldi e pesanti. Volete fare escursioni e safari <strong>con i vostri bambini<\/strong>? Nessun problema, leggete qui: &#8220;<a title=\"sudafrica con bambini\" href=\"https:\/\/sudafrica.evolutiontravel.it\/infovacanze\/itinerari\/con-bambini\/\"><em><u>In Sudafrica con i bambini<\/u><\/em><\/a>&#8220;<\/p>\n<p>&nbsp;<\/p>\n<h3 style=\"text-align: center\"><strong><span style=\"color: #008000\">OFFERTE IMPERDIBILI PER IL SUDAFRICA<\/span><br \/>\n<\/strong><\/h3>\n<p style=\"text-align: center\"><strong>Da Evolution Travel le migliori offerte viaggi e vacanze!<\/strong><\/p>\n<p style=\"text-align: center\"><strong><span style=\"color: #008000\">CLICCA E SCOPRI SUBITO<\/span><\/strong>: programma, foto, commenti, itinerari e altro!<\/p>\n<div class=\"feedzy-de8d6bcc6e713927396cbef5c188ff29 feedzy-rss\">\n\t\t<ul class=\"feedzy-style2\">\n\t\t\t\t\t<li  style=\"padding: 23px 0 38px\" class=\"rss_item feedzy-rss-col-3\" >\n\t\t\t\t\t\t\t\t\t<div class=\"rss_image\" style=\"width:225px; height:225px;\">\n\t\t\t\t\t\t<a href=\"https:\/\/sudafrica.evolutiontravel.it\/it_IT\/893\/tab\/39396_kruger-e-cape-town.html\" target=\"_blank\" \n\t\t\t\t\t\t\trel=\"noopener \"\n\t\t\t\t\t\t\ttitle=\"Kruger e Cape Town\"\n\t\t\t\t\t\t\tstyle=\"width:225px; height:225px;\">\n\t\t\t\t\t\t\t<span class=\"fetched\" style=\"background-image:  url('http:\/\/etcdn.net\/thumbnails\/27782\/it-cape-town-fly-and-drive-in-tour-nella-regione-del-capo-70381.jpg');\" title=\"Kruger e Cape Town\"><\/span><amp-img width=\"225\" height=\"225\" src=\"http:\/\/etcdn.net\/thumbnails\/27782\/it-cape-town-fly-and-drive-in-tour-nella-regione-del-capo-70381.jpg\">\t\t\t\t\t\t<\/a>\n\t\t\t\t\t<\/div>\n\t\t\t\t\t\t\t\t<div class=\"rss_content_wrap\">\n\t\t\t\t\t<span class=\"title\">\n\t\t\t\t\t\t<a href=\"https:\/\/sudafrica.evolutiontravel.it\/it_IT\/893\/tab\/39396_kruger-e-cape-town.html\" target=\"_blank\"  rel=\"noopener \">\n\t\t\t\t\t\t\tKruger e Cape Town\t\t\t\t\t\t<\/a>\n\t\t\t\t\t<\/span>\n\t\t\t\t\t<div class=\"rss_content\"\n\t\t\t\t\t\t\tstyle=\"\">\n\t\t\t\t\t\t\n\t\t\t\t\t\t\t\t\t\t\t\t<p class=\"description\">un classico tour che abbina il safari nel parco con la visita del capo<\/p>\n\t\t\t\t\t\t\n\t\t\t\t\t\t\t\t\t\t\t\t\t\t\t\t\t\t\t<div class=\"price-wrap\">\n\t\t\t\t\t\t\t\t<a href=\"https:\/\/sudafrica.evolutiontravel.it\/it_IT\/893\/tab\/39396_kruger-e-cape-town.html\" target=\"_blank\" rel=\"noopener\"><button class=\"price\"> 2500<\/button><\/a>\n\t\t\t\t\t\t\t<\/div>\n\t\t\t\t\t\t\t\t\t\t\t<\/div>\n\t\t\t\t<\/div>\n\t\t\t<\/li>\n\t\t\t\t\t\t<li  style=\"padding: 23px 0 38px\" class=\"rss_item feedzy-rss-col-3\" >\n\t\t\t\t\t\t\t\t\t<div class=\"rss_image\" style=\"width:225px; height:225px;\">\n\t\t\t\t\t\t<a href=\"https:\/\/sudafrica.evolutiontravel.it\/it_IT\/893\/tab\/39400_safari-di-lusso-kruger-area.html\" target=\"_blank\" \n\t\t\t\t\t\t\trel=\"noopener \"\n\t\t\t\t\t\t\ttitle=\"Safari di Lusso - Kruger area\"\n\t\t\t\t\t\t\tstyle=\"width:225px; height:225px;\">\n\t\t\t\t\t\t\t<span class=\"fetched\" style=\"background-image:  url('http:\/\/etcdn.net\/thumbnails\/28766\/it-cape-town-south-africa-per-tutti-56708.jpg');\" title=\"Safari di Lusso - Kruger area\"><\/span><amp-img width=\"225\" height=\"225\" src=\"http:\/\/etcdn.net\/thumbnails\/28766\/it-cape-town-south-africa-per-tutti-56708.jpg\">\t\t\t\t\t\t<\/a>\n\t\t\t\t\t<\/div>\n\t\t\t\t\t\t\t\t<div class=\"rss_content_wrap\">\n\t\t\t\t\t<span class=\"title\">\n\t\t\t\t\t\t<a href=\"https:\/\/sudafrica.evolutiontravel.it\/it_IT\/893\/tab\/39400_safari-di-lusso-kruger-area.html\" target=\"_blank\"  rel=\"noopener \">\n\t\t\t\t\t\t\tSafari di Lusso - Kruger area\t\t\t\t\t\t<\/a>\n\t\t\t\t\t<\/span>\n\t\t\t\t\t<div class=\"rss_content\"\n\t\t\t\t\t\t\tstyle=\"\">\n\t\t\t\t\t\t\n\t\t\t\t\t\t\t\t\t\t\t\t<p class=\"description\">Un viaggio indimenticabile, totalmente dedicato a chi ama il lusso e non vuole lasciare nulla al caso. Vi troverete a contatto [&hellip;]<\/p>\n\t\t\t\t\t\t\n\t\t\t\t\t\t\t\t\t\t\t\t\t\t\t\t\t\t\t<div class=\"price-wrap\">\n\t\t\t\t\t\t\t\t<a href=\"https:\/\/sudafrica.evolutiontravel.it\/it_IT\/893\/tab\/39400_safari-di-lusso-kruger-area.html\" target=\"_blank\" rel=\"noopener\"><button class=\"price\"> 2000<\/button><\/a>\n\t\t\t\t\t\t\t<\/div>\n\t\t\t\t\t\t\t\t\t\t\t<\/div>\n\t\t\t\t<\/div>\n\t\t\t<\/li>\n\t\t\t\t\t\t<li  style=\"padding: 23px 0 38px\" class=\"rss_item feedzy-rss-col-3\" >\n\t\t\t\t\t\t\t\t\t<div class=\"rss_image\" style=\"width:225px; height:225px;\">\n\t\t\t\t\t\t<a href=\"https:\/\/sudafrica.evolutiontravel.it\/it_IT\/893\/tab\/39389_self-drive-nella-regione-del-capo-e-garden-route.html\" target=\"_blank\" \n\t\t\t\t\t\t\trel=\"noopener \"\n\t\t\t\t\t\t\ttitle=\"Self drive nella Regione del Capo e garden route\"\n\t\t\t\t\t\t\tstyle=\"width:225px; height:225px;\">\n\t\t\t\t\t\t\t<span class=\"fetched\" style=\"background-image:  url('http:\/\/etcdn.net\/thumbnails\/27782\/it-cape-town-fly-and-drive-in-tour-nella-regione-del-capo-70382.jpg');\" title=\"Self drive nella Regione del Capo e garden route\"><\/span><amp-img width=\"225\" height=\"225\" src=\"http:\/\/etcdn.net\/thumbnails\/27782\/it-cape-town-fly-and-drive-in-tour-nella-regione-del-capo-70382.jpg\">\t\t\t\t\t\t<\/a>\n\t\t\t\t\t<\/div>\n\t\t\t\t\t\t\t\t<div class=\"rss_content_wrap\">\n\t\t\t\t\t<span class=\"title\">\n\t\t\t\t\t\t<a href=\"https:\/\/sudafrica.evolutiontravel.it\/it_IT\/893\/tab\/39389_self-drive-nella-regione-del-capo-e-garden-route.html\" target=\"_blank\"  rel=\"noopener \">\n\t\t\t\t\t\t\tSelf drive nella Regione del Capo e garden route\t\t\t\t\t\t<\/a>\n\t\t\t\t\t<\/span>\n\t\t\t\t\t<div class=\"rss_content\"\n\t\t\t\t\t\t\tstyle=\"\">\n\t\t\t\t\t\t\n\t\t\t\t\t\t\t\t\t\t\t\t<p class=\"description\">Lasciatevi accogliere dall'anima viva e dallo spettacolo di un paese straordinario: i suoni, la natura, il soffio del vento e le [&hellip;]<\/p>\n\t\t\t\t\t\t\n\t\t\t\t\t\t\t\t\t\t\t\t\t\t\t\t\t\t\t<div class=\"price-wrap\">\n\t\t\t\t\t\t\t\t<a href=\"https:\/\/sudafrica.evolutiontravel.it\/it_IT\/893\/tab\/39389_self-drive-nella-regione-del-capo-e-garden-route.html\" target=\"_blank\" rel=\"noopener\"><button class=\"price\"> 2400<\/button><\/a>\n\t\t\t\t\t\t\t<\/div>\n\t\t\t\t\t\t\t\t\t\t\t<\/div>\n\t\t\t\t<\/div>\n\t\t\t<\/li>\n\t\t\t\t<\/ul>\n<\/div>\n<style type=\"text\/css\" media=\"all\">.feedzy-rss .rss_item .rss_image{float:left;position:relative;border:none;text-decoration:none;max-width:100%}.feedzy-rss .rss_item .rss_image span{display:inline-block;position:absolute;width:100%;height:100%;background-position:50%;background-size:cover}.feedzy-rss .rss_item .rss_image{margin:.3em 1em 0 0;content-visibility:auto}.feedzy-rss ul{list-style:none}.feedzy-rss ul li{display:inline-block}<\/style>\n","protected":false},"excerpt":{"rendered":"<p>Tra le attrazioni naturali del Sudafrica i parchi sono quelle in assoluto pi\u00f9 gettonate, di fatto il Sudafrica \u00e8 sinonimo di natura e animali. Quindi chi sceglie questo paese come destinazione del viaggio \u00e8 perch\u00e8 sicuramente vuole vivere il mare, fare safari ed escursioni alla scoperta della flora e fauna delle sue riserve, dei famosi <a class=\"moretag\" href=\"https:\/\/sudafrica.evolutiontravel.it\/infovacanze\/itinerari\/parchi\/\">[&#8230;]<\/a><\/p>\n","protected":false},"author":6,"featured_media":0,"parent":36,"menu_order":0,"comment_status":"closed","ping_status":"closed","template":"templates\/template-with-right-sidebar.php","meta":{"footnotes":""},"yoast_head":"<!-- This site is optimized with the Yoast SEO plugin v21.9.1 - https:\/\/yoast.com\/wordpress\/plugins\/seo\/ -->\n<title>Parchi sudafricani: tour delle riserve per vedere i Big Five<\/title>\n<meta name=\"description\" content=\"I parchi sudafricani dove avventurarsi per tour indimenticabili, in gruppo, da soli o con tutta la famiglia. Leggi il nostro articolo!\" \/>\n<meta name=\"robots\" content=\"index, follow, max-snippet:-1, max-image-preview:large, max-video-preview:-1\" \/>\n<link rel=\"canonical\" href=\"https:\/\/sudafrica.evolutiontravel.it\/infovacanze\/itinerari\/parchi\/\" \/>\n<meta property=\"og:locale\" content=\"it_IT\" \/>\n<meta property=\"og:type\" content=\"article\" \/>\n<meta property=\"og:title\" content=\"Parchi sudafricani: tour delle riserve per vedere i Big Five\" \/>\n<meta property=\"og:description\" content=\"I parchi sudafricani dove avventurarsi per tour indimenticabili, in gruppo, da soli o con tutta la famiglia. Leggi il nostro articolo!\" \/>\n<meta property=\"og:url\" content=\"https:\/\/sudafrica.evolutiontravel.it\/infovacanze\/itinerari\/parchi\/\" \/>\n<meta property=\"og:site_name\" content=\"Sudafrica\" \/>\n<meta property=\"article:modified_time\" content=\"2018-10-23T08:21:21+00:00\" \/>\n<meta property=\"og:image\" content=\"https:\/\/sudafrica.evolutiontravel.it\/infovacanze\/wp-content\/uploads\/sites\/28\/2016\/03\/Kruger-National-Park-1.jpg\" \/>\n<meta name=\"twitter:card\" content=\"summary_large_image\" \/>\n<meta name=\"twitter:label1\" content=\"Tempo di lettura stimato\" \/>\n\t<meta name=\"twitter:data1\" content=\"6 minuti\" \/>\n<script type=\"application\/ld+json\" class=\"yoast-schema-graph\">{\"@context\":\"https:\/\/schema.org\",\"@graph\":[{\"@type\":\"WebPage\",\"@id\":\"https:\/\/sudafrica.evolutiontravel.it\/infovacanze\/itinerari\/parchi\/\",\"url\":\"https:\/\/sudafrica.evolutiontravel.it\/infovacanze\/itinerari\/parchi\/\",\"name\":\"Parchi sudafricani: tour delle riserve per vedere i Big Five\",\"isPartOf\":{\"@id\":\"https:\/\/sudafrica.evolutiontravel.it\/infovacanze\/#website\"},\"datePublished\":\"2016-03-22T14:21:42+00:00\",\"dateModified\":\"2018-10-23T08:21:21+00:00\",\"description\":\"I parchi sudafricani dove avventurarsi per tour indimenticabili, in gruppo, da soli o con tutta la famiglia. Leggi il nostro articolo!\",\"breadcrumb\":{\"@id\":\"https:\/\/sudafrica.evolutiontravel.it\/infovacanze\/itinerari\/parchi\/#breadcrumb\"},\"inLanguage\":\"it-IT\",\"potentialAction\":[{\"@type\":\"ReadAction\",\"target\":[\"https:\/\/sudafrica.evolutiontravel.it\/infovacanze\/itinerari\/parchi\/\"]}]},{\"@type\":\"BreadcrumbList\",\"@id\":\"https:\/\/sudafrica.evolutiontravel.it\/infovacanze\/itinerari\/parchi\/#breadcrumb\",\"itemListElement\":[{\"@type\":\"ListItem\",\"position\":1,\"name\":\"Home\",\"item\":\"https:\/\/sudafrica.evolutiontravel.it\/infovacanze\/\"},{\"@type\":\"ListItem\",\"position\":2,\"name\":\"Itinerari in Sudafrica\",\"item\":\"https:\/\/sudafrica.evolutiontravel.it\/infovacanze\/itinerari\/\"},{\"@type\":\"ListItem\",\"position\":3,\"name\":\"Parchi del Sudafrica\"}]},{\"@type\":\"WebSite\",\"@id\":\"https:\/\/sudafrica.evolutiontravel.it\/infovacanze\/#website\",\"url\":\"https:\/\/sudafrica.evolutiontravel.it\/infovacanze\/\",\"name\":\"Sudafrica\",\"description\":\"\",\"potentialAction\":[{\"@type\":\"SearchAction\",\"target\":{\"@type\":\"EntryPoint\",\"urlTemplate\":\"https:\/\/sudafrica.evolutiontravel.it\/infovacanze\/?s={search_term_string}\"},\"query-input\":\"required name=search_term_string\"}],\"inLanguage\":\"it-IT\"}]}<\/script>\n<!-- \/ Yoast SEO plugin. -->","yoast_head_json":{"title":"Parchi sudafricani: tour delle riserve per vedere i Big Five","description":"I parchi sudafricani dove avventurarsi per tour indimenticabili, in gruppo, da soli o con tutta la famiglia. Leggi il nostro articolo!","robots":{"index":"index","follow":"follow","max-snippet":"max-snippet:-1","max-image-preview":"max-image-preview:large","max-video-preview":"max-video-preview:-1"},"canonical":"https:\/\/sudafrica.evolutiontravel.it\/infovacanze\/itinerari\/parchi\/","og_locale":"it_IT","og_type":"article","og_title":"Parchi sudafricani: tour delle riserve per vedere i Big Five","og_description":"I parchi sudafricani dove avventurarsi per tour indimenticabili, in gruppo, da soli o con tutta la famiglia. Leggi il nostro articolo!","og_url":"https:\/\/sudafrica.evolutiontravel.it\/infovacanze\/itinerari\/parchi\/","og_site_name":"Sudafrica","article_modified_time":"2018-10-23T08:21:21+00:00","og_image":[{"url":"https:\/\/sudafrica.evolutiontravel.it\/infovacanze\/wp-content\/uploads\/sites\/28\/2016\/03\/Kruger-National-Park-1.jpg"}],"twitter_card":"summary_large_image","twitter_misc":{"Tempo di lettura stimato":"6 minuti"},"schema":{"@context":"https:\/\/schema.org","@graph":[{"@type":"WebPage","@id":"https:\/\/sudafrica.evolutiontravel.it\/infovacanze\/itinerari\/parchi\/","url":"https:\/\/sudafrica.evolutiontravel.it\/infovacanze\/itinerari\/parchi\/","name":"Parchi sudafricani: tour delle riserve per vedere i Big Five","isPartOf":{"@id":"https:\/\/sudafrica.evolutiontravel.it\/infovacanze\/#website"},"datePublished":"2016-03-22T14:21:42+00:00","dateModified":"2018-10-23T08:21:21+00:00","description":"I parchi sudafricani dove avventurarsi per tour indimenticabili, in gruppo, da soli o con tutta la famiglia. Leggi il nostro articolo!","breadcrumb":{"@id":"https:\/\/sudafrica.evolutiontravel.it\/infovacanze\/itinerari\/parchi\/#breadcrumb"},"inLanguage":"it-IT","potentialAction":[{"@type":"ReadAction","target":["https:\/\/sudafrica.evolutiontravel.it\/infovacanze\/itinerari\/parchi\/"]}]},{"@type":"BreadcrumbList","@id":"https:\/\/sudafrica.evolutiontravel.it\/infovacanze\/itinerari\/parchi\/#breadcrumb","itemListElement":[{"@type":"ListItem","position":1,"name":"Home","item":"https:\/\/sudafrica.evolutiontravel.it\/infovacanze\/"},{"@type":"ListItem","position":2,"name":"Itinerari in Sudafrica","item":"https:\/\/sudafrica.evolutiontravel.it\/infovacanze\/itinerari\/"},{"@type":"ListItem","position":3,"name":"Parchi del Sudafrica"}]},{"@type":"WebSite","@id":"https:\/\/sudafrica.evolutiontravel.it\/infovacanze\/#website","url":"https:\/\/sudafrica.evolutiontravel.it\/infovacanze\/","name":"Sudafrica","description":"","potentialAction":[{"@type":"SearchAction","target":{"@type":"EntryPoint","urlTemplate":"https:\/\/sudafrica.evolutiontravel.it\/infovacanze\/?s={search_term_string}"},"query-input":"required name=search_term_string"}],"inLanguage":"it-IT"}]}},"_links":{"self":[{"href":"https:\/\/sudafrica.evolutiontravel.it\/infovacanze\/wp-json\/wp\/v2\/pages\/66"}],"collection":[{"href":"https:\/\/sudafrica.evolutiontravel.it\/infovacanze\/wp-json\/wp\/v2\/pages"}],"about":[{"href":"https:\/\/sudafrica.evolutiontravel.it\/infovacanze\/wp-json\/wp\/v2\/types\/page"}],"author":[{"embeddable":true,"href":"https:\/\/sudafrica.evolutiontravel.it\/infovacanze\/wp-json\/wp\/v2\/users\/6"}],"replies":[{"embeddable":true,"href":"https:\/\/sudafrica.evolutiontravel.it\/infovacanze\/wp-json\/wp\/v2\/comments?post=66"}],"version-history":[{"count":20,"href":"https:\/\/sudafrica.evolutiontravel.it\/infovacanze\/wp-json\/wp\/v2\/pages\/66\/revisions"}],"predecessor-version":[{"id":617,"href":"https:\/\/sudafrica.evolutiontravel.it\/infovacanze\/wp-json\/wp\/v2\/pages\/66\/revisions\/617"}],"up":[{"embeddable":true,"href":"https:\/\/sudafrica.evolutiontravel.it\/infovacanze\/wp-json\/wp\/v2\/pages\/36"}],"wp:attachment":[{"href":"https:\/\/sudafrica.evolutiontravel.it\/infovacanze\/wp-json\/wp\/v2\/media?parent=66"}],"curies":[{"name":"wp","href":"https:\/\/api.w.org\/{rel}","templated":true}]}}