{"id":68,"date":"2016-03-22T15:22:33","date_gmt":"2016-03-22T14:22:33","guid":{"rendered":"http:\/\/sudafrica.evolutiontravel.it\/infovacanze\/?page_id=68"},"modified":"2018-07-09T16:47:05","modified_gmt":"2018-07-09T14:47:05","slug":"consigli-utili","status":"publish","type":"page","link":"https:\/\/sudafrica.evolutiontravel.it\/infovacanze\/safari\/consigli-utili\/","title":{"rendered":"Safari sicuri, ecco i nostri consigli"},"content":{"rendered":"<p style=\"text-align: justify\">Ecco alcuni <strong>consigli <\/strong>per fare un <strong>safari in Sudafrica in totale sicurezza<\/strong> mentre se volete leggere l&#8217;articolo interamente dedicato alla sicurezza in questa destinazione cliccate qui: <a href=\"https:\/\/sudafrica.evolutiontravel.it\/infovacanze\/sicurezza\/\"><u>Il Sudafrica \u00e8 sicuro?<\/u><\/a><\/p>\n<p style=\"text-align: justify\">Per prima cosa <strong>non allontanatevi mai<\/strong> dal gruppo con il quale state facendo il safari, <strong>la vostra guida<\/strong> vi dar\u00e0 tutti i consigli opportuni per evitare spiacevoli inconvenienti ed \u00e8 quindi opportuno ascoltiate attentamente.<\/p>\n<p style=\"text-align: justify\">Bench\u00e8 ci siano milioni di turisti ogni anno che si recano in questi luoghi per fare questo tipo di escursioni, <strong>gli animali non sono ovviamente e giustamente abituati alle persone<\/strong>, un gesto che per noi pu\u00f2 essere inoffensivo pu\u00f2 per loro avere un significato diverso.<\/p>\n<p style=\"text-align: justify\">E\u2019 sempre consigliabile <strong>seguire alcune regole<\/strong> per non mettere a repentaglio la propria o l\u2019altrui sicurezza:<\/p>\n<ul>\n<li style=\"text-align: justify\"><strong>non fare troppo rumore<\/strong><\/li>\n<li style=\"text-align: justify\"><strong>non dare cibo agli animali<\/strong><\/li>\n<li style=\"text-align: justify\"><strong>non infastidirli.<\/strong><\/li>\n<\/ul>\n<p>Da non dimenticare \u00e8 <strong>un binocolo,<\/strong> per poter osservare gli animali anche da distanze elevate.<\/p>\n<p style=\"text-align: justify\"><strong>Cosa mettere in valigia?<\/strong> Un abbigliamento semplice, cio\u00e8 il classico <strong>stile a cipolla<\/strong>, stratificato.<\/p>\n<p style=\"text-align: justify\">In valigia mettete pantaloni lunghi, pantaloncini corti, jeans, canotte, t-shirt, maglie di cotone a maniche lunghe, felpe e maglioncini. Non dimenticate di portare una <strong>giacca impermeabile<\/strong>, in caso di pioggia e un cappello.<\/p>\n<p style=\"text-align: justify\">Ai piedi indossate <strong>scarpe da ginnastica<\/strong>, per la comodit\u00e0 nel camminare, se amate le escursioni trekking portatevi quelle apposite e un paio di sandali. Per la notte andr\u00e0 benissimo un pigiama lungo, possibilmente di cotone.<\/p>\n<p style=\"text-align: justify\">Il Sudafrica \u00e8 ricco di parchi, per questo motivo bisogna scegliere quello pi\u00f9 indicato ai propri desideri. I <strong>safari low cost<\/strong> sono quelli presi d&#8217;assalto dai turisti europei ma alzando un poco il budget si pu\u00f2 prendere a <strong>noleggio un&#8217;automobile<\/strong> per godersi pi\u00f9 in solitaria questa bellissima esperienza.<\/p>\n<p style=\"text-align: justify\">Ad esempio il <strong>Kruger National Park<\/strong> \u00e8 sempre affollato perch\u00e9 tutti i grandi animali vivono qui, parliamo di un&#8217;area grande come la nostra Lombardia. Qui \u00e8 possibile soggiornare in<strong> accampamenti base<\/strong>, decisamente spartani, o in cottage deluxe ben forniti, ma nel circondario ci sono citt\u00e0 come ad esempio Nelspruit, che rappresentano scelte indicate per chi preferisce soggiornare in hotel o in ostello.<\/p>\n<p style=\"text-align: justify\">Consigliamo anche il <strong>parco di Hluhluwe-iMfolozi<\/strong>, nel cuore dello Zululand, per i suoi splendidi paesaggi e la sua incantevoli fauna.<\/p>\n<h3 style=\"text-align: center\"><strong>&#8220;<span style=\"color: #008000\">SPECIALE SUDAFRICA<\/span>&#8221; &#8211; ULTIME OFFERTE DELLA SETTIMANA<br \/>\n<\/strong><\/h3>\n<p style=\"text-align: center\"><strong>Scopri tutti i dettagli dei nostri imperdibili viaggi: programma, foto, recensioni e altro!<\/strong><\/p>\n<div class=\"feedzy-97bc660db54d296e6e65e92a5bceb141 feedzy-rss\">\n\t\t<ul class=\"feedzy-style2\">\n\t\t\t\t\t<li  style=\"padding: 23px 0 38px\" class=\"rss_item feedzy-rss-col-3\" >\n\t\t\t\t\t\t\t\t\t<div class=\"rss_image\" style=\"width:225px; height:225px;\">\n\t\t\t\t\t\t<a href=\"https:\/\/sudafrica.evolutiontravel.it\/it_IT\/893\/tab\/28628_la-nazione-arcobaleno.html\" target=\"_blank\" \n\t\t\t\t\t\t\trel=\"noopener \"\n\t\t\t\t\t\t\ttitle=\"La nazione arcobaleno\"\n\t\t\t\t\t\t\tstyle=\"width:225px; height:225px;\">\n\t\t\t\t\t\t\t<span class=\"fetched\" style=\"background-image:  url('http:\/\/etcdn.net\/thumbnails\/28628\/it-johannesburg-la-nazione-arcobaleno-56354.jpg');\" title=\"La nazione arcobaleno\"><\/span><amp-img width=\"225\" height=\"225\" src=\"http:\/\/etcdn.net\/thumbnails\/28628\/it-johannesburg-la-nazione-arcobaleno-56354.jpg\">\t\t\t\t\t\t<\/a>\n\t\t\t\t\t<\/div>\n\t\t\t\t\t\t\t\t<div class=\"rss_content_wrap\">\n\t\t\t\t\t<span class=\"title\">\n\t\t\t\t\t\t<a href=\"https:\/\/sudafrica.evolutiontravel.it\/it_IT\/893\/tab\/28628_la-nazione-arcobaleno.html\" target=\"_blank\"  rel=\"noopener \">\n\t\t\t\t\t\t\tLa nazione arcobaleno\t\t\t\t\t\t<\/a>\n\t\t\t\t\t<\/span>\n\t\t\t\t\t<div class=\"rss_content\"\n\t\t\t\t\t\t\tstyle=\"\">\n\t\t\t\t\t\t\n\t\t\t\t\t\t\n\t\t\t\t\t\t\t\t\t\t\t\t\t\t\t\t\t\t\t<div class=\"price-wrap\">\n\t\t\t\t\t\t\t\t<a href=\"https:\/\/sudafrica.evolutiontravel.it\/it_IT\/893\/tab\/28628_la-nazione-arcobaleno.html\" target=\"_blank\" rel=\"noopener\"><button class=\"price\"> 2850<\/button><\/a>\n\t\t\t\t\t\t\t<\/div>\n\t\t\t\t\t\t\t\t\t\t\t<\/div>\n\t\t\t\t<\/div>\n\t\t\t<\/li>\n\t\t\t\t\t\t<li  style=\"padding: 23px 0 38px\" class=\"rss_item feedzy-rss-col-3\" >\n\t\t\t\t\t\t\t\t\t<div class=\"rss_image\" style=\"width:225px; height:225px;\">\n\t\t\t\t\t\t<a href=\"https:\/\/sudafrica.evolutiontravel.it\/it_IT\/893\/tab\/28750_south-african-explorer.html\" target=\"_blank\" \n\t\t\t\t\t\t\trel=\"noopener \"\n\t\t\t\t\t\t\ttitle=\"South African Explorer\"\n\t\t\t\t\t\t\tstyle=\"width:225px; height:225px;\">\n\t\t\t\t\t\t\t<span class=\"fetched\" style=\"background-image:  url('http:\/\/etcdn.net\/thumbnails\/28750\/it-johannesburg-south-african-explorer-566f8.jpg');\" title=\"South African Explorer\"><\/span><amp-img width=\"225\" height=\"225\" src=\"http:\/\/etcdn.net\/thumbnails\/28750\/it-johannesburg-south-african-explorer-566f8.jpg\">\t\t\t\t\t\t<\/a>\n\t\t\t\t\t<\/div>\n\t\t\t\t\t\t\t\t<div class=\"rss_content_wrap\">\n\t\t\t\t\t<span class=\"title\">\n\t\t\t\t\t\t<a href=\"https:\/\/sudafrica.evolutiontravel.it\/it_IT\/893\/tab\/28750_south-african-explorer.html\" target=\"_blank\"  rel=\"noopener \">\n\t\t\t\t\t\t\tSouth African Explorer\t\t\t\t\t\t<\/a>\n\t\t\t\t\t<\/span>\n\t\t\t\t\t<div class=\"rss_content\"\n\t\t\t\t\t\t\tstyle=\"\">\n\t\t\t\t\t\t\n\t\t\t\t\t\t\t\t\t\t\t\t<p class=\"description\">il viaggio grazie al quale \u00e8 possibile conoscere un Paese frizzante e multisfaccettato. T<\/p>\n\t\t\t\t\t\t\n\t\t\t\t\t\t\t\t\t\t\t\t\t\t\t\t\t\t\t<div class=\"price-wrap\">\n\t\t\t\t\t\t\t\t<a href=\"https:\/\/sudafrica.evolutiontravel.it\/it_IT\/893\/tab\/28750_south-african-explorer.html\" target=\"_blank\" rel=\"noopener\"><button class=\"price\"> 3790<\/button><\/a>\n\t\t\t\t\t\t\t<\/div>\n\t\t\t\t\t\t\t\t\t\t\t<\/div>\n\t\t\t\t<\/div>\n\t\t\t<\/li>\n\t\t\t\t\t\t<li  style=\"padding: 23px 0 38px\" class=\"rss_item feedzy-rss-col-3\" >\n\t\t\t\t\t\t\t\t\t<div class=\"rss_image\" style=\"width:225px; height:225px;\">\n\t\t\t\t\t\t<a href=\"https:\/\/sudafrica.evolutiontravel.it\/it_IT\/893\/tab\/28646_fra-animali-e-citta.html\" target=\"_blank\" \n\t\t\t\t\t\t\trel=\"noopener \"\n\t\t\t\t\t\t\ttitle=\"Fra animali e citt\u00e0\"\n\t\t\t\t\t\t\tstyle=\"width:225px; height:225px;\">\n\t\t\t\t\t\t\t<span class=\"fetched\" style=\"background-image:  url('http:\/\/etcdn.net\/thumbnails\/28646\/it-johannesburg-fra-animali-e-citta-5658f.jpg');\" title=\"Fra animali e citt\u00e0\"><\/span><amp-img width=\"225\" height=\"225\" src=\"http:\/\/etcdn.net\/thumbnails\/28646\/it-johannesburg-fra-animali-e-citta-5658f.jpg\">\t\t\t\t\t\t<\/a>\n\t\t\t\t\t<\/div>\n\t\t\t\t\t\t\t\t<div class=\"rss_content_wrap\">\n\t\t\t\t\t<span class=\"title\">\n\t\t\t\t\t\t<a href=\"https:\/\/sudafrica.evolutiontravel.it\/it_IT\/893\/tab\/28646_fra-animali-e-citta.html\" target=\"_blank\"  rel=\"noopener \">\n\t\t\t\t\t\t\tFra animali e citt\u00e0\t\t\t\t\t\t<\/a>\n\t\t\t\t\t<\/span>\n\t\t\t\t\t<div class=\"rss_content\"\n\t\t\t\t\t\t\tstyle=\"\">\n\t\t\t\t\t\t\n\t\t\t\t\t\t\t\t\t\t\t\t<p class=\"description\">Viaggio self drive o con guida che ci porter\u00e0 a scoprire la natura del sudafrica e la cosmopolita Citt\u00e0 del Capo.<\/p>\n\t\t\t\t\t\t\n\t\t\t\t\t\t\t\t\t\t\t\t\t\t\t\t\t\t\t<div class=\"price-wrap\">\n\t\t\t\t\t\t\t\t<a href=\"https:\/\/sudafrica.evolutiontravel.it\/it_IT\/893\/tab\/28646_fra-animali-e-citta.html\" target=\"_blank\" rel=\"noopener\"><button class=\"price\"> 2440<\/button><\/a>\n\t\t\t\t\t\t\t<\/div>\n\t\t\t\t\t\t\t\t\t\t\t<\/div>\n\t\t\t\t<\/div>\n\t\t\t<\/li>\n\t\t\t\t<\/ul>\n<\/div>\n<style type=\"text\/css\" media=\"all\">.feedzy-rss .rss_item .rss_image{float:left;position:relative;border:none;text-decoration:none;max-width:100%}.feedzy-rss .rss_item .rss_image span{display:inline-block;position:absolute;width:100%;height:100%;background-position:50%;background-size:cover}.feedzy-rss .rss_item .rss_image{margin:.3em 1em 0 0;content-visibility:auto}.feedzy-rss ul{list-style:none}.feedzy-rss ul li{display:inline-block}<\/style>\n","protected":false},"excerpt":{"rendered":"<p>Ecco alcuni consigli per fare un safari in Sudafrica in totale sicurezza mentre se volete leggere l&#8217;articolo interamente dedicato alla sicurezza in questa destinazione cliccate qui: Il Sudafrica \u00e8 sicuro? Per prima cosa non allontanatevi mai dal gruppo con il quale state facendo il safari, la vostra guida vi dar\u00e0 tutti i consigli opportuni per <a class=\"moretag\" href=\"https:\/\/sudafrica.evolutiontravel.it\/infovacanze\/safari\/consigli-utili\/\">[&#8230;]<\/a><\/p>\n","protected":false},"author":6,"featured_media":0,"parent":38,"menu_order":0,"comment_status":"closed","ping_status":"closed","template":"templates\/template-with-right-sidebar.php","meta":{"footnotes":""},"yoast_head":"<!-- This site is optimized with the Yoast SEO plugin v21.9.1 - https:\/\/yoast.com\/wordpress\/plugins\/seo\/ -->\n<title>Consigli per un safari in Sudafrica in totale sicurezza - Evolution Travel<\/title>\n<meta name=\"description\" content=\"Consigli utili per il tuo safari in totale sicurezza. Leggi il nostro articolo e parti per una vacanza emozionante!\" \/>\n<meta name=\"robots\" content=\"index, follow, max-snippet:-1, max-image-preview:large, max-video-preview:-1\" \/>\n<link rel=\"canonical\" href=\"https:\/\/sudafrica.evolutiontravel.it\/infovacanze\/safari\/consigli-utili\/\" \/>\n<meta property=\"og:locale\" content=\"it_IT\" \/>\n<meta property=\"og:type\" content=\"article\" \/>\n<meta property=\"og:title\" content=\"Consigli per un safari in Sudafrica in totale sicurezza - Evolution Travel\" \/>\n<meta property=\"og:description\" content=\"Consigli utili per il tuo safari in totale sicurezza. Leggi il nostro articolo e parti per una vacanza emozionante!\" \/>\n<meta property=\"og:url\" content=\"https:\/\/sudafrica.evolutiontravel.it\/infovacanze\/safari\/consigli-utili\/\" \/>\n<meta property=\"og:site_name\" content=\"Sudafrica\" \/>\n<meta property=\"article:modified_time\" content=\"2018-07-09T14:47:05+00:00\" \/>\n<meta name=\"twitter:card\" content=\"summary_large_image\" \/>\n<meta name=\"twitter:label1\" content=\"Tempo di lettura stimato\" \/>\n\t<meta name=\"twitter:data1\" content=\"2 minuti\" \/>\n<script type=\"application\/ld+json\" class=\"yoast-schema-graph\">{\"@context\":\"https:\/\/schema.org\",\"@graph\":[{\"@type\":\"WebPage\",\"@id\":\"https:\/\/sudafrica.evolutiontravel.it\/infovacanze\/safari\/consigli-utili\/\",\"url\":\"https:\/\/sudafrica.evolutiontravel.it\/infovacanze\/safari\/consigli-utili\/\",\"name\":\"Consigli per un safari in Sudafrica in totale sicurezza - Evolution Travel\",\"isPartOf\":{\"@id\":\"https:\/\/sudafrica.evolutiontravel.it\/infovacanze\/#website\"},\"datePublished\":\"2016-03-22T14:22:33+00:00\",\"dateModified\":\"2018-07-09T14:47:05+00:00\",\"description\":\"Consigli utili per il tuo safari in totale sicurezza. Leggi il nostro articolo e parti per una vacanza emozionante!\",\"breadcrumb\":{\"@id\":\"https:\/\/sudafrica.evolutiontravel.it\/infovacanze\/safari\/consigli-utili\/#breadcrumb\"},\"inLanguage\":\"it-IT\",\"potentialAction\":[{\"@type\":\"ReadAction\",\"target\":[\"https:\/\/sudafrica.evolutiontravel.it\/infovacanze\/safari\/consigli-utili\/\"]}]},{\"@type\":\"BreadcrumbList\",\"@id\":\"https:\/\/sudafrica.evolutiontravel.it\/infovacanze\/safari\/consigli-utili\/#breadcrumb\",\"itemListElement\":[{\"@type\":\"ListItem\",\"position\":1,\"name\":\"Home\",\"item\":\"https:\/\/sudafrica.evolutiontravel.it\/infovacanze\/\"},{\"@type\":\"ListItem\",\"position\":2,\"name\":\"Safari\",\"item\":\"https:\/\/sudafrica.evolutiontravel.it\/infovacanze\/safari\/\"},{\"@type\":\"ListItem\",\"position\":3,\"name\":\"Safari sicuri, ecco i nostri consigli\"}]},{\"@type\":\"WebSite\",\"@id\":\"https:\/\/sudafrica.evolutiontravel.it\/infovacanze\/#website\",\"url\":\"https:\/\/sudafrica.evolutiontravel.it\/infovacanze\/\",\"name\":\"Sudafrica\",\"description\":\"\",\"potentialAction\":[{\"@type\":\"SearchAction\",\"target\":{\"@type\":\"EntryPoint\",\"urlTemplate\":\"https:\/\/sudafrica.evolutiontravel.it\/infovacanze\/?s={search_term_string}\"},\"query-input\":\"required name=search_term_string\"}],\"inLanguage\":\"it-IT\"}]}<\/script>\n<!-- \/ Yoast SEO plugin. -->","yoast_head_json":{"title":"Consigli per un safari in Sudafrica in totale sicurezza - Evolution Travel","description":"Consigli utili per il tuo safari in totale sicurezza. Leggi il nostro articolo e parti per una vacanza emozionante!","robots":{"index":"index","follow":"follow","max-snippet":"max-snippet:-1","max-image-preview":"max-image-preview:large","max-video-preview":"max-video-preview:-1"},"canonical":"https:\/\/sudafrica.evolutiontravel.it\/infovacanze\/safari\/consigli-utili\/","og_locale":"it_IT","og_type":"article","og_title":"Consigli per un safari in Sudafrica in totale sicurezza - Evolution Travel","og_description":"Consigli utili per il tuo safari in totale sicurezza. Leggi il nostro articolo e parti per una vacanza emozionante!","og_url":"https:\/\/sudafrica.evolutiontravel.it\/infovacanze\/safari\/consigli-utili\/","og_site_name":"Sudafrica","article_modified_time":"2018-07-09T14:47:05+00:00","twitter_card":"summary_large_image","twitter_misc":{"Tempo di lettura stimato":"2 minuti"},"schema":{"@context":"https:\/\/schema.org","@graph":[{"@type":"WebPage","@id":"https:\/\/sudafrica.evolutiontravel.it\/infovacanze\/safari\/consigli-utili\/","url":"https:\/\/sudafrica.evolutiontravel.it\/infovacanze\/safari\/consigli-utili\/","name":"Consigli per un safari in Sudafrica in totale sicurezza - Evolution Travel","isPartOf":{"@id":"https:\/\/sudafrica.evolutiontravel.it\/infovacanze\/#website"},"datePublished":"2016-03-22T14:22:33+00:00","dateModified":"2018-07-09T14:47:05+00:00","description":"Consigli utili per il tuo safari in totale sicurezza. Leggi il nostro articolo e parti per una vacanza emozionante!","breadcrumb":{"@id":"https:\/\/sudafrica.evolutiontravel.it\/infovacanze\/safari\/consigli-utili\/#breadcrumb"},"inLanguage":"it-IT","potentialAction":[{"@type":"ReadAction","target":["https:\/\/sudafrica.evolutiontravel.it\/infovacanze\/safari\/consigli-utili\/"]}]},{"@type":"BreadcrumbList","@id":"https:\/\/sudafrica.evolutiontravel.it\/infovacanze\/safari\/consigli-utili\/#breadcrumb","itemListElement":[{"@type":"ListItem","position":1,"name":"Home","item":"https:\/\/sudafrica.evolutiontravel.it\/infovacanze\/"},{"@type":"ListItem","position":2,"name":"Safari","item":"https:\/\/sudafrica.evolutiontravel.it\/infovacanze\/safari\/"},{"@type":"ListItem","position":3,"name":"Safari sicuri, ecco i nostri consigli"}]},{"@type":"WebSite","@id":"https:\/\/sudafrica.evolutiontravel.it\/infovacanze\/#website","url":"https:\/\/sudafrica.evolutiontravel.it\/infovacanze\/","name":"Sudafrica","description":"","potentialAction":[{"@type":"SearchAction","target":{"@type":"EntryPoint","urlTemplate":"https:\/\/sudafrica.evolutiontravel.it\/infovacanze\/?s={search_term_string}"},"query-input":"required name=search_term_string"}],"inLanguage":"it-IT"}]}},"_links":{"self":[{"href":"https:\/\/sudafrica.evolutiontravel.it\/infovacanze\/wp-json\/wp\/v2\/pages\/68"}],"collection":[{"href":"https:\/\/sudafrica.evolutiontravel.it\/infovacanze\/wp-json\/wp\/v2\/pages"}],"about":[{"href":"https:\/\/sudafrica.evolutiontravel.it\/infovacanze\/wp-json\/wp\/v2\/types\/page"}],"author":[{"embeddable":true,"href":"https:\/\/sudafrica.evolutiontravel.it\/infovacanze\/wp-json\/wp\/v2\/users\/6"}],"replies":[{"embeddable":true,"href":"https:\/\/sudafrica.evolutiontravel.it\/infovacanze\/wp-json\/wp\/v2\/comments?post=68"}],"version-history":[{"count":16,"href":"https:\/\/sudafrica.evolutiontravel.it\/infovacanze\/wp-json\/wp\/v2\/pages\/68\/revisions"}],"predecessor-version":[{"id":545,"href":"https:\/\/sudafrica.evolutiontravel.it\/infovacanze\/wp-json\/wp\/v2\/pages\/68\/revisions\/545"}],"up":[{"embeddable":true,"href":"https:\/\/sudafrica.evolutiontravel.it\/infovacanze\/wp-json\/wp\/v2\/pages\/38"}],"wp:attachment":[{"href":"https:\/\/sudafrica.evolutiontravel.it\/infovacanze\/wp-json\/wp\/v2\/media?parent=68"}],"curies":[{"name":"wp","href":"https:\/\/api.w.org\/{rel}","templated":true}]}}